{"id":632,"date":"2025-06-21T15:53:09","date_gmt":"2025-06-21T13:53:09","guid":{"rendered":"https:\/\/shop.katnook.de\/produkt\/book-nook-diy-kit\/"},"modified":"2026-01-05T13:58:43","modified_gmt":"2026-01-05T12:58:43","slug":"book-nook-diy-kit","status":"publish","type":"product","link":"https:\/\/shop.katnook.de\/en\/product\/book-nook-diy-kit\/","title":{"rendered":"SVG digital Download f\u00fcr Book Nook mit Hauseingang"},"content":{"rendered":"<p>Erschaffe eine faszinierende Miniaturwelt mit dieser digitalen SVG-Schnittdatei! Dieses Design wurde speziell f\u00fcr Lasercut-Maschinen entwickelt und erm\u00f6glicht es Dir, einen detaillierten BookNook mit einem charmanten Hauseingang zu erstellen. Dieses BookNook ist perfekt, um zwischen Deinen B\u00fcchern platziert zu werden und Deine B\u00fccherregale in eine magische Kulisse zu verwandeln.<\/p>\n<p><strong>Produktdetails:<\/strong><\/p>\n<ul>\n<li><strong>Ma\u00dfstab:<\/strong> Geeignet f\u00fcr g\u00e4ngige BookNook-Gr\u00f6\u00dfen<\/li>\n<li><strong>Dateityp:<\/strong> SVG (Scalable Vector Graphics)<\/li>\n<li><strong>Einsatzbereich:<\/strong> Lasergravur und Laserschneiden<\/li>\n<li><strong>Design:<\/strong> Detaillierter Hauseingang mit Treppen und \u00c4sten, der eine stimmungsvolle Szene darstellt.<\/li>\n<li><strong>Material:<\/strong> Geeignet f\u00fcr Materialien mit einer Dicke von 4 mm, wie z.B. Holz oder Acryl.<\/li>\n<\/ul>\n<p><strong>Wichtige Hinweise:<\/strong><\/p>\n<ul>\n<li><strong>Kein physisches Produkt:<\/strong> Du erh\u00e4ltst eine digitale Datei, die nach dem Kauf sofort heruntergeladen werden kann.<\/li>\n<li><strong>Nur zur pers\u00f6nlichen Nutzung:<\/strong> Diese Datei ist nur f\u00fcr Deinen pers\u00f6nlichen Gebrauch bestimmt und darf nicht weiterverkauft oder vervielf\u00e4ltigt werden.<\/li>\n<\/ul>\n<p>Verleihe Deinem B\u00fccherregal mit diesem einzigartigen BookNook einen besonderen Charme. Der Hauseingang sorgt f\u00fcr eine faszinierende, mystische Atmosph\u00e4re und ist ideal f\u00fcr DIY-Enthusiasten und BookNook-Liebhaber, die auf der Suche nach einem au\u00dfergew\u00f6hnlichen Dekoelement sind.<\/p>","protected":false},"excerpt":{"rendered":"<p>SVG digital Download f\u00fcr Book Nook mit Hauseingang<\/p>","protected":false},"featured_media":2513,"comment_status":"open","ping_status":"closed","template":"","meta":{"site-sidebar-layout":"default","site-content-layout":"","ast-site-content-layout":"default","site-content-style":"default","site-sidebar-style":"default","ast-global-header-display":"","ast-banner-title-visibility":"","ast-main-header-display":"","ast-hfb-above-header-display":"","ast-hfb-below-header-display":"","ast-hfb-mobile-header-display":"","site-post-title":"","ast-breadcrumbs-content":"","ast-featured-img":"","footer-sml-layout":"","ast-disable-related-posts":"","theme-transparent-header-meta":"default","adv-header-id-meta":"","stick-header-meta":"","header-above-stick-meta":"","header-main-stick-meta":"","header-below-stick-meta":"","astra-migrate-meta-layouts":"set","ast-page-background-enabled":"default","ast-page-background-meta":{"desktop":{"background-color":"var(--ast-global-color-5)","background-image":"","background-repeat":"repeat","background-position":"center center","background-size":"auto","background-attachment":"scroll","background-type":"","background-media":"","overlay-type":"","overlay-color":"","overlay-opacity":"","overlay-gradient":""},"tablet":{"background-color":"","background-image":"","background-repeat":"repeat","background-position":"center center","background-size":"auto","background-attachment":"scroll","background-type":"","background-media":"","overlay-type":"","overlay-color":"","overlay-opacity":"","overlay-gradient":""},"mobile":{"background-color":"","background-image":"","background-repeat":"repeat","background-position":"center center","background-size":"auto","background-attachment":"scroll","background-type":"","background-media":"","overlay-type":"","overlay-color":"","overlay-opacity":"","overlay-gradient":""}},"ast-content-background-meta":{"desktop":{"background-color":"var(--ast-global-color-4)","background-image":"","background-repeat":"repeat","background-position":"center center","background-size":"auto","background-attachment":"scroll","background-type":"","background-media":"","overlay-type":"","overlay-color":"","overlay-opacity":"","overlay-gradient":""},"tablet":{"background-color":"var(--ast-global-color-4)","background-image":"","background-repeat":"repeat","background-position":"center center","background-size":"auto","background-attachment":"scroll","background-type":"","background-media":"","overlay-type":"","overlay-color":"","overlay-opacity":"","overlay-gradient":""},"mobile":{"background-color":"var(--ast-global-color-4)","background-image":"","background-repeat":"repeat","background-position":"center center","background-size":"auto","background-attachment":"scroll","background-type":"","background-media":"","overlay-type":"","overlay-color":"","overlay-opacity":"","overlay-gradient":""}}},"product_brand":[],"product_cat":[398],"product_tag":[120,111,101,121,122,118,123,124,128,284,285,286],"class_list":{"0":"post-632","1":"product","2":"type-product","3":"status-publish","4":"has-post-thumbnail","6":"product_cat-svg-cut-miniarturen","7":"product_tag-book-nook","8":"product_tag-book-nooks","9":"product_tag-booknook","10":"product_tag-booknookart","11":"product_tag-booknookdiorama","12":"product_tag-booknookdiy","13":"product_tag-booknookideas","14":"product_tag-booknookinsert","15":"product_tag-nookbooks","16":"product_tag-svg-datei","17":"product_tag-svg-lasercut","18":"product_tag-svg-lasercut-file","19":"desktop-align-left","20":"tablet-align-left","21":"mobile-align-left","23":"first","24":"instock","25":"downloadable","26":"virtual","27":"purchasable","28":"product-type-simple"},"_links":{"self":[{"href":"https:\/\/shop.katnook.de\/en\/wp-json\/wp\/v2\/product\/632","targetHints":{"allow":["GET"]}}],"collection":[{"href":"https:\/\/shop.katnook.de\/en\/wp-json\/wp\/v2\/product"}],"about":[{"href":"https:\/\/shop.katnook.de\/en\/wp-json\/wp\/v2\/types\/product"}],"replies":[{"embeddable":true,"href":"https:\/\/shop.katnook.de\/en\/wp-json\/wp\/v2\/comments?post=632"}],"wp:featuredmedia":[{"embeddable":true,"href":"https:\/\/shop.katnook.de\/en\/wp-json\/wp\/v2\/media\/2513"}],"wp:attachment":[{"href":"https:\/\/shop.katnook.de\/en\/wp-json\/wp\/v2\/media?parent=632"}],"wp:term":[{"taxonomy":"product_brand","embeddable":true,"href":"https:\/\/shop.katnook.de\/en\/wp-json\/wp\/v2\/product_brand?post=632"},{"taxonomy":"product_cat","embeddable":true,"href":"https:\/\/shop.katnook.de\/en\/wp-json\/wp\/v2\/product_cat?post=632"},{"taxonomy":"product_tag","embeddable":true,"href":"https:\/\/shop.katnook.de\/en\/wp-json\/wp\/v2\/product_tag?post=632"}],"curies":[{"name":"wp","href":"https:\/\/api.w.org\/{rel}","templated":true}]}}