{"id":604,"date":"2025-06-21T15:52:58","date_gmt":"2025-06-21T13:52:58","guid":{"rendered":"https:\/\/shop.katnook.de\/produkt\/roombox-design-zimmer-am-meer-im-massstab-1-12-zum-drucken-und-basteln\/"},"modified":"2026-01-05T14:01:03","modified_gmt":"2026-01-05T13:01:03","slug":"roombox-design-zimmer-am-meer-im-massstab-1-12-zum-drucken-und-basteln","status":"publish","type":"product","link":"https:\/\/shop.katnook.de\/en\/product\/roombox-design-zimmer-am-meer-im-massstab-1-12-zum-drucken-und-basteln\/","title":{"rendered":"Roombox Design &#8222;Zimmer am Meer&#8220; im Ma\u00dfstab 1:12 zum Drucken und Basteln"},"content":{"rendered":"<p>Druckdatei: Miniatur Tapete, Wandverkleidung, Fussboden und Fenster f\u00fcr Roombox Diorama,\u00a0 Puppenhaus oder BookNook, zum ausdrucken und basteln<\/p>\n<p>Gr\u00f6\u00dfe: Ma\u00dfstab 1:12<\/p>\n<p><strong>Gestalte dein eigenes Strandhaus mit diesen Miniatur-Raumgestaltungselementen!<\/strong><\/p>\n<p>Mit der Druckdatei f\u00fcr Miniatur Tapete, Wandverkleidung, Fu\u00dfboden und Fenster wird das Gestalten deiner Roombox Diorama, deines Puppenhauses oder BookNook im Ma\u00dfstab 1:12 zum Kinderspiel.<\/p>\n<p><strong>Hier ist, was dich erwartet:<\/strong><\/p>\n<ul>\n<li><strong>Komplette Raumgestaltung:<\/strong> Erhalte eine vollst\u00e4ndige Raumgestaltung im Thema &#8222;Strandhaus&#8220;.<\/li>\n<li><strong>Vielf\u00e4ltige Designs:<\/strong> Zwei verschiedene Tapetendesigns mit Schiffen, erg\u00e4nzt durch halbhohe Holzvert\u00e4felungen und einen wei\u00dfen Holzfussboden.<\/li>\n<li><strong>Blick aufs Meer:<\/strong> Das detailreiche Fenster bietet einen einzigartigen Blick auf das Meer, perfekt f\u00fcr eine maritime Atmosph\u00e4re.<\/li>\n<li><strong>Unbegrenzter Ausdruck:<\/strong> Lade die Download-Dateien herunter und drucke sie auf DIN A4 Papier so oft aus, wie du m\u00f6chtest.<\/li>\n<\/ul>\n<p>Gestalte jeden Raum bis ins kleinste Detail und erschaffe mit diesen Miniaturen deine eigene entspannende Strandhaus-Oase. Perfekt f\u00fcr alle Liebhaber von Miniaturwelten und kreativen Bastlern, die ihre Visionen zum Leben erwecken m\u00f6chten.<\/p>\n<h4><\/h4>\n<h4>Nutzungslizenz:<\/h4>\n<p>Beim Kauf meiner Dateien erh\u00e4ltst du eine\u00a0<strong>private use license<\/strong>. Das bedeutet, dass du die Dateien f\u00fcr deine pers\u00f6nlichen Projekte verwenden darfst.\u00a0Die kommerzielle Nutzung, Weiterverbreitung oder der Verkauf der Dateien und der daraus erstellten Produkte ist ohne meine ausdr\u00fcckliche Genehmigung nicht gestattet. Solltest du Interesse an einer kommerziellen Nutzungslizenz haben, kontaktiere mich bitte direkt.<\/p>","protected":false},"excerpt":{"rendered":"<p>DOWNLOAD Roombox Design &#8222;Zimmer am Meer&#8220; im Ma\u00dfstab 1:12 zum Drucken und Basteln<\/p>","protected":false},"featured_media":2230,"comment_status":"open","ping_status":"closed","template":"","meta":{"site-sidebar-layout":"default","site-content-layout":"","ast-site-content-layout":"default","site-content-style":"default","site-sidebar-style":"default","ast-global-header-display":"","ast-banner-title-visibility":"","ast-main-header-display":"","ast-hfb-above-header-display":"","ast-hfb-below-header-display":"","ast-hfb-mobile-header-display":"","site-post-title":"","ast-breadcrumbs-content":"","ast-featured-img":"","footer-sml-layout":"","ast-disable-related-posts":"","theme-transparent-header-meta":"default","adv-header-id-meta":"","stick-header-meta":"","header-above-stick-meta":"","header-main-stick-meta":"","header-below-stick-meta":"","astra-migrate-meta-layouts":"set","ast-page-background-enabled":"default","ast-page-background-meta":{"desktop":{"background-color":"var(--ast-global-color-5)","background-image":"","background-repeat":"repeat","background-position":"center center","background-size":"auto","background-attachment":"scroll","background-type":"","background-media":"","overlay-type":"","overlay-color":"","overlay-opacity":"","overlay-gradient":""},"tablet":{"background-color":"","background-image":"","background-repeat":"repeat","background-position":"center center","background-size":"auto","background-attachment":"scroll","background-type":"","background-media":"","overlay-type":"","overlay-color":"","overlay-opacity":"","overlay-gradient":""},"mobile":{"background-color":"","background-image":"","background-repeat":"repeat","background-position":"center center","background-size":"auto","background-attachment":"scroll","background-type":"","background-media":"","overlay-type":"","overlay-color":"","overlay-opacity":"","overlay-gradient":""}},"ast-content-background-meta":{"desktop":{"background-color":"var(--ast-global-color-4)","background-image":"","background-repeat":"repeat","background-position":"center center","background-size":"auto","background-attachment":"scroll","background-type":"","background-media":"","overlay-type":"","overlay-color":"","overlay-opacity":"","overlay-gradient":""},"tablet":{"background-color":"var(--ast-global-color-4)","background-image":"","background-repeat":"repeat","background-position":"center center","background-size":"auto","background-attachment":"scroll","background-type":"","background-media":"","overlay-type":"","overlay-color":"","overlay-opacity":"","overlay-gradient":""},"mobile":{"background-color":"var(--ast-global-color-4)","background-image":"","background-repeat":"repeat","background-position":"center center","background-size":"auto","background-attachment":"scroll","background-type":"","background-media":"","overlay-type":"","overlay-color":"","overlay-opacity":"","overlay-gradient":""}}},"product_brand":[],"product_cat":[397],"product_tag":[83,307,188,86,87,88,295,316,142,99,93,95,203],"class_list":{"0":"post-604","1":"product","2":"type-product","3":"status-publish","4":"has-post-thumbnail","6":"product_cat-miniaturen-aus-papier","7":"product_tag-12scale-miniatures","8":"product_tag-3d-miniatur","9":"product_tag-3dminiatures","10":"product_tag-basteln","11":"product_tag-bausatz","12":"product_tag-booknookminiatures","13":"product_tag-diy-miniaturwelten","14":"product_tag-miniatur-tapete","15":"product_tag-miniature","16":"product_tag-miniaturen","17":"product_tag-papercraft-template","18":"product_tag-papier-mini","19":"product_tag-puppenhaus-zubehoer","20":"desktop-align-left","21":"tablet-align-left","22":"mobile-align-left","24":"first","25":"instock","26":"downloadable","27":"virtual","28":"purchasable","29":"product-type-simple"},"_links":{"self":[{"href":"https:\/\/shop.katnook.de\/en\/wp-json\/wp\/v2\/product\/604","targetHints":{"allow":["GET"]}}],"collection":[{"href":"https:\/\/shop.katnook.de\/en\/wp-json\/wp\/v2\/product"}],"about":[{"href":"https:\/\/shop.katnook.de\/en\/wp-json\/wp\/v2\/types\/product"}],"replies":[{"embeddable":true,"href":"https:\/\/shop.katnook.de\/en\/wp-json\/wp\/v2\/comments?post=604"}],"wp:featuredmedia":[{"embeddable":true,"href":"https:\/\/shop.katnook.de\/en\/wp-json\/wp\/v2\/media\/2230"}],"wp:attachment":[{"href":"https:\/\/shop.katnook.de\/en\/wp-json\/wp\/v2\/media?parent=604"}],"wp:term":[{"taxonomy":"product_brand","embeddable":true,"href":"https:\/\/shop.katnook.de\/en\/wp-json\/wp\/v2\/product_brand?post=604"},{"taxonomy":"product_cat","embeddable":true,"href":"https:\/\/shop.katnook.de\/en\/wp-json\/wp\/v2\/product_cat?post=604"},{"taxonomy":"product_tag","embeddable":true,"href":"https:\/\/shop.katnook.de\/en\/wp-json\/wp\/v2\/product_tag?post=604"}],"curies":[{"name":"wp","href":"https:\/\/api.w.org\/{rel}","templated":true}]}}