{"id":559,"date":"2025-06-21T15:52:39","date_gmt":"2025-06-21T13:52:39","guid":{"rendered":"https:\/\/shop.katnook.de\/produkt\/miniatur-bibliothek-als-lasercut-bastelbogen-inkl-47-miniaturbucher-digitaldatei-digital-file-svg-png\/"},"modified":"2026-01-05T14:04:42","modified_gmt":"2026-01-05T13:04:42","slug":"miniatur-bibliothek-als-lasercut-bastelbogen-inkl-47-miniaturbucher-digitaldatei-digital-file-svg-png","status":"publish","type":"product","link":"https:\/\/shop.katnook.de\/en\/product\/miniatur-bibliothek-als-lasercut-bastelbogen-inkl-47-miniaturbucher-digitaldatei-digital-file-svg-png\/","title":{"rendered":"Miniatur-Bibliothek als Lasercut; Bastelbogen \u2013 inkl. 47 Miniaturb\u00fccher (Digitaldatei) DIGITAL FILE &#8211; SVG + PNG"},"content":{"rendered":"<p class=\"\" data-start=\"104\" data-end=\"232\">Baue dir deine eigene zauberhafte Miniatur-Bibliothek \u2013 im Ma\u00dfstab 1:12 und perfekt abgestimmt auf 2\u202fmm starkes Material. Dieses Set enth\u00e4lt nicht nur eine reich verzierte B\u00fccherwand als Lasercut-Datei, sondern auch einen liebevoll gestalteten Bastelbogen mit <strong data-start=\"494\" data-end=\"516\">47 Miniaturb\u00fcchern<\/strong> \u2013 mehr, als ins Regal passen!<\/p>\n<p class=\"\" data-start=\"548\" data-end=\"730\"><strong data-start=\"548\" data-end=\"564\">Du erh\u00e4ltst:<\/strong><br data-start=\"564\" data-end=\"567\" \/>\u2013\u00a0<strong data-start=\"572\" data-end=\"585\">SVG-Datei<\/strong> f\u00fcr Lasercutter (f\u00fcr 2\u202fmm Material optimiert)<br data-start=\"631\" data-end=\"634\" \/>\u2013\u00a0<strong data-start=\"639\" data-end=\"658\">PNG-Bastelbogen<\/strong> mit 47 druckfertigen Miniaturb\u00fcchern<br data-start=\"695\" data-end=\"698\" \/>\u2013 Bauanleitung auf <a title=\"Anleitungsvideo Buecherregal mit Buechern\" href=\"https:\/\/youtu.be\/GXZjgqsqBDI\" target=\"_blank\" rel=\"noopener\">YouTube\u00a0 <\/a><\/p>\n<p class=\"\" data-start=\"732\" data-end=\"1025\"><strong data-start=\"732\" data-end=\"768\">Details zur Miniatur-B\u00fccherregal:<\/strong><br data-start=\"768\" data-end=\"771\" \/>\u2013 Ma\u00dfstab: <strong data-start=\"782\" data-end=\"790\">1:12<\/strong><br data-start=\"790\" data-end=\"793\" \/>\u2013 Ma\u00dfe: <strong data-start=\"801\" data-end=\"815\">18\u202fcm hoch<\/strong>, <strong data-start=\"817\" data-end=\"833\">8,3\u202fcm breit<\/strong>, <strong data-start=\"835\" data-end=\"848\">3\u202fcm tief<\/strong><br data-start=\"848\" data-end=\"851\" \/>\u2013 F\u00fcr Lasercutter oder pr\u00e4zisen Handschnitt geeignet<br data-start=\"903\" data-end=\"906\" \/>\u2013 Stilvoll verziert im antik-viktorianischen Stil<br data-start=\"955\" data-end=\"958\" \/>\u2013 Passgenau f\u00fcr 2\u202fmm dickes Material (MDF, Karton, Kraftplex, Holz)<\/p>\n<p class=\"\" data-start=\"1027\" data-end=\"1392\"><strong data-start=\"1027\" data-end=\"1050\">Die 47 Mini-B\u00fccher:<\/strong><br data-start=\"1050\" data-end=\"1053\" \/>Der Bastelbogen (PNG) enth\u00e4lt vollst\u00e4ndig gestaltete Miniaturb\u00fccher \u2013 <strong data-start=\"1189\" data-end=\"1225\">Kein zus\u00e4tzliches Material n\u00f6tig<\/strong> \u2013 einfach ausdrucken, ausschneiden, falten und kleben!<br data-start=\"1280\" data-end=\"1283\" \/>Gedruckt auf <strong data-start=\"1296\" data-end=\"1315\">120\u202fg\/m\u00b2 Papier<\/strong> wirken die B\u00fccher besonders realistisch und lassen sich einfach verarbeiten.<\/p>\n<p class=\"\" data-start=\"1394\" data-end=\"1580\"><strong data-start=\"1394\" data-end=\"1411\">Besonderheit:<\/strong><br data-start=\"1411\" data-end=\"1414\" \/>Es sind <strong data-start=\"1422\" data-end=\"1472\">mehr B\u00fccher enthalten, als in das Regal passen<\/strong> \u2013 so kannst du dein Puppenhaus oder Diorama individuell gestalten oder zus\u00e4tzliche B\u00fccherstapel dekorieren.<\/p>\n<p class=\"\" data-start=\"1582\" data-end=\"1840\"><strong data-start=\"1582\" data-end=\"1604\">Wichtige Hinweise:<\/strong><br data-start=\"1604\" data-end=\"1607\" \/>\u2013 <strong data-start=\"1609\" data-end=\"1630\">Digitales Produkt<\/strong>, kein physischer Versand<br data-start=\"1655\" data-end=\"1658\" \/>\u2013 Der Bastelbogen liegt als hochaufl\u00f6sendes PNG vor (f\u00fcr beste Druckqualit\u00e4t)<br data-start=\"1735\" data-end=\"1738\" \/>\u2013 F\u00fcr privaten Gebrauch bestimmt \u2013 bei Interesse an einer gewerblichen Lizenz bitte Kontakt aufnehmen.<\/p>\n<p class=\"\" data-start=\"1842\" data-end=\"1872\"><strong data-start=\"1842\" data-end=\"1872\">Design by KatNook<\/strong><\/p>\n<hr class=\"\" data-start=\"1874\" data-end=\"1877\" \/>","protected":false},"excerpt":{"rendered":"<p>Miniatur-Bibliothek als Lasercut; Bastelbogen \u2013 inkl. 47 Miniaturb\u00fccher (Digitaldatei) DIGITAL FILE &#8211; SVG + PNG<\/p>","protected":false},"featured_media":2558,"comment_status":"open","ping_status":"closed","template":"","meta":{"site-sidebar-layout":"default","site-content-layout":"","ast-site-content-layout":"default","site-content-style":"default","site-sidebar-style":"default","ast-global-header-display":"","ast-banner-title-visibility":"","ast-main-header-display":"","ast-hfb-above-header-display":"","ast-hfb-below-header-display":"","ast-hfb-mobile-header-display":"","site-post-title":"","ast-breadcrumbs-content":"","ast-featured-img":"","footer-sml-layout":"","ast-disable-related-posts":"","theme-transparent-header-meta":"default","adv-header-id-meta":"","stick-header-meta":"","header-above-stick-meta":"","header-main-stick-meta":"","header-below-stick-meta":"","astra-migrate-meta-layouts":"set","ast-page-background-enabled":"default","ast-page-background-meta":{"desktop":{"background-color":"var(--ast-global-color-5)","background-image":"","background-repeat":"repeat","background-position":"center center","background-size":"auto","background-attachment":"scroll","background-type":"","background-media":"","overlay-type":"","overlay-color":"","overlay-opacity":"","overlay-gradient":""},"tablet":{"background-color":"","background-image":"","background-repeat":"repeat","background-position":"center center","background-size":"auto","background-attachment":"scroll","background-type":"","background-media":"","overlay-type":"","overlay-color":"","overlay-opacity":"","overlay-gradient":""},"mobile":{"background-color":"","background-image":"","background-repeat":"repeat","background-position":"center center","background-size":"auto","background-attachment":"scroll","background-type":"","background-media":"","overlay-type":"","overlay-color":"","overlay-opacity":"","overlay-gradient":""}},"ast-content-background-meta":{"desktop":{"background-color":"var(--ast-global-color-4)","background-image":"","background-repeat":"repeat","background-position":"center center","background-size":"auto","background-attachment":"scroll","background-type":"","background-media":"","overlay-type":"","overlay-color":"","overlay-opacity":"","overlay-gradient":""},"tablet":{"background-color":"var(--ast-global-color-4)","background-image":"","background-repeat":"repeat","background-position":"center center","background-size":"auto","background-attachment":"scroll","background-type":"","background-media":"","overlay-type":"","overlay-color":"","overlay-opacity":"","overlay-gradient":""},"mobile":{"background-color":"var(--ast-global-color-4)","background-image":"","background-repeat":"repeat","background-position":"center center","background-size":"auto","background-attachment":"scroll","background-type":"","background-media":"","overlay-type":"","overlay-color":"","overlay-opacity":"","overlay-gradient":""}}},"product_brand":[],"product_cat":[398],"product_tag":[83,85,176,274,180,87,120,209,122,118,88,163,162,284,285,286],"class_list":{"0":"post-559","1":"product","2":"type-product","3":"status-publish","4":"has-post-thumbnail","6":"product_cat-svg-cut-miniarturen","7":"product_tag-12scale-miniatures","8":"product_tag-antiquariat","9":"product_tag-bastelbogen","10":"product_tag-basteln-im-massstab-112","11":"product_tag-bastelprojekt-fuer-erwachsene","12":"product_tag-bausatz","13":"product_tag-book-nook","14":"product_tag-booklover","15":"product_tag-booknookdiorama","16":"product_tag-booknookdiy","17":"product_tag-booknookminiatures","18":"product_tag-buecher","19":"product_tag-buecherregal","20":"product_tag-svg-datei","21":"product_tag-svg-lasercut","22":"product_tag-svg-lasercut-file","23":"desktop-align-left","24":"tablet-align-left","25":"mobile-align-left","27":"first","28":"instock","29":"downloadable","30":"virtual","31":"purchasable","32":"product-type-simple"},"_links":{"self":[{"href":"https:\/\/shop.katnook.de\/en\/wp-json\/wp\/v2\/product\/559","targetHints":{"allow":["GET"]}}],"collection":[{"href":"https:\/\/shop.katnook.de\/en\/wp-json\/wp\/v2\/product"}],"about":[{"href":"https:\/\/shop.katnook.de\/en\/wp-json\/wp\/v2\/types\/product"}],"replies":[{"embeddable":true,"href":"https:\/\/shop.katnook.de\/en\/wp-json\/wp\/v2\/comments?post=559"}],"wp:featuredmedia":[{"embeddable":true,"href":"https:\/\/shop.katnook.de\/en\/wp-json\/wp\/v2\/media\/2558"}],"wp:attachment":[{"href":"https:\/\/shop.katnook.de\/en\/wp-json\/wp\/v2\/media?parent=559"}],"wp:term":[{"taxonomy":"product_brand","embeddable":true,"href":"https:\/\/shop.katnook.de\/en\/wp-json\/wp\/v2\/product_brand?post=559"},{"taxonomy":"product_cat","embeddable":true,"href":"https:\/\/shop.katnook.de\/en\/wp-json\/wp\/v2\/product_cat?post=559"},{"taxonomy":"product_tag","embeddable":true,"href":"https:\/\/shop.katnook.de\/en\/wp-json\/wp\/v2\/product_tag?post=559"}],"curies":[{"name":"wp","href":"https:\/\/api.w.org\/{rel}","templated":true}]}}