{"id":471,"date":"2025-06-21T15:52:09","date_gmt":"2025-06-21T13:52:09","guid":{"rendered":"https:\/\/shop.katnook.de\/produkt\/miniatur-bastelbuch-buchliebe\/"},"modified":"2026-01-05T14:10:07","modified_gmt":"2026-01-05T13:10:07","slug":"miniatur-bastelbuch-buchliebe","status":"publish","type":"product","link":"https:\/\/shop.katnook.de\/en\/product\/miniatur-bastelbuch-buchliebe\/","title":{"rendered":"Miniature craft book book love"},"content":{"rendered":"<div id=\"vendorPoweredCoupon_feature_div\" class=\"celwidget\" data-feature-name=\"vendorPoweredCoupon\" data-csa-c-type=\"widget\" data-csa-c-content-id=\"vendorPoweredCoupon\" data-csa-c-slot-id=\"vendorPoweredCoupon_feature_div\" data-csa-c-asin=\"B0CK3X936W\" data-csa-c-is-in-initial-active-row=\"false\" data-csa-c-id=\"a0i61q-z6shup-e082v3-q8dmcj\" data-cel-widget=\"vendorPoweredCoupon_feature_div\"><strong>Ein Bastelbuch zum<\/strong><br \/>\n<strong>AUSSCHNEIDEN, FALTEN und KLEBEN mit einfacher Anleitung<\/strong>Willkommen zu einem zauberhaften Miniatur-Bastelabenteuer, das nicht nur deine H\u00e4nde besch\u00e4ftigt, sondern auch deine Seele ber\u00fchrt.<\/p>\n<p>In einer Welt, die oft von Hektik und Schnelllebigkeit gepr\u00e4gt ist, sehnen wir uns nach einem Ort der Ruhe und Kreativit\u00e4t. Ein Ort, an dem wir unsere Fantasie frei entfalten und uns in einem kleinen Universum verlieren k\u00f6nnen, das wir ganz nach unserem eigenen Geschmack gestalten.<\/p>\n<p>In diesem Miniatur Bastelbuch entdeckst du nicht nur die Freude am Basteln, sondern auch die Magie der B\u00fccherliebhaber. Begib dich mit uns auf eine kreative Reise und erschaffe dein eigenes Miniaturdiorama, das seinen Platz in deinem B\u00fccherregal findet und darauf wartet, von dir herausgenommen zu werden. So kannst du immer wieder in die Welt deiner eigenen Kreation eintauchen und die Sch\u00f6nheit deines Miniaturdioramas genie\u00dfen.<\/p>\n<p>Tauche ein in die romantische Atmosph\u00e4re einer vertr\u00e4umten Kommode, geschm\u00fcckt mit B\u00fcchern, Blumen und zarten Schmetterlingen. Mit diesem Bastelbuch hast du die M\u00f6glichkeit, dein eigenes kleines Universum der Buchliebe zu gestalten \u2013 und das ganz einfach von Zuhause aus.<\/p>\n<p>Selbst Bastelanf\u00e4nger k\u00f6nnen mit diesem Buch ein zauberhaftes Diorama erschaffen. Jedes einzelne Teil ist sorgf\u00e4ltig markiert und nummeriert, damit du dich ganz auf den Bastelspa\u00df konzentrieren kannst.<\/p>\n<p>Lass deiner Kreativit\u00e4t freien Lauf \u2013 denn in diesem Buch steckt nicht nur die Kunst des Bastelns, sondern auch die Liebe zu B\u00fcchern, die uns alle verbindet. Entdecke die Freude am Handwerk und die Magie der Literatur in einem einzigartigen Bastel Projekt<\/p>\n<\/div>\n<div class=\"celwidget\" data-feature-name=\"vendorPoweredCoupon\" data-csa-c-type=\"widget\" data-csa-c-content-id=\"vendorPoweredCoupon\" data-csa-c-slot-id=\"vendorPoweredCoupon_feature_div\" data-csa-c-asin=\"B0CK3X936W\" data-csa-c-is-in-initial-active-row=\"false\" data-csa-c-id=\"a0i61q-z6shup-e082v3-q8dmcj\" data-cel-widget=\"vendorPoweredCoupon_feature_div\"><strong>Du brauchst nur noch: <\/strong><\/div>\n<div class=\"celwidget\" data-feature-name=\"vendorPoweredCoupon\" data-csa-c-type=\"widget\" data-csa-c-content-id=\"vendorPoweredCoupon\" data-csa-c-slot-id=\"vendorPoweredCoupon_feature_div\" data-csa-c-asin=\"B0CK3X936W\" data-csa-c-is-in-initial-active-row=\"false\" data-csa-c-id=\"a0i61q-z6shup-e082v3-q8dmcj\" data-cel-widget=\"vendorPoweredCoupon_feature_div\">\n<ul>\n<li>Schere<\/li>\n<li>Bastelmesser<\/li>\n<li>Lineal<\/li>\n<li>Klebestift<\/li>\n<li>Bastelkleber<\/li>\n<li>Fixiertape<\/li>\n<\/ul>\n<\/div>\n<div class=\"celwidget\" data-feature-name=\"vendorPoweredCoupon\" data-csa-c-type=\"widget\" data-csa-c-content-id=\"vendorPoweredCoupon\" data-csa-c-slot-id=\"vendorPoweredCoupon_feature_div\" data-csa-c-asin=\"B0CK3X936W\" data-csa-c-is-in-initial-active-row=\"false\" data-csa-c-id=\"a0i61q-z6shup-e082v3-q8dmcj\" data-cel-widget=\"vendorPoweredCoupon_feature_div\">Alle Bilder f\u00fcr dieses Buch wurden von einer KI erstellt. Die Abbildungen, wissenschaftlicher Inhalt sowie lesbarer Text, entsprechen nicht der Realit\u00e4t sondern sind reine digitale Fantasie.<\/div>\n<div class=\"celwidget\" data-feature-name=\"vendorPoweredCoupon\" data-csa-c-type=\"widget\" data-csa-c-content-id=\"vendorPoweredCoupon\" data-csa-c-slot-id=\"vendorPoweredCoupon_feature_div\" data-csa-c-asin=\"B0CK3X936W\" data-csa-c-is-in-initial-active-row=\"false\" data-csa-c-id=\"a0i61q-z6shup-e082v3-q8dmcj\" data-cel-widget=\"vendorPoweredCoupon_feature_div\"><\/div>","protected":false},"excerpt":{"rendered":"<p>Miniature craft book book love<\/p>","protected":false},"featured_media":2645,"comment_status":"open","ping_status":"closed","template":"","meta":{"site-sidebar-layout":"default","site-content-layout":"","ast-site-content-layout":"default","site-content-style":"default","site-sidebar-style":"default","ast-global-header-display":"","ast-banner-title-visibility":"","ast-main-header-display":"","ast-hfb-above-header-display":"","ast-hfb-below-header-display":"","ast-hfb-mobile-header-display":"","site-post-title":"","ast-breadcrumbs-content":"","ast-featured-img":"","footer-sml-layout":"","ast-disable-related-posts":"","theme-transparent-header-meta":"default","adv-header-id-meta":"","stick-header-meta":"","header-above-stick-meta":"","header-main-stick-meta":"","header-below-stick-meta":"","astra-migrate-meta-layouts":"set","ast-page-background-enabled":"default","ast-page-background-meta":{"desktop":{"background-color":"var(--ast-global-color-5)","background-image":"","background-repeat":"repeat","background-position":"center center","background-size":"auto","background-attachment":"scroll","background-type":"","background-media":"","overlay-type":"","overlay-color":"","overlay-opacity":"","overlay-gradient":""},"tablet":{"background-color":"","background-image":"","background-repeat":"repeat","background-position":"center center","background-size":"auto","background-attachment":"scroll","background-type":"","background-media":"","overlay-type":"","overlay-color":"","overlay-opacity":"","overlay-gradient":""},"mobile":{"background-color":"","background-image":"","background-repeat":"repeat","background-position":"center center","background-size":"auto","background-attachment":"scroll","background-type":"","background-media":"","overlay-type":"","overlay-color":"","overlay-opacity":"","overlay-gradient":""}},"ast-content-background-meta":{"desktop":{"background-color":"var(--ast-global-color-4)","background-image":"","background-repeat":"repeat","background-position":"center center","background-size":"auto","background-attachment":"scroll","background-type":"","background-media":"","overlay-type":"","overlay-color":"","overlay-opacity":"","overlay-gradient":""},"tablet":{"background-color":"var(--ast-global-color-4)","background-image":"","background-repeat":"repeat","background-position":"center center","background-size":"auto","background-attachment":"scroll","background-type":"","background-media":"","overlay-type":"","overlay-color":"","overlay-opacity":"","overlay-gradient":""},"mobile":{"background-color":"var(--ast-global-color-4)","background-image":"","background-repeat":"repeat","background-position":"center center","background-size":"auto","background-attachment":"scroll","background-type":"","background-media":"","overlay-type":"","overlay-color":"","overlay-opacity":"","overlay-gradient":""}}},"product_brand":[],"product_cat":[397],"product_tag":[107,88,108,109],"class_list":{"0":"post-471","1":"product","2":"type-product","3":"status-publish","4":"has-post-thumbnail","6":"product_cat-miniaturen-aus-papier","7":"product_tag-bastelbuch","8":"product_tag-booknookminiatures","9":"product_tag-miniatur-buecher","10":"product_tag-zum-verschenken","11":"product_shipping_class-buch","12":"desktop-align-left","13":"tablet-align-left","14":"mobile-align-left","16":"first","17":"instock","18":"shipping-taxable","19":"purchasable","20":"product-type-simple"},"_links":{"self":[{"href":"https:\/\/shop.katnook.de\/en\/wp-json\/wp\/v2\/product\/471","targetHints":{"allow":["GET"]}}],"collection":[{"href":"https:\/\/shop.katnook.de\/en\/wp-json\/wp\/v2\/product"}],"about":[{"href":"https:\/\/shop.katnook.de\/en\/wp-json\/wp\/v2\/types\/product"}],"replies":[{"embeddable":true,"href":"https:\/\/shop.katnook.de\/en\/wp-json\/wp\/v2\/comments?post=471"}],"wp:featuredmedia":[{"embeddable":true,"href":"https:\/\/shop.katnook.de\/en\/wp-json\/wp\/v2\/media\/2645"}],"wp:attachment":[{"href":"https:\/\/shop.katnook.de\/en\/wp-json\/wp\/v2\/media?parent=471"}],"wp:term":[{"taxonomy":"product_brand","embeddable":true,"href":"https:\/\/shop.katnook.de\/en\/wp-json\/wp\/v2\/product_brand?post=471"},{"taxonomy":"product_cat","embeddable":true,"href":"https:\/\/shop.katnook.de\/en\/wp-json\/wp\/v2\/product_cat?post=471"},{"taxonomy":"product_tag","embeddable":true,"href":"https:\/\/shop.katnook.de\/en\/wp-json\/wp\/v2\/product_tag?post=471"}],"curies":[{"name":"wp","href":"https:\/\/api.w.org\/{rel}","templated":true}]}}