{"id":453,"date":"2025-06-21T15:51:57","date_gmt":"2025-06-21T13:51:57","guid":{"rendered":"https:\/\/shop.katnook.de\/produkt\/koffer-und-taschen-im-massstab-1-12-zum-drucken-und-basteln\/"},"modified":"2026-03-28T20:39:18","modified_gmt":"2026-03-28T19:39:18","slug":"koffer-und-taschen-im-massstab-1-12-zum-drucken-und-basteln","status":"publish","type":"product","link":"https:\/\/shop.katnook.de\/en\/product\/koffer-und-taschen-im-massstab-1-12-zum-drucken-und-basteln\/","title":{"rendered":"Suitcases and bags in 1:12 scale for printing and crafting"},"content":{"rendered":"<p>Druckdatei zum basteln von zwei unterschiedlichen gro\u00dfen Koffern, zwei Taschen und ein offener Koffer f\u00fcr Roombox Diorama,\u00a0 Puppenhaus oder Book Nook<\/p>\n<p>+ Bastel Anleitungen<\/p>\n<p>Gr\u00f6\u00dfe: Ma\u00dfstab 1:12 (Druck auf 50% f\u00fcr Ma\u00dfstab 1:24)<\/p>\n<p><strong>Gestalte deine Miniaturwelt mit diesen DIY-Koffern und Taschen!<\/strong><\/p>\n<p>Mit der Druckdatei zum Basteln von zwei verschiedenen gro\u00dfen Koffern, zwei Taschen und einem offenen Koffer f\u00fcr Roombox Diorama, Puppenhaus oder Book Nook im Ma\u00dfstab 1:12 (Druck auf 50% f\u00fcr Ma\u00dfstab 1:24) kannst du deine Szenerie detailreich gestalten.<\/p>\n<p><strong>Hier ist, was dich erwartet:<\/strong><\/p>\n<ul>\n<li><strong>Vielf\u00e4ltige Auswahl:<\/strong> Zwei verschiedene gro\u00dfe Koffer, zwei Taschen und ein offener Koffer in unterschiedlichen Designs und Gr\u00f6\u00dfen.<\/li>\n<li><strong>Ma\u00dfstabgerechte Gr\u00f6\u00dfe:<\/strong> Perfekt abgestimmt f\u00fcr Ma\u00dfstab 1:12, oder drucke auf 50% f\u00fcr Ma\u00dfstab 1:24.<\/li>\n<li><strong>Einfach ausdrucken und basteln:<\/strong> Lade die Dateien herunter und drucke sie auf DIN A4 Papier so oft aus, wie du m\u00f6chtest.<\/li>\n<li><strong>Inklusive Bastelanleitungen:<\/strong> Detaillierte Anleitungen helfen dir Schritt f\u00fcr Schritt bei der Montage und Gestaltung der Miniatur-Koffer und Taschen.<\/li>\n<\/ul>\n<p>Erwecke deine Miniaturwelt mit diesen liebevoll gestalteten Accessoires zum Leben. Perfekt f\u00fcr alle, die ihre Miniatur-Szenen mit pers\u00f6nlichen Details bereichern m\u00f6chten. Nutze diese Druckdatei, um deine Kreativit\u00e4t zu entfalten und deine Miniaturwelten noch lebendiger zu gestalten!<\/p>\n<p>Eine Bastelanleitung ist inklusive.<\/p>\n<p>Eine Video Anleitung f\u00fcr<\/p>\n<p><a title=\"Video Anleitung Miniatur Koffer\" href=\"https:\/\/pin.it\/6eDMmx2Zl\" target=\"_blank\" rel=\"noopener noreferrer\">Koffer <\/a><\/p>\n<p><a title=\"Video Anleitung Miniatur Taschen\" href=\"https:\/\/pin.it\/2V4EfaiJH\" target=\"_blank\" rel=\"noopener noreferrer\">Taschen<\/a><\/p>\n<p>und <a title=\"Video Anleitung offener Miniatur Koffer\" href=\"https:\/\/pin.it\/4Of59AVLI\" target=\"_blank\" rel=\"noopener noreferrer\">offenen Koffer <\/a><\/p>\n<p>kannst Du schon bei Pinterest anschauen.<\/p>\n<h4>Nutzungslizenz:<\/h4>\n<p>Beim Kauf meiner Dateien erh\u00e4ltst du eine\u00a0<strong>private use license<\/strong>. Das bedeutet, dass du die Dateien f\u00fcr deine pers\u00f6nlichen Projekte verwenden darfst.\u00a0Die kommerzielle Nutzung, Weiterverbreitung oder der Verkauf der Dateien und der daraus erstellten Produkte ist ohne meine ausdr\u00fcckliche Genehmigung nicht gestattet. Solltest du Interesse an einer kommerziellen Nutzungslizenz haben, kontaktiere mich bitte direkt.<\/p>","protected":false},"excerpt":{"rendered":"<p>DOWNLOAD Koffer und Taschen im Ma\u00dfstab 1:12 zum Drucken und Basteln<\/p>","protected":false},"featured_media":2268,"comment_status":"open","ping_status":"closed","template":"","meta":{"site-sidebar-layout":"default","site-content-layout":"","ast-site-content-layout":"default","site-content-style":"default","site-sidebar-style":"default","ast-global-header-display":"","ast-banner-title-visibility":"","ast-main-header-display":"","ast-hfb-above-header-display":"","ast-hfb-below-header-display":"","ast-hfb-mobile-header-display":"","site-post-title":"","ast-breadcrumbs-content":"","ast-featured-img":"","footer-sml-layout":"","ast-disable-related-posts":"","theme-transparent-header-meta":"default","adv-header-id-meta":"","stick-header-meta":"","header-above-stick-meta":"","header-main-stick-meta":"","header-below-stick-meta":"","astra-migrate-meta-layouts":"set","ast-page-background-enabled":"default","ast-page-background-meta":{"desktop":{"background-color":"var(--ast-global-color-5)","background-image":"","background-repeat":"repeat","background-position":"center center","background-size":"auto","background-attachment":"scroll","background-type":"","background-media":"","overlay-type":"","overlay-color":"","overlay-opacity":"","overlay-gradient":""},"tablet":{"background-color":"","background-image":"","background-repeat":"repeat","background-position":"center center","background-size":"auto","background-attachment":"scroll","background-type":"","background-media":"","overlay-type":"","overlay-color":"","overlay-opacity":"","overlay-gradient":""},"mobile":{"background-color":"","background-image":"","background-repeat":"repeat","background-position":"center center","background-size":"auto","background-attachment":"scroll","background-type":"","background-media":"","overlay-type":"","overlay-color":"","overlay-opacity":"","overlay-gradient":""}},"ast-content-background-meta":{"desktop":{"background-color":"var(--ast-global-color-4)","background-image":"","background-repeat":"repeat","background-position":"center center","background-size":"auto","background-attachment":"scroll","background-type":"","background-media":"","overlay-type":"","overlay-color":"","overlay-opacity":"","overlay-gradient":""},"tablet":{"background-color":"var(--ast-global-color-4)","background-image":"","background-repeat":"repeat","background-position":"center center","background-size":"auto","background-attachment":"scroll","background-type":"","background-media":"","overlay-type":"","overlay-color":"","overlay-opacity":"","overlay-gradient":""},"mobile":{"background-color":"var(--ast-global-color-4)","background-image":"","background-repeat":"repeat","background-position":"center center","background-size":"auto","background-attachment":"scroll","background-type":"","background-media":"","overlay-type":"","overlay-color":"","overlay-opacity":"","overlay-gradient":""}}},"product_brand":[],"product_cat":[397],"product_tag":[83,86,87,88,89,90,91,142,99,93,94,95,250,97],"class_list":{"0":"post-453","1":"product","2":"type-product","3":"status-publish","4":"has-post-thumbnail","6":"product_cat-miniaturen-aus-papier","7":"product_tag-12scale-miniatures","8":"product_tag-basteln","9":"product_tag-bausatz","10":"product_tag-booknookminiatures","11":"product_tag-dioramaminiatures","12":"product_tag-diykit","13":"product_tag-dollhouseminiatures","14":"product_tag-miniature","15":"product_tag-miniaturen","16":"product_tag-papercraft-template","17":"product_tag-papercut-miniature","18":"product_tag-papier-mini","19":"product_tag-papier-modell-zum-basteln","20":"product_tag-puppenhaus-miniatur","21":"desktop-align-left","22":"tablet-align-left","23":"mobile-align-left","25":"first","26":"instock","27":"downloadable","28":"virtual","29":"purchasable","30":"product-type-simple"},"_links":{"self":[{"href":"https:\/\/shop.katnook.de\/en\/wp-json\/wp\/v2\/product\/453","targetHints":{"allow":["GET"]}}],"collection":[{"href":"https:\/\/shop.katnook.de\/en\/wp-json\/wp\/v2\/product"}],"about":[{"href":"https:\/\/shop.katnook.de\/en\/wp-json\/wp\/v2\/types\/product"}],"replies":[{"embeddable":true,"href":"https:\/\/shop.katnook.de\/en\/wp-json\/wp\/v2\/comments?post=453"}],"wp:featuredmedia":[{"embeddable":true,"href":"https:\/\/shop.katnook.de\/en\/wp-json\/wp\/v2\/media\/2268"}],"wp:attachment":[{"href":"https:\/\/shop.katnook.de\/en\/wp-json\/wp\/v2\/media?parent=453"}],"wp:term":[{"taxonomy":"product_brand","embeddable":true,"href":"https:\/\/shop.katnook.de\/en\/wp-json\/wp\/v2\/product_brand?post=453"},{"taxonomy":"product_cat","embeddable":true,"href":"https:\/\/shop.katnook.de\/en\/wp-json\/wp\/v2\/product_cat?post=453"},{"taxonomy":"product_tag","embeddable":true,"href":"https:\/\/shop.katnook.de\/en\/wp-json\/wp\/v2\/product_tag?post=453"}],"curies":[{"name":"wp","href":"https:\/\/api.w.org\/{rel}","templated":true}]}}