{"id":94,"date":"2022-09-14T17:04:55","date_gmt":"2022-09-14T15:04:55","guid":{"rendered":"https:\/\/shop.katnook.de\/2022\/09\/14\/bauanleitung-grosser-buchladen\/"},"modified":"2025-11-29T22:36:25","modified_gmt":"2025-11-29T21:36:25","slug":"bauanleitung-grosser-buchladen","status":"publish","type":"page","link":"https:\/\/shop.katnook.de\/en\/bauanleitung-grosser-buchladen\/","title":{"rendered":"Instructions for building a large bookshop"},"content":{"rendered":"<figure class=\"wp-block-image size-large is-resized\"><a href=\"https:\/\/shop.katnook.de\/wp-content\/uploads\/2025\/06\/IMG-20220728-WA0015.jpg?v=1737826282\"><img loading=\"lazy\" decoding=\"async\" src=\"https:\/\/shop.katnook.de\/wp-content\/uploads\/2025\/06\/IMG-20220728-WA0015.jpg?v=1737826282\" alt=\"\" width=\"300\" height=\"300\" \/><\/a><figcaption>Du beginnst damit die Roombox zu tapezieren und anschlie\u00dfend zusammen zu bauen. Als Tapete eignen sich z.B. Origamipapier, wegen der kleinen Muster, Geschenkpapier, Scrapbookpapier (solche Bl\u00f6cke bekommst Du \u00fcberall wo es Bastelbedarf gibt) oder Du druckst Dir einfach selbst Deine Wunschtapete und auch Fu\u00dfboden.<\/figcaption><\/figure>\n<figure class=\"wp-block-image size-large is-resized\"><img loading=\"lazy\" decoding=\"async\" src=\"https:\/\/shop.katnook.de\/wp-content\/uploads\/2025\/06\/IMG-20220728-WA0030.jpg?v=1737826282\" alt=\"\" width=\"301\" height=\"301\" \/><figcaption>Dann kannst Du die Treppe zusammenstecken und verleimen. Solltest Du die Treppe tapezieren wollen solltest Du das vor dem zusammenleimen tun, damit es nicht un\u00f6tig kompliziert wird.<\/figcaption><\/figure>\n<figure class=\"wp-block-image size-large is-resized\"><img loading=\"lazy\" decoding=\"async\" src=\"https:\/\/shop.katnook.de\/wp-content\/uploads\/2025\/06\/IMG-20220728-WA0018.jpg?v=1737826282\" alt=\"\" width=\"300\" height=\"225\" \/><figcaption>Die Teile hierf\u00fcr sind Nummeriert.<\/figcaption><\/figure>\n<figure class=\"wp-block-image size-large is-resized\"><img loading=\"lazy\" decoding=\"async\" src=\"https:\/\/shop.katnook.de\/wp-content\/uploads\/2025\/06\/IMG-20220728-WA0019.jpg?v=1737826282\" alt=\"\" width=\"300\" height=\"225\" \/><figcaption>Zweite Lage selbes Spiel<\/figcaption><\/figure>\n<figure class=\"wp-block-image size-large is-resized\"><img loading=\"lazy\" decoding=\"async\" src=\"https:\/\/shop.katnook.de\/wp-content\/uploads\/2025\/06\/IMG-20220728-WA0021.jpg?v=1737826283\" alt=\"\" width=\"300\" height=\"300\" \/><figcaption>Es reicht immer ein kleines Tr\u00f6pfchen Leim damit die Abstandshalter stabil kleben.<\/figcaption><\/figure>\n<figure class=\"wp-block-image size-large is-resized\"><img loading=\"lazy\" decoding=\"async\" src=\"https:\/\/shop.katnook.de\/wp-content\/uploads\/2025\/06\/IMG-20220728-WA0033.jpg?v=1737826282\" alt=\"\" width=\"300\" height=\"300\" \/><figcaption>Das Seitenteil mit dem Gel\u00e4nder klebst Du so an das es vorne, mit der Treppe (nicht mit der Stufe) abschlie\u00dft.<\/figcaption><\/figure>\n<figure class=\"wp-block-image size-large is-resized\"><img loading=\"lazy\" decoding=\"async\" src=\"https:\/\/shop.katnook.de\/wp-content\/uploads\/2025\/06\/IMG-20220728-WA0034.jpg?v=1737826282\" alt=\"\" width=\"300\" height=\"481\" \/><figcaption>Zum Schluss steckst Du die Gel\u00e4nderteile in die Platte des Obergeschoss und leimst das Gel\u00e4nder obendrauf. Dannach kannst Du das Obergeschoss auf die Treppe kleben. Jetzt kannst Du alles noch mit Acrylfarben bemalen.<\/figcaption><\/figure>\n<figure class=\"wp-block-image size-large is-resized\"><img loading=\"lazy\" decoding=\"async\" src=\"https:\/\/shop.katnook.de\/wp-content\/uploads\/2025\/06\/IMG-20220728-WA0024.jpg?v=1737826283\" alt=\"\" width=\"300\" height=\"300\" \/><figcaption>Klebe diese beiden T\u00fcrrahmen zusammen ohne die T\u00fcr fest zu kleben. Damit die T\u00fcr sich auch barrierefrei \u00f6ffnen l\u00e4sst solltest Du die quadratischen Stecker (oben und unten an der T\u00fcr) rund feilen. Ich benutze daf\u00fcr eine Nagelfeile (wegen der Gr\u00f6\u00dfe). Klebe auch den kleineren der Beiden mitgelieferten T\u00fcrkn\u00e4ufe an. Sobald der Leim trocken ist, kannst Du die T\u00fcr und auch den Knauf mit Acrylfarben bemalen.<\/figcaption><\/figure>\n<figure class=\"wp-block-image size-large is-resized\"><img loading=\"lazy\" decoding=\"async\" src=\"https:\/\/shop.katnook.de\/wp-content\/uploads\/2025\/06\/IMG-20220728-WA0032.jpg?v=1737826283\" alt=\"\" width=\"300\" height=\"300\" \/><figcaption>Sobald Du das Regal zusammengesteckt hast kannst Du die Treppe und und das Regal in die Roombox schieben. Jetzt kannst Du auch die T\u00fcr in das Obergeschoss stecken und den Rahmen an die Wand kleben. Benutze daf\u00fcr nicht zu viel Leim damit sich die T\u00fcr noch \u00f6ffnen l\u00e4sst.<\/figcaption><\/figure>\n<figure class=\"wp-block-image size-large is-resized\"><img loading=\"lazy\" decoding=\"async\" src=\"https:\/\/shop.katnook.de\/wp-content\/uploads\/2025\/06\/IMG-20220728-WA0022.jpg?v=1737826283\" alt=\"\" width=\"300\" height=\"300\" \/><\/figure>\n<figure class=\"wp-block-image size-large is-resized\"><img loading=\"lazy\" decoding=\"async\" src=\"https:\/\/shop.katnook.de\/wp-content\/uploads\/2025\/06\/IMG-20220728-WA0023.jpg?v=1737826281\" alt=\"\" width=\"300\" height=\"300\" \/><figcaption>Bei dem Stuhl klebst Du als erstes die Sitzfl\u00e4che mit der Fl\u00e4che f\u00fcr die Stuhlbeine zusammen. Sobald der Leim getrockner ist, f\u00fcllst Du die l\u00f6cher mit etwas Leim und kannst nun Lehne und Stuhlbeine einstecken.<\/figcaption><\/figure>\n<figure class=\"wp-block-image size-large is-resized\"><img loading=\"lazy\" decoding=\"async\" src=\"https:\/\/shop.katnook.de\/wp-content\/uploads\/2025\/06\/IMG-20220728-WA0028.jpg?v=1737826282\" alt=\"\" width=\"300\" height=\"225\" \/><figcaption>Bei dem Verkaufstresen steckst Du erst die Seitenteile an die B\u00f6den. Hier ist eine kleine Markierung auf jedem Brett, die Dir zeigt welche Seite zur R\u00fcckseite zeigt.<\/figcaption><\/figure>\n<figure class=\"wp-block-image size-large is-resized\"><img loading=\"lazy\" decoding=\"async\" src=\"https:\/\/shop.katnook.de\/wp-content\/uploads\/2025\/06\/IMG-20220728-WA0014.jpg?v=1737826283\" alt=\"\" width=\"300\" height=\"300\" \/><figcaption>Die R\u00fcckseite wird angesteckt und vorher mit etwas Leim betupft. Die Front wird auch aufgeleimt und zum Schluss die gravierte Tresenplatte so aufgeklebt das sie links mit dem Seitenteil abschlie\u00dft, so das der Tresen ganz an die Wand geschoben werden kann.<\/figcaption><\/figure>\n<figure class=\"wp-block-image size-large is-resized\"><img loading=\"lazy\" decoding=\"async\" src=\"https:\/\/shop.katnook.de\/wp-content\/uploads\/2025\/06\/IMG-20220728-WA0016.jpg?v=1737826282\" alt=\"\" width=\"300\" height=\"300\" \/><figcaption>Bevor Du die Front anschrauben kannst, leimst Du die beiden gro\u00dfen Frontteile zusammen. Achte hierbei darauf das der Leim gut verteilt ist und beim Trocknen gut gepresst wird, damit die Teile beim anschrauben nicht auseinander gehen. Ich verteile den Leim hier mit dem Finger und fixiere mit Malerkrepp die Teile so das sie sich nicht verschieben k\u00f6nnen w\u00e4rend ich sie mit B\u00fcchern presse.<\/figcaption><\/figure>\n<figure class=\"wp-block-image size-large is-resized\"><img loading=\"lazy\" decoding=\"async\" src=\"https:\/\/shop.katnook.de\/wp-content\/uploads\/2025\/06\/IMG-20220728-WA0031.jpg?v=1737826283\" alt=\"\" width=\"300\" height=\"300\" \/><figcaption>Wenn der Leim Trocken ist, feile ich die Stecker wie auch bei der kleinen T\u00fcr rund, setze die T\u00fcr ein und fixiere sie mit einer kleinen Leiste. Diese Leiste klebt nur auf der rechten Seite an dem T\u00fcrrahmen, so l\u00e4sst sich die T\u00fcr einfach \u00f6ffen.<\/figcaption><\/figure>\n<figure class=\"wp-block-image size-large is-resized\"><img loading=\"lazy\" decoding=\"async\" src=\"https:\/\/shop.katnook.de\/wp-content\/uploads\/2025\/06\/IMG-20220728-WA0026.jpg?v=1737826282\" alt=\"\" width=\"300\" height=\"300\" \/><figcaption>Das Erkerfenster ist optional, wenn Du lieber die gro\u00dfe Fenster\u00f6ffnung ohne Verstrebung haben m\u00f6chtest, l\u00e4sst Du es einfach weg. Mit Erkerfenster, klebst Du zuerst auf die (gef\u00fcllten) Halbb\u00f6gen je eine Bogenleiste.<\/figcaption><\/figure>\n<figure class=\"wp-block-image size-large is-resized\"><img loading=\"lazy\" decoding=\"async\" src=\"https:\/\/shop.katnook.de\/wp-content\/uploads\/2025\/06\/IMG-20220728-WA0027.jpg?v=1737826281\" alt=\"\" width=\"300\" height=\"300\" \/><figcaption>Dann klebst Du das Gitter zusammen.<\/figcaption><\/figure>\n<figure class=\"wp-block-image size-large is-resized\"><img loading=\"lazy\" decoding=\"async\" src=\"https:\/\/shop.katnook.de\/wp-content\/uploads\/2025\/06\/IMG-20220728-WA0028.jpg?v=1737826282\" alt=\"\" width=\"300\" height=\"225\" \/><figcaption>Es hat sich bei mir bew\u00e4hrt, die letzten beiden Streben erst ganz zum Schluss, an die Seiten zu kleben.<\/figcaption><\/figure>\n<figure class=\"wp-block-image size-large is-resized\"><img loading=\"lazy\" decoding=\"async\" src=\"https:\/\/shop.katnook.de\/wp-content\/uploads\/2025\/06\/IMG-20220728-WA0029.jpg?v=1737826283\" alt=\"\" width=\"300\" height=\"300\" \/><figcaption>Jetzt kannst Du die Front bemalen und bekleben und anschlie\u00dfend mit den drei mitgelieferten Scharnieren an die Seite schrauben. Auf welcher Seite ist hier ganz egal.<\/figcaption><\/figure>\n<figure class=\"wp-block-image size-full is-resized\"><figcaption>VIEL SPASS BEIM BASTELN<\/figcaption><\/figure>","protected":false},"excerpt":{"rendered":"<p>Du beginnst damit die Roombox zu tapezieren und anschlie\u00dfend zusammen zu bauen. Als Tapete eignen sich z.B. Origamipapier, wegen der [&hellip;]<\/p>\n","protected":false},"author":1,"featured_media":1576,"parent":0,"menu_order":0,"comment_status":"open","ping_status":"open","template":"","meta":{"site-sidebar-layout":"default","site-content-layout":"","ast-site-content-layout":"default","site-content-style":"default","site-sidebar-style":"default","ast-global-header-display":"","ast-banner-title-visibility":"","ast-main-header-display":"","ast-hfb-above-header-display":"","ast-hfb-below-header-display":"","ast-hfb-mobile-header-display":"","site-post-title":"","ast-breadcrumbs-content":"","ast-featured-img":"","footer-sml-layout":"","ast-disable-related-posts":"","theme-transparent-header-meta":"","adv-header-id-meta":"","stick-header-meta":"","header-above-stick-meta":"","header-main-stick-meta":"","header-below-stick-meta":"","astra-migrate-meta-layouts":"default","ast-page-background-enabled":"default","ast-page-background-meta":{"desktop":{"background-color":"var(--ast-global-color-5)","background-image":"","background-repeat":"repeat","background-position":"center center","background-size":"auto","background-attachment":"scroll","background-type":"","background-media":"","overlay-type":"","overlay-color":"","overlay-opacity":"","overlay-gradient":""},"tablet":{"background-color":"","background-image":"","background-repeat":"repeat","background-position":"center center","background-size":"auto","background-attachment":"scroll","background-type":"","background-media":"","overlay-type":"","overlay-color":"","overlay-opacity":"","overlay-gradient":""},"mobile":{"background-color":"","background-image":"","background-repeat":"repeat","background-position":"center center","background-size":"auto","background-attachment":"scroll","background-type":"","background-media":"","overlay-type":"","overlay-color":"","overlay-opacity":"","overlay-gradient":""}},"ast-content-background-meta":{"desktop":{"background-color":"var(--ast-global-color-4)","background-image":"","background-repeat":"repeat","background-position":"center center","background-size":"auto","background-attachment":"scroll","background-type":"","background-media":"","overlay-type":"","overlay-color":"","overlay-opacity":"","overlay-gradient":""},"tablet":{"background-color":"var(--ast-global-color-4)","background-image":"","background-repeat":"repeat","background-position":"center center","background-size":"auto","background-attachment":"scroll","background-type":"","background-media":"","overlay-type":"","overlay-color":"","overlay-opacity":"","overlay-gradient":""},"mobile":{"background-color":"var(--ast-global-color-4)","background-image":"","background-repeat":"repeat","background-position":"center center","background-size":"auto","background-attachment":"scroll","background-type":"","background-media":"","overlay-type":"","overlay-color":"","overlay-opacity":"","overlay-gradient":""}},"footnotes":""},"class_list":["post-94","page","type-page","status-publish","has-post-thumbnail","hentry"],"_links":{"self":[{"href":"https:\/\/shop.katnook.de\/en\/wp-json\/wp\/v2\/pages\/94","targetHints":{"allow":["GET"]}}],"collection":[{"href":"https:\/\/shop.katnook.de\/en\/wp-json\/wp\/v2\/pages"}],"about":[{"href":"https:\/\/shop.katnook.de\/en\/wp-json\/wp\/v2\/types\/page"}],"author":[{"embeddable":true,"href":"https:\/\/shop.katnook.de\/en\/wp-json\/wp\/v2\/users\/1"}],"replies":[{"embeddable":true,"href":"https:\/\/shop.katnook.de\/en\/wp-json\/wp\/v2\/comments?post=94"}],"version-history":[{"count":10,"href":"https:\/\/shop.katnook.de\/en\/wp-json\/wp\/v2\/pages\/94\/revisions"}],"predecessor-version":[{"id":2650,"href":"https:\/\/shop.katnook.de\/en\/wp-json\/wp\/v2\/pages\/94\/revisions\/2650"}],"wp:featuredmedia":[{"embeddable":true,"href":"https:\/\/shop.katnook.de\/en\/wp-json\/wp\/v2\/media\/1576"}],"wp:attachment":[{"href":"https:\/\/shop.katnook.de\/en\/wp-json\/wp\/v2\/media?parent=94"}],"curies":[{"name":"wp","href":"https:\/\/api.w.org\/{rel}","templated":true}]}}