{"id":88,"date":"2022-09-14T18:54:39","date_gmt":"2022-09-14T16:54:39","guid":{"rendered":"https:\/\/shop.katnook.de\/2022\/09\/14\/book-nook-mit-tuer\/"},"modified":"2025-11-26T21:55:12","modified_gmt":"2025-11-26T20:55:12","slug":"book-nook-mit-tuer","status":"publish","type":"page","link":"https:\/\/shop.katnook.de\/en\/book-nook-mit-tuer\/","title":{"rendered":"Book Nook with door"},"content":{"rendered":"<div class=\"edit-post-visual-editor__post-title-wrapper\">\n<h1 class=\"wp-block wp-block-post-title block-editor-block-list__block editor-post-title editor-post-title__input rich-text\" aria-label=\"Titel hier eingeben\" role=\"textbox\" style=\"min-width: 1px\"><\/h1>\n<p>\n<\/div>\n<div class=\"is-root-container block-editor-block-list__layout\" data-is-drop-zone=\"true\">\n<figure class=\"block-editor-block-list__block wp-block size-large wp-block-image\" id=\"block-a71e64fa-65f1-4813-9343-6d5c6b9a2e12\" role=\"document\" aria-label=\"Block: Bild\" data-block=\"a71e64fa-65f1-4813-9343-6d5c6b9a2e12\" data-type=\"core\/image\" data-title=\"Bild\"><figcaption role=\"textbox\" aria-label=\"Bild-Beschriftungs-Text\" class=\"block-editor-rich-text__editable rich-text\" style=\"min-width: 1px\">\u00dcberlege Dir ein Thema f\u00fcr Deine T\u00fcr, meine wird z.B. eine gruselige Halloween T\u00fcr. Inspiration findest Du <a href=\"https:\/\/pin.it\/3m8VTQf\">hier.<\/a><\/figcaption><div class=\"components-drop-zone\" data-is-drop-zone=\"true\"><\/div>\n<\/figure>\n<figure class=\"block-editor-block-list__block wp-block size-large wp-block-image\" id=\"block-af7b4baa-b400-49f5-af97-00f6945962be\" role=\"document\" aria-label=\"Block: Bild\" data-block=\"af7b4baa-b400-49f5-af97-00f6945962be\" data-type=\"core\/image\" data-title=\"Bild\">\n<div style=\"position: relative;width: auto;height: auto;max-width: 1450px;max-height: 1450px;min-width: 20px;min-height: 20px;flex-shrink: 0\" class=\"components-resizable-box__container\">\n<img loading=\"lazy\" decoding=\"async\" alt=\"\" src=\"https:\/\/shop.katnook.de\/wp-content\/uploads\/2025\/06\/IMG-20220807-WA0021-1024x1024-1.jpg?v=1738156588\" width=\"400\" height=\"400\"><\/p>\n<div><\/div>\n<\/div><figcaption role=\"textbox\" aria-label=\"Bild-Beschriftungs-Text\" class=\"block-editor-rich-text__editable rich-text\" style=\"min-width: 1px\">Fange zuerst damit an die Teile zu bemalen.<\/figcaption><div class=\"components-drop-zone\" data-is-drop-zone=\"true\"><\/div>\n<\/figure>\n<figure class=\"block-editor-block-list__block wp-block size-large wp-block-image\" id=\"block-5c0f599e-d7c5-488b-b121-c3269c9a52eb\" role=\"document\" aria-label=\"Block: Bild\" data-block=\"5c0f599e-d7c5-488b-b121-c3269c9a52eb\" data-type=\"core\/image\" data-title=\"Bild\">\n<div class=\"components-resizable-box__container\" style=\"text-align: start\">\n<img loading=\"lazy\" decoding=\"async\" src=\"https:\/\/shop.katnook.de\/wp-content\/uploads\/2025\/06\/tuer-1.jpg?v=1738156762\" alt=\"Dieses Bild hat ein leeres Alt-Attribut. Der Dateiname ist tuer-1-1024x406.jpg\" width=\"493\" height=\"196\" style=\"margin-bottom: 16px;float: none\"><\/p>\n<div><\/div>\n<\/div><figcaption role=\"textbox\" aria-label=\"Bild-Beschriftungs-Text\" class=\"block-editor-rich-text__editable rich-text\" style=\"min-width: 1px\">Damit die T\u00fcr sich \u00f6ffnen l\u00e4sst, solltest Du die &#8222;Scharniere&#8220; rund feilen. Das geht am besten mit einer Nagelfeile. Auf der R\u00fcckseite klebst Du die kleinen Stege auf, legst die T\u00fcr ein und klebst auf der Vorderseite den T\u00fcrrahmen. Achte daruf das dort wo die &#8222;Scharniere&#8220; sich drehen sollen m\u00f6glichst kein Kleber ist.<\/figcaption><div class=\"components-drop-zone\" data-is-drop-zone=\"true\"><\/div>\n<\/figure>\n<figure class=\"block-editor-block-list__block wp-block size-large wp-block-image\" id=\"block-c0507c83-4703-43f6-a50b-77da8dd7179f\" role=\"document\" aria-label=\"Block: Bild\" data-block=\"c0507c83-4703-43f6-a50b-77da8dd7179f\" data-type=\"core\/image\" data-title=\"Bild\">\n<div class=\"components-resizable-box__container\" style=\"text-align: start\">\n<img loading=\"lazy\" decoding=\"async\" src=\"https:\/\/shop.katnook.de\/wp-content\/uploads\/2025\/06\/IMG-20220807-WA0027-1024x1024-1.jpg?v=1738156822\" alt=\"Dieses Bild hat ein leeres Alt-Attribut. Der Dateiname ist IMG-20220807-WA0027-1024x1024.jpg\" width=\"300\" height=\"300\" style=\"margin-bottom: 16px;float: none\"><\/p>\n<div><\/div>\n<\/div><figcaption role=\"textbox\" aria-label=\"Bild-Beschriftungs-Text\" class=\"block-editor-rich-text__editable rich-text\" style=\"min-width: 1px\">Klebe die Treppenstufen zusammen und gestalte sie nach Deinen W\u00fcnschen.<\/figcaption><div class=\"components-drop-zone\" data-is-drop-zone=\"true\"><\/div>\n<\/figure>\n<figure class=\"block-editor-block-list__block wp-block size-large wp-block-image\" id=\"block-c8f17690-37ef-4e73-bd61-890517645f2b\" role=\"document\" aria-label=\"Block: Bild\" data-block=\"c8f17690-37ef-4e73-bd61-890517645f2b\" data-type=\"core\/image\" data-title=\"Bild\">\n<div class=\"components-resizable-box__container\" style=\"text-align: start\">\n<img loading=\"lazy\" decoding=\"async\" src=\"https:\/\/shop.katnook.de\/wp-content\/uploads\/2025\/06\/IMG-20220807-WA0028-1024x1024-1.jpg?v=1738156868\" alt=\"Dieses Bild hat ein leeres Alt-Attribut. Der Dateiname ist IMG-20220807-WA0028-1024x1024.jpg\" width=\"300\" height=\"300\" style=\"margin-bottom: 16px;float: none\"><\/p>\n<div><\/div>\n<\/div><figcaption role=\"textbox\" aria-label=\"Bild-Beschriftungs-Text\" class=\"block-editor-rich-text__editable rich-text\" style=\"min-width: 1px\">Bevor Du die innere Box zusammen leimst, \u00fcberlege Dir wo genau die Beleuchtung sein soll damit Du vorher passende \u00d6ffnungen daf\u00fcr bohrst.<\/figcaption><div class=\"components-drop-zone\" data-is-drop-zone=\"true\"><\/div>\n<\/figure>\n<figure class=\"block-editor-block-list__block wp-block size-large wp-block-image\" id=\"block-6f84e587-220c-41e4-975b-640d0a8a1cc1\" role=\"document\" aria-label=\"Block: Bild\" data-block=\"6f84e587-220c-41e4-975b-640d0a8a1cc1\" data-type=\"core\/image\" data-title=\"Bild\">\n<div class=\"components-resizable-box__container\" style=\"text-align: start\">\n<img loading=\"lazy\" decoding=\"async\" src=\"https:\/\/shop.katnook.de\/wp-content\/uploads\/2025\/06\/IMG-20220807-WA0023-1024x1024-1.jpg?v=1738156912\" alt=\"Dieses Bild hat ein leeres Alt-Attribut. Der Dateiname ist IMG-20220807-WA0023-1024x1024.jpg\" width=\"300\" height=\"300\" style=\"margin-bottom: 16px;float: none\"><\/p>\n<div><\/div>\n<\/div><figcaption role=\"textbox\" aria-label=\"Bild-Beschriftungs-Text\" class=\"block-editor-rich-text__editable rich-text\" style=\"min-width: 1px\">Nun kannst Du Treppe und T\u00fcr mit der Box verbinden.<\/figcaption><div class=\"components-drop-zone\" data-is-drop-zone=\"true\"><\/div>\n<\/figure>\n<figure class=\"block-editor-block-list__block wp-block size-large is-selected wp-block-image\" id=\"block-a4fd1717-d1c8-4dd6-97f9-3dcea8c84da6\" role=\"document\" aria-label=\"Block: Bild\" data-block=\"a4fd1717-d1c8-4dd6-97f9-3dcea8c84da6\" data-type=\"core\/image\" data-title=\"Bild\">\n<div class=\"components-resizable-box__container has-show-handle\" style=\"text-align: start\">\n<img loading=\"lazy\" decoding=\"async\" src=\"https:\/\/shop.katnook.de\/wp-content\/uploads\/2025\/06\/IMG-20220807-WA0023-1024x1024-1.jpg?v=1738156912\" alt=\"Dieses Bild hat ein leeres Alt-Attribut. Der Dateiname ist IMG-20220807-WA0022-1024x1024.jpg\" width=\"300\" height=\"300\" style=\"margin-bottom: 16px;float: none\"><\/p>\n<div><\/div>\n<\/div><figcaption role=\"textbox\" aria-label=\"Bild-Beschriftungs-Text\" class=\"block-editor-rich-text__editable rich-text\" style=\"min-width: 1px\">Verlege die Kabel Deiner Beleuchtung bevor Du die Aussenw\u00e4nde anklebst. Zum Schluss nur noch die Front ankleben und gestalten.<\/figcaption><\/figure>\n<\/div>","protected":false},"excerpt":{"rendered":"<p>\u00dcberlege Dir ein Thema f\u00fcr Deine T\u00fcr, meine wird z.B. eine gruselige Halloween T\u00fcr. Inspiration findest Du hier. Fange zuerst [&hellip;]<\/p>\n","protected":false},"author":1,"featured_media":1511,"parent":0,"menu_order":0,"comment_status":"open","ping_status":"open","template":"","meta":{"site-sidebar-layout":"default","site-content-layout":"","ast-site-content-layout":"default","site-content-style":"default","site-sidebar-style":"default","ast-global-header-display":"","ast-banner-title-visibility":"","ast-main-header-display":"","ast-hfb-above-header-display":"","ast-hfb-below-header-display":"","ast-hfb-mobile-header-display":"","site-post-title":"","ast-breadcrumbs-content":"","ast-featured-img":"","footer-sml-layout":"","ast-disable-related-posts":"","theme-transparent-header-meta":"","adv-header-id-meta":"","stick-header-meta":"","header-above-stick-meta":"","header-main-stick-meta":"","header-below-stick-meta":"","astra-migrate-meta-layouts":"default","ast-page-background-enabled":"default","ast-page-background-meta":{"desktop":{"background-color":"var(--ast-global-color-5)","background-image":"","background-repeat":"repeat","background-position":"center center","background-size":"auto","background-attachment":"scroll","background-type":"","background-media":"","overlay-type":"","overlay-color":"","overlay-opacity":"","overlay-gradient":""},"tablet":{"background-color":"","background-image":"","background-repeat":"repeat","background-position":"center center","background-size":"auto","background-attachment":"scroll","background-type":"","background-media":"","overlay-type":"","overlay-color":"","overlay-opacity":"","overlay-gradient":""},"mobile":{"background-color":"","background-image":"","background-repeat":"repeat","background-position":"center center","background-size":"auto","background-attachment":"scroll","background-type":"","background-media":"","overlay-type":"","overlay-color":"","overlay-opacity":"","overlay-gradient":""}},"ast-content-background-meta":{"desktop":{"background-color":"var(--ast-global-color-4)","background-image":"","background-repeat":"repeat","background-position":"center center","background-size":"auto","background-attachment":"scroll","background-type":"","background-media":"","overlay-type":"","overlay-color":"","overlay-opacity":"","overlay-gradient":""},"tablet":{"background-color":"var(--ast-global-color-4)","background-image":"","background-repeat":"repeat","background-position":"center center","background-size":"auto","background-attachment":"scroll","background-type":"","background-media":"","overlay-type":"","overlay-color":"","overlay-opacity":"","overlay-gradient":""},"mobile":{"background-color":"var(--ast-global-color-4)","background-image":"","background-repeat":"repeat","background-position":"center center","background-size":"auto","background-attachment":"scroll","background-type":"","background-media":"","overlay-type":"","overlay-color":"","overlay-opacity":"","overlay-gradient":""}},"footnotes":""},"class_list":["post-88","page","type-page","status-publish","has-post-thumbnail","hentry"],"_links":{"self":[{"href":"https:\/\/shop.katnook.de\/en\/wp-json\/wp\/v2\/pages\/88","targetHints":{"allow":["GET"]}}],"collection":[{"href":"https:\/\/shop.katnook.de\/en\/wp-json\/wp\/v2\/pages"}],"about":[{"href":"https:\/\/shop.katnook.de\/en\/wp-json\/wp\/v2\/types\/page"}],"author":[{"embeddable":true,"href":"https:\/\/shop.katnook.de\/en\/wp-json\/wp\/v2\/users\/1"}],"replies":[{"embeddable":true,"href":"https:\/\/shop.katnook.de\/en\/wp-json\/wp\/v2\/comments?post=88"}],"version-history":[{"count":5,"href":"https:\/\/shop.katnook.de\/en\/wp-json\/wp\/v2\/pages\/88\/revisions"}],"predecessor-version":[{"id":1529,"href":"https:\/\/shop.katnook.de\/en\/wp-json\/wp\/v2\/pages\/88\/revisions\/1529"}],"wp:featuredmedia":[{"embeddable":true,"href":"https:\/\/shop.katnook.de\/en\/wp-json\/wp\/v2\/media\/1511"}],"wp:attachment":[{"href":"https:\/\/shop.katnook.de\/en\/wp-json\/wp\/v2\/media?parent=88"}],"curies":[{"name":"wp","href":"https:\/\/api.w.org\/{rel}","templated":true}]}}