{"id":81,"date":"2022-10-12T10:15:19","date_gmt":"2022-10-12T08:15:19","guid":{"rendered":"https:\/\/shop.katnook.de\/2022\/10\/12\/kleine-roombox-mit-tuer\/"},"modified":"2025-11-26T21:52:50","modified_gmt":"2025-11-26T20:52:50","slug":"kleine-roombox-mit-tuer","status":"publish","type":"page","link":"https:\/\/shop.katnook.de\/en\/kleine-roombox-mit-tuer\/","title":{"rendered":"Small roombox with door"},"content":{"rendered":"<p>Hast Du schon eine Idee f\u00fcr Deine Roombox? Na dann los&#8230;..<\/p>\n<p>Sortiere Dir die Regalteile so das sich gleiche Symbole gegen\u00fcber liegen. Dann leime alle Teile zusammen. Das Loch wo die T\u00fcr eingeh\u00e4ngt wird ist vorne rechts.<\/p>\n<p><img loading=\"lazy\" decoding=\"async\" src=\"https:\/\/shop.katnook.de\/wp-content\/uploads\/2025\/06\/20221010_211645_0000_480x480.png?v=1665468957\" alt=\"\" width=\"230\" height=\"230\"> <img loading=\"lazy\" decoding=\"async\" src=\"https:\/\/shop.katnook.de\/wp-content\/uploads\/2025\/06\/20221010_211858_0000_480x480.png?v=1665468966\" alt=\"\" width=\"230\" height=\"230\"> <img loading=\"lazy\" decoding=\"async\" src=\"https:\/\/shop.katnook.de\/wp-content\/uploads\/2025\/06\/20221010_212140_0000_480x480.png?v=1665468975\" alt=\"\" width=\"230\" height=\"230\"><\/p>\n<p>Wenn der Kleber trocken ist kannst Du die zwischenteile am Boden einsetzen. Denke daran die T\u00fcr zwischen den L\u00f6chern einzusetzen.<\/p>\n<p><img loading=\"lazy\" decoding=\"async\" src=\"https:\/\/shop.katnook.de\/wp-content\/uploads\/2025\/06\/20221010_212317_0000_480x480.png?v=1665468985\" alt=\"\" width=\"230\" height=\"230\"><\/p>\n<p>Klebe das Regal direkt auf die R\u00fcckwand. Du kannst auch die R\u00fcckwand vorher tapezieren, dann sollte das Regal aber vorher bemalt werden um es nicht unn\u00f6tig kompliziert zu machen.<\/p>\n<p><img loading=\"lazy\" decoding=\"async\" src=\"https:\/\/shop.katnook.de\/wp-content\/uploads\/2025\/06\/20221010_221611_0000_480x480.png?v=1665469005\" alt=\"\" width=\"230\" height=\"230\"><\/p>\n<p>Beklebe oder bemale die Seitenteile, Boden und Decke bevor Du sie zusammensteckst. Wenn Du eine Seite vorerst offen l\u00e4sst kannst Du einfacher Kabel verlegen und dekorieren.<\/p>\n<p><img loading=\"lazy\" decoding=\"async\" src=\"https:\/\/shop.katnook.de\/wp-content\/uploads\/2025\/06\/20221010_221727_0000_480x480.png?v=1665469014\" alt=\"\" width=\"230\" height=\"230\"><\/p>\n<p>Zum Schluss nur noch das zweite Seitenteil und die Front ankleben und von au\u00dfen bemalen.<\/p>\n<p>Fr\u00f6hliches basteln und dekorieren!<\/p>","protected":false},"excerpt":{"rendered":"<p>Hast Du schon eine Idee f\u00fcr Deine Roombox? Na dann los&#8230;.. Sortiere Dir die Regalteile so das sich gleiche Symbole [&hellip;]<\/p>\n","protected":false},"author":1,"featured_media":1244,"parent":0,"menu_order":0,"comment_status":"open","ping_status":"open","template":"","meta":{"site-sidebar-layout":"default","site-content-layout":"","ast-site-content-layout":"default","site-content-style":"default","site-sidebar-style":"default","ast-global-header-display":"","ast-banner-title-visibility":"","ast-main-header-display":"","ast-hfb-above-header-display":"","ast-hfb-below-header-display":"","ast-hfb-mobile-header-display":"","site-post-title":"","ast-breadcrumbs-content":"","ast-featured-img":"","footer-sml-layout":"","ast-disable-related-posts":"","theme-transparent-header-meta":"","adv-header-id-meta":"","stick-header-meta":"","header-above-stick-meta":"","header-main-stick-meta":"","header-below-stick-meta":"","astra-migrate-meta-layouts":"default","ast-page-background-enabled":"default","ast-page-background-meta":{"desktop":{"background-color":"var(--ast-global-color-5)","background-image":"","background-repeat":"repeat","background-position":"center center","background-size":"auto","background-attachment":"scroll","background-type":"","background-media":"","overlay-type":"","overlay-color":"","overlay-opacity":"","overlay-gradient":""},"tablet":{"background-color":"","background-image":"","background-repeat":"repeat","background-position":"center center","background-size":"auto","background-attachment":"scroll","background-type":"","background-media":"","overlay-type":"","overlay-color":"","overlay-opacity":"","overlay-gradient":""},"mobile":{"background-color":"","background-image":"","background-repeat":"repeat","background-position":"center center","background-size":"auto","background-attachment":"scroll","background-type":"","background-media":"","overlay-type":"","overlay-color":"","overlay-opacity":"","overlay-gradient":""}},"ast-content-background-meta":{"desktop":{"background-color":"var(--ast-global-color-4)","background-image":"","background-repeat":"repeat","background-position":"center center","background-size":"auto","background-attachment":"scroll","background-type":"","background-media":"","overlay-type":"","overlay-color":"","overlay-opacity":"","overlay-gradient":""},"tablet":{"background-color":"var(--ast-global-color-4)","background-image":"","background-repeat":"repeat","background-position":"center center","background-size":"auto","background-attachment":"scroll","background-type":"","background-media":"","overlay-type":"","overlay-color":"","overlay-opacity":"","overlay-gradient":""},"mobile":{"background-color":"var(--ast-global-color-4)","background-image":"","background-repeat":"repeat","background-position":"center center","background-size":"auto","background-attachment":"scroll","background-type":"","background-media":"","overlay-type":"","overlay-color":"","overlay-opacity":"","overlay-gradient":""}},"footnotes":""},"class_list":["post-81","page","type-page","status-publish","has-post-thumbnail","hentry"],"_links":{"self":[{"href":"https:\/\/shop.katnook.de\/en\/wp-json\/wp\/v2\/pages\/81","targetHints":{"allow":["GET"]}}],"collection":[{"href":"https:\/\/shop.katnook.de\/en\/wp-json\/wp\/v2\/pages"}],"about":[{"href":"https:\/\/shop.katnook.de\/en\/wp-json\/wp\/v2\/types\/page"}],"author":[{"embeddable":true,"href":"https:\/\/shop.katnook.de\/en\/wp-json\/wp\/v2\/users\/1"}],"replies":[{"embeddable":true,"href":"https:\/\/shop.katnook.de\/en\/wp-json\/wp\/v2\/comments?post=81"}],"version-history":[{"count":6,"href":"https:\/\/shop.katnook.de\/en\/wp-json\/wp\/v2\/pages\/81\/revisions"}],"predecessor-version":[{"id":1278,"href":"https:\/\/shop.katnook.de\/en\/wp-json\/wp\/v2\/pages\/81\/revisions\/1278"}],"wp:featuredmedia":[{"embeddable":true,"href":"https:\/\/shop.katnook.de\/en\/wp-json\/wp\/v2\/media\/1244"}],"wp:attachment":[{"href":"https:\/\/shop.katnook.de\/en\/wp-json\/wp\/v2\/media?parent=81"}],"curies":[{"name":"wp","href":"https:\/\/api.w.org\/{rel}","templated":true}]}}