{"id":80,"date":"2022-10-26T14:13:32","date_gmt":"2022-10-26T12:13:32","guid":{"rendered":"https:\/\/shop.katnook.de\/2022\/10\/26\/bauanleitung-zimmer-unter-der-treppe\/"},"modified":"2025-11-29T22:42:02","modified_gmt":"2025-11-29T21:42:02","slug":"bauanleitung-zimmer-unter-der-treppe","status":"publish","type":"page","link":"https:\/\/shop.katnook.de\/en\/bauanleitung-zimmer-unter-der-treppe\/","title":{"rendered":"Building instructions for the room under the stairs"},"content":{"rendered":"<p>Du hast sicher schon eine Idee f\u00fcr Deine Roombox?! Tapeten, Farben und Kleber liegen bereit? Dann mal los&#8230;..<\/p>\n<p><img loading=\"lazy\" decoding=\"async\" src=\"https:\/\/shop.katnook.de\/wp-content\/uploads\/2025\/06\/20221024_175424_0000_480x480.png?v=1666783179\" alt=\"\" width=\"250\" height=\"250\" \/><\/p>\n<p>Beginne damit den Fussboden zu bekleben oder zu bemalen. Die zu beklebende Seite ist die wo das Loch f\u00fcr die T\u00fcr links liegt. Die T\u00fcr kannst Du dort auch gleich einstecken.<\/p>\n<p><img loading=\"lazy\" decoding=\"async\" src=\"https:\/\/shop.katnook.de\/wp-content\/uploads\/2025\/06\/20221024_175747_0000_480x480.png?v=1666783188\" alt=\"\" width=\"250\" height=\"250\" \/><\/p>\n<p>Wenn Du die R\u00fcckwand tapeziert hast, klebst Du das Treppenteil ohne den T\u00fcrausschnitt an die R\u00fcckwand. Als n\u00e4chstes kannst Du das andere Treppenteil in den Boden stecken.<\/p>\n<p><img loading=\"lazy\" decoding=\"async\" src=\"https:\/\/shop.katnook.de\/wp-content\/uploads\/2025\/06\/20221024_180057_0000_480x480.png?v=1666783196\" alt=\"\" width=\"250\" height=\"250\" \/><\/p>\n<p>Damit die T\u00fcr sich \u00f6ffnen l\u00e4sst musst Du zuerst den oberen &#8222;Haken&#8220; rund feilen (mit einer Nagelfeile geht das am besten). Dann klebst Du, wie hier im Bild, auf die R\u00fcckseite (unter Treppe) eine kleine Leiste. Achte dabei darauf das der Kleber nicht auf der L\u00fccke ist, damit sich die T\u00fcr auch noch drehen l\u00e4sst wenn der Kleber trocken ist. Auf die Front klebst Du nur noch den T\u00fcrrahmen.<\/p>\n<p><img loading=\"lazy\" decoding=\"async\" src=\"https:\/\/shop.katnook.de\/wp-content\/uploads\/2025\/06\/20221024_180330_0000_480x480.png?v=1666783228\" alt=\"\" width=\"250\" height=\"250\" \/><\/p>\n<p>zwischen die beiden Treppenteile steckst (und klebst) Du die Verblender. Ein Teil davon ist etwas schmaler, das kommt unter die erste Stufe. Die Stufen klebst Du so auf das die L\u00f6cher auf der Vorderseite sind, damit das Treppengel\u00e4nder dort eingesteckt werden kann.<\/p>\n<p><img loading=\"lazy\" decoding=\"async\" src=\"https:\/\/shop.katnook.de\/wp-content\/uploads\/2025\/06\/20221024_180217_0000_480x480.png?v=1666783204\" alt=\"\" width=\"250\" height=\"250\" \/><\/p>\n<p>F\u00fcr das Treppengel\u00e4nder, klebst Du die beiden mitgelieferten Teile zu einem Handlauf zusammen. Du kannst das Gel\u00e4nder so aufkleben oder vorher den Handlauf etwas rund schleifen.<\/p>\n<p><img loading=\"lazy\" decoding=\"async\" src=\"https:\/\/shop.katnook.de\/wp-content\/uploads\/2025\/06\/20221024_180525_0000_480x480.png?v=1666783237\" alt=\"\" width=\"250\" height=\"250\" \/><\/p>\n<p>Im offenen Zustand l\u00e4sst sich die Box jetz gut dekorieren.<\/p>\n<p><img loading=\"lazy\" decoding=\"async\" src=\"https:\/\/shop.katnook.de\/wp-content\/uploads\/2025\/06\/20221024_180652_0000_480x480.png?v=1666783245\" alt=\"\" width=\"250\" height=\"250\" \/><\/p>\n<p>Zum Schluss klebst Du nur noch Deckel und Seitenwand an.<\/p>","protected":false},"excerpt":{"rendered":"<p>Du hast sicher schon eine Idee f\u00fcr Deine Roombox?! Tapeten, Farben und Kleber liegen bereit? Dann mal los&#8230;.. Beginne damit [&hellip;]<\/p>\n","protected":false},"author":1,"featured_media":1201,"parent":0,"menu_order":0,"comment_status":"open","ping_status":"open","template":"","meta":{"site-sidebar-layout":"default","site-content-layout":"","ast-site-content-layout":"default","site-content-style":"default","site-sidebar-style":"default","ast-global-header-display":"","ast-banner-title-visibility":"","ast-main-header-display":"","ast-hfb-above-header-display":"","ast-hfb-below-header-display":"","ast-hfb-mobile-header-display":"","site-post-title":"","ast-breadcrumbs-content":"","ast-featured-img":"","footer-sml-layout":"","ast-disable-related-posts":"","theme-transparent-header-meta":"","adv-header-id-meta":"","stick-header-meta":"","header-above-stick-meta":"","header-main-stick-meta":"","header-below-stick-meta":"","astra-migrate-meta-layouts":"default","ast-page-background-enabled":"default","ast-page-background-meta":{"desktop":{"background-color":"var(--ast-global-color-5)","background-image":"","background-repeat":"repeat","background-position":"center center","background-size":"auto","background-attachment":"scroll","background-type":"","background-media":"","overlay-type":"","overlay-color":"","overlay-opacity":"","overlay-gradient":""},"tablet":{"background-color":"","background-image":"","background-repeat":"repeat","background-position":"center center","background-size":"auto","background-attachment":"scroll","background-type":"","background-media":"","overlay-type":"","overlay-color":"","overlay-opacity":"","overlay-gradient":""},"mobile":{"background-color":"","background-image":"","background-repeat":"repeat","background-position":"center center","background-size":"auto","background-attachment":"scroll","background-type":"","background-media":"","overlay-type":"","overlay-color":"","overlay-opacity":"","overlay-gradient":""}},"ast-content-background-meta":{"desktop":{"background-color":"var(--ast-global-color-4)","background-image":"","background-repeat":"repeat","background-position":"center center","background-size":"auto","background-attachment":"scroll","background-type":"","background-media":"","overlay-type":"","overlay-color":"","overlay-opacity":"","overlay-gradient":""},"tablet":{"background-color":"var(--ast-global-color-4)","background-image":"","background-repeat":"repeat","background-position":"center center","background-size":"auto","background-attachment":"scroll","background-type":"","background-media":"","overlay-type":"","overlay-color":"","overlay-opacity":"","overlay-gradient":""},"mobile":{"background-color":"var(--ast-global-color-4)","background-image":"","background-repeat":"repeat","background-position":"center center","background-size":"auto","background-attachment":"scroll","background-type":"","background-media":"","overlay-type":"","overlay-color":"","overlay-opacity":"","overlay-gradient":""}},"footnotes":""},"class_list":["post-80","page","type-page","status-publish","has-post-thumbnail","hentry"],"_links":{"self":[{"href":"https:\/\/shop.katnook.de\/en\/wp-json\/wp\/v2\/pages\/80","targetHints":{"allow":["GET"]}}],"collection":[{"href":"https:\/\/shop.katnook.de\/en\/wp-json\/wp\/v2\/pages"}],"about":[{"href":"https:\/\/shop.katnook.de\/en\/wp-json\/wp\/v2\/types\/page"}],"author":[{"embeddable":true,"href":"https:\/\/shop.katnook.de\/en\/wp-json\/wp\/v2\/users\/1"}],"replies":[{"embeddable":true,"href":"https:\/\/shop.katnook.de\/en\/wp-json\/wp\/v2\/comments?post=80"}],"version-history":[{"count":8,"href":"https:\/\/shop.katnook.de\/en\/wp-json\/wp\/v2\/pages\/80\/revisions"}],"predecessor-version":[{"id":2655,"href":"https:\/\/shop.katnook.de\/en\/wp-json\/wp\/v2\/pages\/80\/revisions\/2655"}],"wp:featuredmedia":[{"embeddable":true,"href":"https:\/\/shop.katnook.de\/en\/wp-json\/wp\/v2\/media\/1201"}],"wp:attachment":[{"href":"https:\/\/shop.katnook.de\/en\/wp-json\/wp\/v2\/media?parent=80"}],"curies":[{"name":"wp","href":"https:\/\/api.w.org\/{rel}","templated":true}]}}