{"id":77,"date":"2022-12-22T13:49:16","date_gmt":"2022-12-22T11:49:16","guid":{"rendered":"https:\/\/shop.katnook.de\/2022\/12\/22\/bauanleitung-verwinkelte-gasse\/"},"modified":"2025-11-26T21:51:20","modified_gmt":"2025-11-26T20:51:20","slug":"bauanleitung-verwinkelte-gasse","status":"publish","type":"page","link":"https:\/\/shop.katnook.de\/en\/bauanleitung-verwinkelte-gasse\/","title":{"rendered":"Instructions for building a winding alley"},"content":{"rendered":"<p>Deine Winkelgasse liegt vor Dir und Du m\u00f6chtest endlich anfangen zu basteln? Na dann los!<\/p>\n<p>Beginne mit der linken Au\u00dfenwand und bemale T\u00fcr (mit Knauf), Rahmen und Wand. Anschlie\u00dfend klebst Du den T\u00fcrrahmen und die T\u00fcrknauf an.<\/p>\n<p>\u00a0<img loading=\"lazy\" decoding=\"async\" src=\"https:\/\/shop.katnook.de\/wp-content\/uploads\/2025\/06\/20221227_175112_0000_480x480.png?v=1672669385\" alt=\"\" width=\"220\" height=\"220\"> <img loading=\"lazy\" decoding=\"async\" src=\"https:\/\/shop.katnook.de\/wp-content\/uploads\/2025\/06\/20221228_110736_0000_480x480.png?v=1672669691\" alt=\"\" width=\"220\" height=\"220\"> <img loading=\"lazy\" decoding=\"async\" src=\"https:\/\/shop.katnook.de\/wp-content\/uploads\/2025\/06\/20221228_203604_0000_480x480.png?v=1672670981\" alt=\"\" width=\"220\" height=\"220\"><\/p>\n<p>Im Musterfoto nicht zu sehen (weil erst sp\u00e4ter eg\u00e4nzt) ist dieses Erkerfenster \u00fcber der T\u00fcr. Dieses Fenster ist optional und kann aber muss nicht eingesetzt werden.<\/p>\n<p>Wenn Die Wand sp\u00e4ter aufgestellt wird kannst Du die Treppenstufen davor setzen.<\/p>\n<p><img loading=\"lazy\" decoding=\"async\" src=\"https:\/\/shop.katnook.de\/wp-content\/uploads\/2025\/06\/20221228_110534_0000_480x480.png?v=1672669876\" alt=\"\" width=\"220\" height=\"220\"> <img loading=\"lazy\" decoding=\"async\" src=\"https:\/\/shop.katnook.de\/wp-content\/uploads\/2025\/06\/20221228_110615_0000_480x480.png?v=1672669914\" alt=\"\" width=\"220\" height=\"220\"> <img loading=\"lazy\" decoding=\"async\" src=\"https:\/\/shop.katnook.de\/wp-content\/uploads\/2025\/06\/20221228_110645_0000_480x480.png?v=1672669968\" alt=\"\" width=\"220\" height=\"220\">\u00a0<\/p>\n<p>Zuerst klebst Du zwei der B\u00f6gen auf die Deckel und die &#8222;Sprossen&#8220; zusammen und zum Schluss die Deckel an. Je nachdem was Du im Fenster dekorieren m\u00f6chtest kannst Du in der Mitte einen Boden einkleben und somit \u00fcbereinander das Schaufenster dekorieren.<\/p>\n<p><img loading=\"lazy\" decoding=\"async\" src=\"https:\/\/shop.katnook.de\/wp-content\/uploads\/2025\/06\/20221228_114119_0000_480x480.png?v=1672670252\" alt=\"\" width=\"220\" height=\"220\"> <img loading=\"lazy\" decoding=\"async\" src=\"https:\/\/shop.katnook.de\/wp-content\/uploads\/2025\/06\/20221228_121434_0000_480x480.png?v=1672670305\" alt=\"\" width=\"220\" height=\"220\"> <img loading=\"lazy\" decoding=\"async\" src=\"https:\/\/shop.katnook.de\/wp-content\/uploads\/2025\/06\/20221228_121605_0000_480x480.png?v=1672670361\" alt=\"\" width=\"220\" height=\"220\">\u00a0<img loading=\"lazy\" decoding=\"async\" src=\"https:\/\/shop.katnook.de\/wp-content\/uploads\/2025\/06\/20221228_163301_0000_480x480.png?v=1672670401\" alt=\"\" width=\"220\" height=\"220\">\u00a0<img loading=\"lazy\" decoding=\"async\" src=\"https:\/\/shop.katnook.de\/wp-content\/uploads\/2025\/06\/20221228_163405_0000_480x480.png?v=1672670436\" alt=\"\" width=\"220\" height=\"220\"><\/p>\n<p>Als n\u00e4chstes klebst Du die rechte Ladenfront. Das Fenster klebst Du zusammen wie hier auf den Fotos zu sehen zusammen und auf die \u00d6ffnung in der &#8222;Hauswand&#8220; und dann klebst Du Balken und Fensterrahmen auf.<\/p>\n<p><img loading=\"lazy\" decoding=\"async\" src=\"https:\/\/shop.katnook.de\/wp-content\/uploads\/2025\/06\/20221228_163507_0000_480x480.png?v=1672734189\" alt=\"\" width=\"220\" height=\"220\"> <img loading=\"lazy\" decoding=\"async\" src=\"https:\/\/shop.katnook.de\/wp-content\/uploads\/2025\/06\/20221228_163612_0000_480x480.png?v=1672734205\" alt=\"\" width=\"220\" height=\"220\"><\/p>\n<p>Wenn Du es detailierter magst, kannst Du mit Pappe noch ein paar D\u00e4cher einarbeiten. Hierf\u00fcr schneidest Du ein passendes St\u00fcck aus z.B. dem Versandkarton und spaltest das Material.<\/p>\n<p><img loading=\"lazy\" decoding=\"async\" src=\"https:\/\/shop.katnook.de\/wp-content\/uploads\/2025\/06\/20230128_184251_0000_480x480.png?v=1675338777\" alt=\"\" width=\"220\" height=\"220\"> <img loading=\"lazy\" decoding=\"async\" src=\"https:\/\/shop.katnook.de\/wp-content\/uploads\/2025\/06\/20230128_184308_0000_480x480.png?v=1675338900\" alt=\"\" width=\"220\" height=\"220\"> <img loading=\"lazy\" decoding=\"async\" src=\"https:\/\/shop.katnook.de\/wp-content\/uploads\/2025\/06\/20230128_184231_0000_480x480.png?v=1675339067\" alt=\"\" width=\"220\" height=\"220\"><\/p>\n<p>Um die Schaufenster dekorieren zu k\u00f6nnen ist jetzt die Zeit die Miniaturen zu bemalen.<\/p>\n<p>Hier meine Beispiele f\u00fcr die Gestaltung der Fassaden und Schaufenster:<\/p>\n<p><img loading=\"lazy\" decoding=\"async\" src=\"https:\/\/shop.katnook.de\/wp-content\/uploads\/2025\/06\/20230128_183342_0000_480x480.png?v=1675339376\" alt=\"\" width=\"220\" height=\"220\"> <img loading=\"lazy\" decoding=\"async\" src=\"https:\/\/shop.katnook.de\/wp-content\/uploads\/2025\/06\/20230128_183318_0000_480x480.png?v=1675339363\" alt=\"\" width=\"220\" height=\"220\"> <img loading=\"lazy\" decoding=\"async\" src=\"https:\/\/shop.katnook.de\/wp-content\/uploads\/2025\/06\/20230128_183244_0000_480x480.png?v=1675339351\" alt=\"\" width=\"220\" height=\"220\"> <\/p>\n<p>\u00a0<\/p>\n<p>\u00a0<\/p>\n<p>\u00a0<\/p>\n<p>\u00a0<\/p>","protected":false},"excerpt":{"rendered":"<p>Deine Winkelgasse liegt vor Dir und Du m\u00f6chtest endlich anfangen zu basteln? Na dann los! Beginne mit der linken Au\u00dfenwand [&hellip;]<\/p>\n","protected":false},"author":1,"featured_media":986,"parent":0,"menu_order":0,"comment_status":"open","ping_status":"open","template":"","meta":{"site-sidebar-layout":"default","site-content-layout":"","ast-site-content-layout":"default","site-content-style":"default","site-sidebar-style":"default","ast-global-header-display":"","ast-banner-title-visibility":"","ast-main-header-display":"","ast-hfb-above-header-display":"","ast-hfb-below-header-display":"","ast-hfb-mobile-header-display":"","site-post-title":"","ast-breadcrumbs-content":"","ast-featured-img":"","footer-sml-layout":"","ast-disable-related-posts":"","theme-transparent-header-meta":"","adv-header-id-meta":"","stick-header-meta":"","header-above-stick-meta":"","header-main-stick-meta":"","header-below-stick-meta":"","astra-migrate-meta-layouts":"default","ast-page-background-enabled":"default","ast-page-background-meta":{"desktop":{"background-color":"var(--ast-global-color-5)","background-image":"","background-repeat":"repeat","background-position":"center center","background-size":"auto","background-attachment":"scroll","background-type":"","background-media":"","overlay-type":"","overlay-color":"","overlay-opacity":"","overlay-gradient":""},"tablet":{"background-color":"","background-image":"","background-repeat":"repeat","background-position":"center center","background-size":"auto","background-attachment":"scroll","background-type":"","background-media":"","overlay-type":"","overlay-color":"","overlay-opacity":"","overlay-gradient":""},"mobile":{"background-color":"","background-image":"","background-repeat":"repeat","background-position":"center center","background-size":"auto","background-attachment":"scroll","background-type":"","background-media":"","overlay-type":"","overlay-color":"","overlay-opacity":"","overlay-gradient":""}},"ast-content-background-meta":{"desktop":{"background-color":"var(--ast-global-color-4)","background-image":"","background-repeat":"repeat","background-position":"center center","background-size":"auto","background-attachment":"scroll","background-type":"","background-media":"","overlay-type":"","overlay-color":"","overlay-opacity":"","overlay-gradient":""},"tablet":{"background-color":"var(--ast-global-color-4)","background-image":"","background-repeat":"repeat","background-position":"center center","background-size":"auto","background-attachment":"scroll","background-type":"","background-media":"","overlay-type":"","overlay-color":"","overlay-opacity":"","overlay-gradient":""},"mobile":{"background-color":"var(--ast-global-color-4)","background-image":"","background-repeat":"repeat","background-position":"center center","background-size":"auto","background-attachment":"scroll","background-type":"","background-media":"","overlay-type":"","overlay-color":"","overlay-opacity":"","overlay-gradient":""}},"footnotes":""},"class_list":["post-77","page","type-page","status-publish","has-post-thumbnail","hentry"],"_links":{"self":[{"href":"https:\/\/shop.katnook.de\/en\/wp-json\/wp\/v2\/pages\/77","targetHints":{"allow":["GET"]}}],"collection":[{"href":"https:\/\/shop.katnook.de\/en\/wp-json\/wp\/v2\/pages"}],"about":[{"href":"https:\/\/shop.katnook.de\/en\/wp-json\/wp\/v2\/types\/page"}],"author":[{"embeddable":true,"href":"https:\/\/shop.katnook.de\/en\/wp-json\/wp\/v2\/users\/1"}],"replies":[{"embeddable":true,"href":"https:\/\/shop.katnook.de\/en\/wp-json\/wp\/v2\/comments?post=77"}],"version-history":[{"count":10,"href":"https:\/\/shop.katnook.de\/en\/wp-json\/wp\/v2\/pages\/77\/revisions"}],"predecessor-version":[{"id":1100,"href":"https:\/\/shop.katnook.de\/en\/wp-json\/wp\/v2\/pages\/77\/revisions\/1100"}],"wp:featuredmedia":[{"embeddable":true,"href":"https:\/\/shop.katnook.de\/en\/wp-json\/wp\/v2\/media\/986"}],"wp:attachment":[{"href":"https:\/\/shop.katnook.de\/en\/wp-json\/wp\/v2\/media?parent=77"}],"curies":[{"name":"wp","href":"https:\/\/api.w.org\/{rel}","templated":true}]}}