{"id":74,"date":"2023-05-04T14:52:06","date_gmt":"2023-05-04T12:52:06","guid":{"rendered":"https:\/\/shop.katnook.de\/2023\/05\/04\/wendeltreppe-diy-kit\/"},"modified":"2025-11-26T21:49:35","modified_gmt":"2025-11-26T20:49:35","slug":"wendeltreppe-diy-kit","status":"publish","type":"page","link":"https:\/\/shop.katnook.de\/en\/wendeltreppe-diy-kit\/","title":{"rendered":"Spiral staircase DIY kit"},"content":{"rendered":"<p>Du hast einen Bausatz f\u00fcr eine Wendeltreppe vor Dir liegen und m\u00f6chtest endlich loslegen?<\/p>\n<p>Zuerst musst Du wissen wie hoch der Raum ist in dem die Treppe steht. Soll sie aus dem Raum herrausragen oder an der Decke enden?<\/p>\n<p>Erst dann schneidest Du die beiden langen St\u00e4be auf die gew\u00fcnschte L\u00e4nge, je nachdem wie hoch Dein Book Nook oder Roombox ist. Dann klebst Du die Beiden Teile zu einer Stange zusammen.<\/p>\n<p><img decoding=\"async\" src=\"https:\/\/shop.katnook.de\/wp-content\/uploads\/2025\/06\/20230501_230749_0000_480x480.png?v=1683154127\" alt=\"\"><\/p>\n<p>Dann klebst Du mit einem Klebestift die Treppenstufen zusammen.<\/p>\n<p><img decoding=\"async\" src=\"https:\/\/shop.katnook.de\/wp-content\/uploads\/2025\/06\/20230501_230837_0000_480x480.png?v=1683154142\" alt=\"\"><\/p>\n<p>Schau Dir hier genau an wie die Stufenteile zusammen geh\u00f6ren:<\/p>\n<p><img decoding=\"async\" src=\"https:\/\/shop.katnook.de\/wp-content\/uploads\/2025\/06\/20230501_231008_0000_480x480.png?v=1683154176\" alt=\"\"><\/p>\n<p><img decoding=\"async\" src=\"https:\/\/shop.katnook.de\/wp-content\/uploads\/2025\/06\/20230501_230936_0000_480x480.png?v=1683154154\" alt=\"\"><\/p>\n<p>Wenn der Kleber getrocknet ist kannst Du schon die Stufenteile aufkleben<\/p>\n<p><img decoding=\"async\" src=\"https:\/\/shop.katnook.de\/wp-content\/uploads\/2025\/06\/20230501_231127_0000_480x480.png?v=1683154198\" alt=\"\"><\/p>\n<p><img decoding=\"async\" src=\"https:\/\/shop.katnook.de\/wp-content\/uploads\/2025\/06\/20230501_231216_0000_480x480.png?v=1683154208\" alt=\"\"><\/p>\n<p>Wenn die zwei unteren L\u00f6cher vorne und das Stufenteil hinten ist, hast Du alles richtig gemacht.<\/p>\n<p><img decoding=\"async\" src=\"https:\/\/shop.katnook.de\/wp-content\/uploads\/2025\/06\/20230501_231252_0000_480x480.png?v=1683154627\" alt=\"\"><\/p>\n<p>Die unterste Stufe braucht einen Absatz, deshalb schneidest Du bei einem Stufenteil die F\u00fcsschen ab bevor Du es an eine Stufe klebst:<\/p>\n<p><img decoding=\"async\" src=\"https:\/\/shop.katnook.de\/wp-content\/uploads\/2025\/06\/20230501_231327_0000_480x480.png?v=1683154645\" alt=\"\"><\/p>\n<p>Diese unsterste Stufe verklebst Du jetzt mit der Stange.<\/p>\n<p><img decoding=\"async\" src=\"https:\/\/shop.katnook.de\/wp-content\/uploads\/2025\/06\/20230501_231357_0000_480x480.png?v=1683154662\" alt=\"\"><\/p>\n<p>Und dann kann das Stapeln beginnen, nat\u00fcrlich mit ein paar Tropfen Leim.<\/p>\n<p><img decoding=\"async\" src=\"https:\/\/shop.katnook.de\/wp-content\/uploads\/2025\/06\/20230501_231427_0000_480x480.png?v=1683155007\" alt=\"\"><\/p>\n<p>W\u00e4rend die Treppe trocknet kannst Du jetzt die Gel\u00e4nderpfosten zusammen kleben.<\/p>\n<p><img decoding=\"async\" src=\"https:\/\/shop.katnook.de\/wp-content\/uploads\/2025\/06\/20230501_231040_0000_480x480.png?v=1683155123\" alt=\"\"><\/p>\n<p>Und in die vorgesehenen L\u00f6cher in den Stufen kleben.<\/p>\n<p>Wenn die Treppe an der Decke endet, brauchst Du zwei weniger und musst die oberen zwei in der H\u00f6he anpassen.<\/p>\n<p><img decoding=\"async\" src=\"https:\/\/shop.katnook.de\/wp-content\/uploads\/2025\/06\/20230504_011437_0000_480x480.png?v=1683155793\" alt=\"\"><\/p>\n<p>Du kannst die Wendeltreppe mit Acrylfarben bemalen und anschlie\u00dfend die Kette durch die Gel\u00e4nderpfosten f\u00e4deln und auf die richtige L\u00e4nge k\u00fcrzen. Am offenen Ende bringst Du nur noch die Sicherrung an.<\/p>\n<p>\u00a0<\/p>\n<p><img decoding=\"async\" src=\"https:\/\/shop.katnook.de\/wp-content\/uploads\/2025\/06\/20230504_132848_0000_480x480.png?v=1683204428\" alt=\"\"><\/p>\n<p>Viel Spass beim Basteln! Sollten noch Fragen aufkommen schreib mir und ich versuche zu helfen.<\/p>","protected":false},"excerpt":{"rendered":"<p>Du hast einen Bausatz f\u00fcr eine Wendeltreppe vor Dir liegen und m\u00f6chtest endlich loslegen? Zuerst musst Du wissen wie hoch [&hellip;]<\/p>\n","protected":false},"author":1,"featured_media":766,"parent":0,"menu_order":0,"comment_status":"open","ping_status":"open","template":"","meta":{"site-sidebar-layout":"default","site-content-layout":"","ast-site-content-layout":"default","site-content-style":"default","site-sidebar-style":"default","ast-global-header-display":"","ast-banner-title-visibility":"","ast-main-header-display":"","ast-hfb-above-header-display":"","ast-hfb-below-header-display":"","ast-hfb-mobile-header-display":"","site-post-title":"","ast-breadcrumbs-content":"","ast-featured-img":"","footer-sml-layout":"","ast-disable-related-posts":"","theme-transparent-header-meta":"","adv-header-id-meta":"","stick-header-meta":"","header-above-stick-meta":"","header-main-stick-meta":"","header-below-stick-meta":"","astra-migrate-meta-layouts":"default","ast-page-background-enabled":"default","ast-page-background-meta":{"desktop":{"background-color":"var(--ast-global-color-5)","background-image":"","background-repeat":"repeat","background-position":"center center","background-size":"auto","background-attachment":"scroll","background-type":"","background-media":"","overlay-type":"","overlay-color":"","overlay-opacity":"","overlay-gradient":""},"tablet":{"background-color":"","background-image":"","background-repeat":"repeat","background-position":"center center","background-size":"auto","background-attachment":"scroll","background-type":"","background-media":"","overlay-type":"","overlay-color":"","overlay-opacity":"","overlay-gradient":""},"mobile":{"background-color":"","background-image":"","background-repeat":"repeat","background-position":"center center","background-size":"auto","background-attachment":"scroll","background-type":"","background-media":"","overlay-type":"","overlay-color":"","overlay-opacity":"","overlay-gradient":""}},"ast-content-background-meta":{"desktop":{"background-color":"var(--ast-global-color-4)","background-image":"","background-repeat":"repeat","background-position":"center center","background-size":"auto","background-attachment":"scroll","background-type":"","background-media":"","overlay-type":"","overlay-color":"","overlay-opacity":"","overlay-gradient":""},"tablet":{"background-color":"var(--ast-global-color-4)","background-image":"","background-repeat":"repeat","background-position":"center center","background-size":"auto","background-attachment":"scroll","background-type":"","background-media":"","overlay-type":"","overlay-color":"","overlay-opacity":"","overlay-gradient":""},"mobile":{"background-color":"var(--ast-global-color-4)","background-image":"","background-repeat":"repeat","background-position":"center center","background-size":"auto","background-attachment":"scroll","background-type":"","background-media":"","overlay-type":"","overlay-color":"","overlay-opacity":"","overlay-gradient":""}},"footnotes":""},"class_list":["post-74","page","type-page","status-publish","has-post-thumbnail","hentry"],"_links":{"self":[{"href":"https:\/\/shop.katnook.de\/en\/wp-json\/wp\/v2\/pages\/74","targetHints":{"allow":["GET"]}}],"collection":[{"href":"https:\/\/shop.katnook.de\/en\/wp-json\/wp\/v2\/pages"}],"about":[{"href":"https:\/\/shop.katnook.de\/en\/wp-json\/wp\/v2\/types\/page"}],"author":[{"embeddable":true,"href":"https:\/\/shop.katnook.de\/en\/wp-json\/wp\/v2\/users\/1"}],"replies":[{"embeddable":true,"href":"https:\/\/shop.katnook.de\/en\/wp-json\/wp\/v2\/comments?post=74"}],"version-history":[{"count":10,"href":"https:\/\/shop.katnook.de\/en\/wp-json\/wp\/v2\/pages\/74\/revisions"}],"predecessor-version":[{"id":891,"href":"https:\/\/shop.katnook.de\/en\/wp-json\/wp\/v2\/pages\/74\/revisions\/891"}],"wp:featuredmedia":[{"embeddable":true,"href":"https:\/\/shop.katnook.de\/en\/wp-json\/wp\/v2\/media\/766"}],"wp:attachment":[{"href":"https:\/\/shop.katnook.de\/en\/wp-json\/wp\/v2\/media?parent=74"}],"curies":[{"name":"wp","href":"https:\/\/api.w.org\/{rel}","templated":true}]}}