{"id":73,"date":"2023-06-13T09:16:27","date_gmt":"2023-06-13T07:16:27","guid":{"rendered":"https:\/\/shop.katnook.de\/2023\/06\/13\/bauanleitung-grosses-regal\/"},"modified":"2025-11-26T21:49:25","modified_gmt":"2025-11-26T20:49:25","slug":"bauanleitung-grosses-regal","status":"publish","type":"page","link":"https:\/\/shop.katnook.de\/en\/bauanleitung-grosses-regal\/","title":{"rendered":"Assembly instructions for large shelf"},"content":{"rendered":"<p>Beginne damit die Seitenteile und die Bodenteile zusammen zu kleben. Achte bei den Seitenteilen darauf das die Schrift (UP) noch zu sehen ist.<img decoding=\"async\" src=\"https:\/\/shop.katnook.de\/wp-content\/uploads\/2025\/06\/20230612_202806_0000_480x480.png?v=1686639542\" alt=\"\"><\/p>\n<p>Bei den Bodenteilen ist es wichtig das die offene Seite des oberen Teils mit der Kante abschlie\u00dft, sodas an der Vorderseite eine Stufe entsteht.<\/p>\n<p><img decoding=\"async\" src=\"https:\/\/shop.katnook.de\/wp-content\/uploads\/2025\/06\/20230612_202941_0000_480x480.png?v=1686639664\" alt=\"\"><\/p>\n<p>Wenn der Kleber trocken ist, kannst Du die Zwischenb\u00f6den einstecken und mit etwas Leim fixieren.<\/p>\n<p><img decoding=\"async\" src=\"https:\/\/shop.katnook.de\/wp-content\/uploads\/2025\/06\/20230612_203402_0000_480x480.png?v=1686639799\" alt=\"\"><\/p>\n<p>Anschlie\u00dfend klebst Du die Deckel an und steckst die Front ein.<\/p>\n<p><img decoding=\"async\" src=\"https:\/\/shop.katnook.de\/wp-content\/uploads\/2025\/06\/20230612_203509_0000_480x480.png?v=1686639903\" alt=\"\"><\/p>\n<p>Die beigef\u00fcgte Pappe ist die R\u00fcckwand des Regals. Klebe das Regal auf die Pappe und schneide \u00fcberstehendes mit einem scharfen Messer ab.<\/p>\n<p><img decoding=\"async\" src=\"https:\/\/shop.katnook.de\/wp-content\/uploads\/2025\/06\/20230612_203609_0000_480x480.png?v=1686640032\" alt=\"\"><\/p>\n<p>In die unteren drei F\u00e4cher passen Schubladen. Sortiere Dir die Schubladenteile und klebe den kleinen Rahmen auf eine Schubladenfront&#8230;.<\/p>\n<p><img decoding=\"async\" src=\"https:\/\/shop.katnook.de\/wp-content\/uploads\/2025\/06\/20230612_203101_0000_480x480.png?v=1686640121\" alt=\"\"><\/p>\n<p>&#8230;.und die Schublade zusammen. Sobald der Kleber trocken ist, klebst Du die Front an die Schublade. Wische den \u00fcberstehenden Leim gr\u00fcndlich ab, bevor er trocken ist, damit die Bemalung sp\u00e4ter auch an diesen Stellen h\u00e4lt.<\/p>\n<p><img decoding=\"async\" src=\"https:\/\/shop.katnook.de\/wp-content\/uploads\/2025\/06\/20230612_203337_0000_480x480.png?v=1686640246\" alt=\"\"><\/p>\n<p>Zum Schluss kannst Du das Regal mit Acryl oder anderen Holzfarben bemalen.<\/p>\n<p>\u00a0<\/p>","protected":false},"excerpt":{"rendered":"<p>Beginne damit die Seitenteile und die Bodenteile zusammen zu kleben. Achte bei den Seitenteilen darauf das die Schrift (UP) noch [&hellip;]<\/p>\n","protected":false},"author":1,"featured_media":712,"parent":0,"menu_order":0,"comment_status":"open","ping_status":"open","template":"","meta":{"site-sidebar-layout":"default","site-content-layout":"","ast-site-content-layout":"default","site-content-style":"default","site-sidebar-style":"default","ast-global-header-display":"","ast-banner-title-visibility":"","ast-main-header-display":"","ast-hfb-above-header-display":"","ast-hfb-below-header-display":"","ast-hfb-mobile-header-display":"","site-post-title":"","ast-breadcrumbs-content":"","ast-featured-img":"","footer-sml-layout":"","ast-disable-related-posts":"","theme-transparent-header-meta":"","adv-header-id-meta":"","stick-header-meta":"","header-above-stick-meta":"","header-main-stick-meta":"","header-below-stick-meta":"","astra-migrate-meta-layouts":"default","ast-page-background-enabled":"default","ast-page-background-meta":{"desktop":{"background-color":"var(--ast-global-color-5)","background-image":"","background-repeat":"repeat","background-position":"center center","background-size":"auto","background-attachment":"scroll","background-type":"","background-media":"","overlay-type":"","overlay-color":"","overlay-opacity":"","overlay-gradient":""},"tablet":{"background-color":"","background-image":"","background-repeat":"repeat","background-position":"center center","background-size":"auto","background-attachment":"scroll","background-type":"","background-media":"","overlay-type":"","overlay-color":"","overlay-opacity":"","overlay-gradient":""},"mobile":{"background-color":"","background-image":"","background-repeat":"repeat","background-position":"center center","background-size":"auto","background-attachment":"scroll","background-type":"","background-media":"","overlay-type":"","overlay-color":"","overlay-opacity":"","overlay-gradient":""}},"ast-content-background-meta":{"desktop":{"background-color":"var(--ast-global-color-4)","background-image":"","background-repeat":"repeat","background-position":"center center","background-size":"auto","background-attachment":"scroll","background-type":"","background-media":"","overlay-type":"","overlay-color":"","overlay-opacity":"","overlay-gradient":""},"tablet":{"background-color":"var(--ast-global-color-4)","background-image":"","background-repeat":"repeat","background-position":"center center","background-size":"auto","background-attachment":"scroll","background-type":"","background-media":"","overlay-type":"","overlay-color":"","overlay-opacity":"","overlay-gradient":""},"mobile":{"background-color":"var(--ast-global-color-4)","background-image":"","background-repeat":"repeat","background-position":"center center","background-size":"auto","background-attachment":"scroll","background-type":"","background-media":"","overlay-type":"","overlay-color":"","overlay-opacity":"","overlay-gradient":""}},"footnotes":""},"class_list":["post-73","page","type-page","status-publish","has-post-thumbnail","hentry"],"_links":{"self":[{"href":"https:\/\/shop.katnook.de\/en\/wp-json\/wp\/v2\/pages\/73","targetHints":{"allow":["GET"]}}],"collection":[{"href":"https:\/\/shop.katnook.de\/en\/wp-json\/wp\/v2\/pages"}],"about":[{"href":"https:\/\/shop.katnook.de\/en\/wp-json\/wp\/v2\/types\/page"}],"author":[{"embeddable":true,"href":"https:\/\/shop.katnook.de\/en\/wp-json\/wp\/v2\/users\/1"}],"replies":[{"embeddable":true,"href":"https:\/\/shop.katnook.de\/en\/wp-json\/wp\/v2\/comments?post=73"}],"version-history":[{"count":7,"href":"https:\/\/shop.katnook.de\/en\/wp-json\/wp\/v2\/pages\/73\/revisions"}],"predecessor-version":[{"id":765,"href":"https:\/\/shop.katnook.de\/en\/wp-json\/wp\/v2\/pages\/73\/revisions\/765"}],"wp:featuredmedia":[{"embeddable":true,"href":"https:\/\/shop.katnook.de\/en\/wp-json\/wp\/v2\/media\/712"}],"wp:attachment":[{"href":"https:\/\/shop.katnook.de\/en\/wp-json\/wp\/v2\/media?parent=73"}],"curies":[{"name":"wp","href":"https:\/\/api.w.org\/{rel}","templated":true}]}}