{"id":72,"date":"2023-06-27T20:52:37","date_gmt":"2023-06-27T18:52:37","guid":{"rendered":"https:\/\/shop.katnook.de\/2023\/06\/27\/bauanleitung-book-nook-magische-bibliothek\/"},"modified":"2025-11-29T22:34:40","modified_gmt":"2025-11-29T21:34:40","slug":"bauanleitung-book-nook-magische-bibliothek","status":"publish","type":"page","link":"https:\/\/shop.katnook.de\/en\/bauanleitung-book-nook-magische-bibliothek\/","title":{"rendered":"Building instructions Book Nook magic library"},"content":{"rendered":"<p>Dein Book Nook Kit liegt vor Dir und Du m\u00f6chtest endlich anfangen zu basteln?<\/p>\n<p>Dann brauchst Du nur noch:<\/p>\n<ul>\n<li>eine Klebestift<\/li>\n<li>Holzleim (Ponal Express &#8211; benutze ich am liebsten)<\/li>\n<li>Acrylfarben und Pinsel<\/li>\n<li>scharfes Messer<\/li>\n<li>Malerkrepp oder Washitape zum fixieren<\/li>\n<\/ul>\n<p>optional:<\/p>\n<ul>\n<li>Beleuchtung z.B. LED Lichterkette<\/li>\n<li>Miniaturen im Ma\u00dfstab 1:12<\/li>\n<li>Eierpappe<\/li>\n<\/ul>\n<p><img decoding=\"async\" src=\"https:\/\/shop.katnook.de\/wp-content\/uploads\/2025\/06\/20230627_201452_0000_480x480.png?v=1687890239\" alt=\"\" \/><\/p>\n<p>klebe zuerst die Treppenteile zusammen<\/p>\n<p><img decoding=\"async\" src=\"https:\/\/shop.katnook.de\/wp-content\/uploads\/2025\/06\/20230622_182835_0000_480x480.png?v=1687890261\" alt=\"\" \/><\/p>\n<p>Du kannst die Treppe einfach mit Acrylfarben bemalen oder wie hier im Beispiel: aus Eierpappe kleine Steine schneiden und aufkleben.<\/p>\n<p><img decoding=\"async\" src=\"https:\/\/shop.katnook.de\/wp-content\/uploads\/2025\/06\/20230628_175233_0000_480x480.png?v=1687978853\" alt=\"\" \/><\/p>\n<p>Du kannst auch mit einem scharfen Messer die Steine in das Material schnitzen, wie hier bei den unteren Stufen.<\/p>\n<p><img decoding=\"async\" src=\"https:\/\/shop.katnook.de\/wp-content\/uploads\/2025\/06\/20230527_194325_0000_78b70e53-4554-4b6f-8681-cdb9c81f3c40_480x480.png?v=1687890583\" alt=\"\" \/><\/p>\n<p>Mit verschieden Graut\u00f6nen bemalt, kann sie wie eine echte Steintreppe aussehen.<\/p>\n<p><img decoding=\"async\" src=\"https:\/\/shop.katnook.de\/wp-content\/uploads\/2025\/06\/20230628_180211_0000_480x480.png?v=1687978914\" alt=\"\" \/><\/p>\n<p>Als n\u00e4chstes klebst Du den gothischen Bogen mit einem Klebestift zusammen. Ein Beispiel f\u00fcr die Gestaltung ist noch in Arbeit.<\/p>\n<p><img decoding=\"async\" src=\"https:\/\/shop.katnook.de\/wp-content\/uploads\/2025\/06\/20230622_182745_0000_480x480.png?v=1687891122\" alt=\"\" \/><\/p>\n<p>Das Regal steckst Du zusammen und verklebst es mit Leim&#8230;..<\/p>\n<p><img decoding=\"async\" src=\"https:\/\/shop.katnook.de\/wp-content\/uploads\/2025\/06\/20230622_182639_0000_480x480.png?v=1687891147\" alt=\"\" \/><\/p>\n<p>&#8230;und bemalst es nach Deinen Vorstellungen sobald der Leim getrocknet ist.<\/p>\n<p>Dekoriere darin B\u00fccher oder auch andere Miniaturen im Ma\u00dfstab 1:12 &#8211; die findest Du <a title=\"Miniaturen Katalog\" href=\"https:\/\/katnook.eu\/collections\/miniaturen\" target=\"_blank\" rel=\"noopener noreferrer\">HERE!<\/a><\/p>\n<p><img decoding=\"async\" src=\"https:\/\/shop.katnook.de\/wp-content\/uploads\/2025\/06\/20230628_175331_0000_480x480.png?v=1687979005\" alt=\"\" \/><\/p>\n<p>Bevor Du die Bodenplatte gestaltest, stecke die R\u00fcckwand ein und Pr\u00fcfe ob sie richtig herum liegt. Der hintere Bereich ist k\u00fcrzer wie der vordere. Probiere aus ob Du links und rechts die Seitenteile anstecken kannst! Wenn das nicht passt, drehe die Bodenplatte!<\/p>\n<p><img decoding=\"async\" src=\"https:\/\/shop.katnook.de\/wp-content\/uploads\/2025\/06\/20230622_182052_0000_480x480.png?v=1687891174\" alt=\"\" \/><\/p>\n<p>Wenn Du alle Teile bemalt hast kannst Du sie auch schon zusammen leimen<\/p>\n<p><img decoding=\"async\" src=\"https:\/\/shop.katnook.de\/wp-content\/uploads\/2025\/06\/20230628_180250_0000_480x480.png?v=1687979049\" alt=\"\" \/><\/p>\n<p>Bevor Du Spiegel und Regal aufstellst, sollstest Du Dir Gedanken \u00fcber die Beleuchtung machen. Meine L\u00f6sung ist, wie hier zu sehen, eine LED Lichterkette die ich im Hinteren Raum verteilt habe. Hierf\u00fcr sind immer drei LED zusammen gezwirbelt und mit Heisskleber angeklebt.<\/p>\n<p><img decoding=\"async\" src=\"https:\/\/shop.katnook.de\/wp-content\/uploads\/2025\/06\/20230628_210554_0000_480x480.png?v=1687979788\" alt=\"\" \/><\/p>\n<p>Vier LED habe ich in die fliegenden B\u00fccher geklebt und um den Draht (der die B\u00fccher &#8222;fliegen&#8220; l\u00e4sst) gewickelt. So kommt auch in den vorderen Raum etwas Licht ohne zu \u00fcberstrahlen.<\/p>\n<p><img decoding=\"async\" src=\"https:\/\/shop.katnook.de\/wp-content\/uploads\/2025\/06\/20230628_210514_0000_480x480.png?v=1687980117\" alt=\"\" \/><\/p>\n<p>Jetzt darfst Du das Regal und den Spiegel auf die R\u00fcckseite stellen.<\/p>\n<p>Das Regal stellst Du so rum das kein Spalt zwischen Regalboden und Treppe zu sehen ist.<\/p>\n<p>Beim Spiegel ziehe vor dem ankleben unbedingt die blaue Schutzfolie ab.<\/p>\n<p><img decoding=\"async\" src=\"https:\/\/shop.katnook.de\/wp-content\/uploads\/2025\/06\/20230622_182000_0000_480x480.png?v=1687891184\" alt=\"\" \/><\/p>\n<p>Hier ein Bild meines Musterst\u00fccks:<\/p>\n<p><img decoding=\"async\" src=\"https:\/\/shop.katnook.de\/wp-content\/uploads\/2025\/06\/20230628_204628_0000_480x480.png?v=1687980224\" alt=\"\" \/><\/p>\n<p>Du wirst Deine ganz eigene magische Bibliothek basteln und ich w\u00fcrde mich sehr freuen wenn Du Dein fertiges Werk mit mir teilst.<\/p>\n<p>VIEL SPASS! und bei Fragen z\u00f6gere nicht mir zu schreiben!<\/p>","protected":false},"excerpt":{"rendered":"<p>Dein Book Nook Kit liegt vor Dir und Du m\u00f6chtest endlich anfangen zu basteln? Dann brauchst Du nur noch: eine [&hellip;]<\/p>\n","protected":false},"author":1,"featured_media":655,"parent":0,"menu_order":0,"comment_status":"open","ping_status":"open","template":"","meta":{"site-sidebar-layout":"default","site-content-layout":"","ast-site-content-layout":"default","site-content-style":"default","site-sidebar-style":"default","ast-global-header-display":"","ast-banner-title-visibility":"","ast-main-header-display":"","ast-hfb-above-header-display":"","ast-hfb-below-header-display":"","ast-hfb-mobile-header-display":"","site-post-title":"","ast-breadcrumbs-content":"","ast-featured-img":"","footer-sml-layout":"","ast-disable-related-posts":"","theme-transparent-header-meta":"","adv-header-id-meta":"","stick-header-meta":"","header-above-stick-meta":"","header-main-stick-meta":"","header-below-stick-meta":"","astra-migrate-meta-layouts":"default","ast-page-background-enabled":"default","ast-page-background-meta":{"desktop":{"background-color":"var(--ast-global-color-5)","background-image":"","background-repeat":"repeat","background-position":"center center","background-size":"auto","background-attachment":"scroll","background-type":"","background-media":"","overlay-type":"","overlay-color":"","overlay-opacity":"","overlay-gradient":""},"tablet":{"background-color":"","background-image":"","background-repeat":"repeat","background-position":"center center","background-size":"auto","background-attachment":"scroll","background-type":"","background-media":"","overlay-type":"","overlay-color":"","overlay-opacity":"","overlay-gradient":""},"mobile":{"background-color":"","background-image":"","background-repeat":"repeat","background-position":"center center","background-size":"auto","background-attachment":"scroll","background-type":"","background-media":"","overlay-type":"","overlay-color":"","overlay-opacity":"","overlay-gradient":""}},"ast-content-background-meta":{"desktop":{"background-color":"var(--ast-global-color-4)","background-image":"","background-repeat":"repeat","background-position":"center center","background-size":"auto","background-attachment":"scroll","background-type":"","background-media":"","overlay-type":"","overlay-color":"","overlay-opacity":"","overlay-gradient":""},"tablet":{"background-color":"var(--ast-global-color-4)","background-image":"","background-repeat":"repeat","background-position":"center center","background-size":"auto","background-attachment":"scroll","background-type":"","background-media":"","overlay-type":"","overlay-color":"","overlay-opacity":"","overlay-gradient":""},"mobile":{"background-color":"var(--ast-global-color-4)","background-image":"","background-repeat":"repeat","background-position":"center center","background-size":"auto","background-attachment":"scroll","background-type":"","background-media":"","overlay-type":"","overlay-color":"","overlay-opacity":"","overlay-gradient":""}},"footnotes":""},"class_list":["post-72","page","type-page","status-publish","has-post-thumbnail","hentry"],"_links":{"self":[{"href":"https:\/\/shop.katnook.de\/en\/wp-json\/wp\/v2\/pages\/72","targetHints":{"allow":["GET"]}}],"collection":[{"href":"https:\/\/shop.katnook.de\/en\/wp-json\/wp\/v2\/pages"}],"about":[{"href":"https:\/\/shop.katnook.de\/en\/wp-json\/wp\/v2\/types\/page"}],"author":[{"embeddable":true,"href":"https:\/\/shop.katnook.de\/en\/wp-json\/wp\/v2\/users\/1"}],"replies":[{"embeddable":true,"href":"https:\/\/shop.katnook.de\/en\/wp-json\/wp\/v2\/comments?post=72"}],"version-history":[{"count":10,"href":"https:\/\/shop.katnook.de\/en\/wp-json\/wp\/v2\/pages\/72\/revisions"}],"predecessor-version":[{"id":2648,"href":"https:\/\/shop.katnook.de\/en\/wp-json\/wp\/v2\/pages\/72\/revisions\/2648"}],"wp:featuredmedia":[{"embeddable":true,"href":"https:\/\/shop.katnook.de\/en\/wp-json\/wp\/v2\/media\/655"}],"wp:attachment":[{"href":"https:\/\/shop.katnook.de\/en\/wp-json\/wp\/v2\/media?parent=72"}],"curies":[{"name":"wp","href":"https:\/\/api.w.org\/{rel}","templated":true}]}}