{"id":71,"date":"2023-07-10T21:44:05","date_gmt":"2023-07-10T19:44:05","guid":{"rendered":"https:\/\/shop.katnook.de\/2023\/07\/10\/bauanleitung-zaubertrank-regal\/"},"modified":"2025-11-26T21:49:08","modified_gmt":"2025-11-26T20:49:08","slug":"bauanleitung-zaubertrank-regal","status":"publish","type":"page","link":"https:\/\/shop.katnook.de\/en\/bauanleitung-zaubertrank-regal\/","title":{"rendered":"Potion shelf building instructions"},"content":{"rendered":"<p>Du hast alle Teile vor Dir liegen und m\u00f6chtest Dein eigenes kleines Regal f\u00fcr Zaubertr\u00e4nke basteln? Du brauchst noch folgende Dinge daf\u00fcr:<\/p>\n<ul>\n<li>Klebestift<\/li>\n<li>Leim (Ponal Express benutze ich)<\/li>\n<li>Acrylfarbe &#038; Pinsel<\/li>\n<\/ul>\n<p>Du beginnst damit die Seitenteile sowie Boden und Deckel zusammen zu kleben.<\/p>\n<p><img decoding=\"async\" src=\"https:\/\/shop.katnook.de\/wp-content\/uploads\/2025\/06\/20230710_180225_0000_480x480.png?v=1689017289\" alt=\"\"><\/p>\n<p>Bevor Du die Regalb\u00f6den zusammensteckst schau sie Dir genau an! Sie haben ein kurze und eine lange Einsteckseite, dort wo sich zwei Teile treffen wird immer die kurze Seite eingesteckt.<\/p>\n<p><img decoding=\"async\" src=\"https:\/\/shop.katnook.de\/wp-content\/uploads\/2025\/06\/20230710_180537_0000_480x480.png?v=1689017300\" alt=\"\"><\/p>\n<p>Du beginnst mit dem unteren Regalbrett und steckst dort die lange Seite (von B) rein.<\/p>\n<p><img decoding=\"async\" src=\"https:\/\/shop.katnook.de\/wp-content\/uploads\/2025\/06\/20230710_180805_0000_480x480.png?v=1689017311\" alt=\"\"><\/p>\n<p>Hier siehst Du wie sich die Regalteile verteilen. Die L\u00f6cher der Seitenteile passen mit der Aufteilung \u00fcberein.<\/p>\n<p><img decoding=\"async\" src=\"https:\/\/shop.katnook.de\/wp-content\/uploads\/2025\/06\/20230710_181118_0000_480x480.png?v=1689017320\" alt=\"\"><\/p>\n<p>Jetzt brauchst Du nur noch die Seitenteile anstecken und Bodden sowie Deckel mit etwas Leim aufkleben.<\/p>\n<p><img decoding=\"async\" src=\"https:\/\/shop.katnook.de\/wp-content\/uploads\/2025\/06\/20230710_181424_0000_480x480.png?v=1689017331\" alt=\"\"><\/p>\n<p>Sobald der Leim getrocknet ist, kannst Du das Regal auch schon bemalen.<\/p>\n<p>Wenn Du kein offenes Regal m\u00f6chtest, bemalst oder beklebst Du die mitgelieferte Pappe und klebst sie zum Schluss auf die R\u00fcckwand.<\/p>\n<p>Viel Spass beim Dekorieren!<\/p>","protected":false},"excerpt":{"rendered":"<p>Du hast alle Teile vor Dir liegen und m\u00f6chtest Dein eigenes kleines Regal f\u00fcr Zaubertr\u00e4nke basteln? Du brauchst noch folgende [&hellip;]<\/p>\n","protected":false},"author":1,"featured_media":627,"parent":0,"menu_order":0,"comment_status":"open","ping_status":"open","template":"","meta":{"site-sidebar-layout":"default","site-content-layout":"","ast-site-content-layout":"default","site-content-style":"default","site-sidebar-style":"default","ast-global-header-display":"","ast-banner-title-visibility":"","ast-main-header-display":"","ast-hfb-above-header-display":"","ast-hfb-below-header-display":"","ast-hfb-mobile-header-display":"","site-post-title":"","ast-breadcrumbs-content":"","ast-featured-img":"","footer-sml-layout":"","ast-disable-related-posts":"","theme-transparent-header-meta":"","adv-header-id-meta":"","stick-header-meta":"","header-above-stick-meta":"","header-main-stick-meta":"","header-below-stick-meta":"","astra-migrate-meta-layouts":"default","ast-page-background-enabled":"default","ast-page-background-meta":{"desktop":{"background-color":"var(--ast-global-color-5)","background-image":"","background-repeat":"repeat","background-position":"center center","background-size":"auto","background-attachment":"scroll","background-type":"","background-media":"","overlay-type":"","overlay-color":"","overlay-opacity":"","overlay-gradient":""},"tablet":{"background-color":"","background-image":"","background-repeat":"repeat","background-position":"center center","background-size":"auto","background-attachment":"scroll","background-type":"","background-media":"","overlay-type":"","overlay-color":"","overlay-opacity":"","overlay-gradient":""},"mobile":{"background-color":"","background-image":"","background-repeat":"repeat","background-position":"center center","background-size":"auto","background-attachment":"scroll","background-type":"","background-media":"","overlay-type":"","overlay-color":"","overlay-opacity":"","overlay-gradient":""}},"ast-content-background-meta":{"desktop":{"background-color":"var(--ast-global-color-4)","background-image":"","background-repeat":"repeat","background-position":"center center","background-size":"auto","background-attachment":"scroll","background-type":"","background-media":"","overlay-type":"","overlay-color":"","overlay-opacity":"","overlay-gradient":""},"tablet":{"background-color":"var(--ast-global-color-4)","background-image":"","background-repeat":"repeat","background-position":"center center","background-size":"auto","background-attachment":"scroll","background-type":"","background-media":"","overlay-type":"","overlay-color":"","overlay-opacity":"","overlay-gradient":""},"mobile":{"background-color":"var(--ast-global-color-4)","background-image":"","background-repeat":"repeat","background-position":"center center","background-size":"auto","background-attachment":"scroll","background-type":"","background-media":"","overlay-type":"","overlay-color":"","overlay-opacity":"","overlay-gradient":""}},"footnotes":""},"class_list":["post-71","page","type-page","status-publish","has-post-thumbnail","hentry"],"_links":{"self":[{"href":"https:\/\/shop.katnook.de\/en\/wp-json\/wp\/v2\/pages\/71","targetHints":{"allow":["GET"]}}],"collection":[{"href":"https:\/\/shop.katnook.de\/en\/wp-json\/wp\/v2\/pages"}],"about":[{"href":"https:\/\/shop.katnook.de\/en\/wp-json\/wp\/v2\/types\/page"}],"author":[{"embeddable":true,"href":"https:\/\/shop.katnook.de\/en\/wp-json\/wp\/v2\/users\/1"}],"replies":[{"embeddable":true,"href":"https:\/\/shop.katnook.de\/en\/wp-json\/wp\/v2\/comments?post=71"}],"version-history":[{"count":5,"href":"https:\/\/shop.katnook.de\/en\/wp-json\/wp\/v2\/pages\/71\/revisions"}],"predecessor-version":[{"id":652,"href":"https:\/\/shop.katnook.de\/en\/wp-json\/wp\/v2\/pages\/71\/revisions\/652"}],"wp:featuredmedia":[{"embeddable":true,"href":"https:\/\/shop.katnook.de\/en\/wp-json\/wp\/v2\/media\/627"}],"wp:attachment":[{"href":"https:\/\/shop.katnook.de\/en\/wp-json\/wp\/v2\/media?parent=71"}],"curies":[{"name":"wp","href":"https:\/\/api.w.org\/{rel}","templated":true}]}}