{"id":69,"date":"2023-08-16T12:53:23","date_gmt":"2023-08-16T10:53:23","guid":{"rendered":"https:\/\/shop.katnook.de\/2023\/08\/16\/bauanleitung-bar-mit-tresen\/"},"modified":"2025-11-26T21:48:20","modified_gmt":"2025-11-26T20:48:20","slug":"bauanleitung-bar-mit-tresen","status":"publish","type":"page","link":"https:\/\/shop.katnook.de\/en\/bauanleitung-bar-mit-tresen\/","title":{"rendered":"Building instructions for bar with counter"},"content":{"rendered":"<p>Du hast die Teile vor Dir liegen und willst Dich ans Werk machen? Dann brauchst Du noch folgende Dinge:<\/p>\n<ul>\n<li>einen Klebestift<\/li>\n<li>Bastelleim (mein Favorit: Ponal Express)<\/li>\n<li>etwas Malerkrepp (wenn die Geduld zum Festhalten nicht ausreicht)<\/li>\n<li>ein Tuch oder Klinge um \u00fcbersch\u00fcssigen Leim wegzuwischen<\/li>\n<\/ul>\n<p>Fangen wir mit dem Bar-Schrank an:<\/p>\n<p>klebe zuerst Boden, Deckel und Mittelteile zusammen, wie auf dem Bild. Hierf\u00fcr kannst Du Leim aber auch einen Klebestift benutzen.<\/p>\n<p><img decoding=\"async\" src=\"https:\/\/shop.katnook.de\/wp-content\/uploads\/2025\/06\/20230807_181233_0000_480x480.png?v=1692181555\" alt=\"\" data-mce-fragment=\"1\" data-mce-src=\"https:\/\/shop.katnook.de\/wp-content\/uploads\/2025\/06\/20230807_181233_0000_480x480.png?v=1692181555\"><\/p>\n<p>Das gleiche machst Du auch mit den T\u00fcren und Seitenteilen.<\/p>\n<p><img decoding=\"async\" alt=\"\" src=\"https:\/\/shop.katnook.de\/wp-content\/uploads\/2025\/06\/20230807_181206_0000_480x480.png?v=1692181716\"><\/p>\n<p>Achte darauf das die Pfeile in die gleiche Richtung zeigen!<\/p>\n<p><img decoding=\"async\" alt=\"\" src=\"https:\/\/shop.katnook.de\/wp-content\/uploads\/2025\/06\/20230807_181132_0000_480x480.png?v=1692181731\"><\/p>\n<p>Wenn der Kleber getrocknet ist, kannst Du die Regalb\u00f6den einkleben.<\/p>\n<p><img decoding=\"async\" alt=\"\" src=\"https:\/\/shop.katnook.de\/wp-content\/uploads\/2025\/06\/20230807_180747_0000_480x480.png?v=1692181913\"><\/p>\n<p>Etwas stabiler wird es wenn das Mittelteil eingesteckt ist.<\/p>\n<p><img decoding=\"async\" alt=\"\" src=\"https:\/\/shop.katnook.de\/wp-content\/uploads\/2025\/06\/20230807_180633_0000_480x480.png?v=1692181930\"><\/p>\n<p>Die T\u00fcren einsetzen ist ein bisschen puzzelig aber wenn Du sie zuerst in den Boden steckst kannst Du die T\u00fcren im Mittelteil einf\u00e4deln.<\/p>\n<p><img decoding=\"async\" alt=\"\" src=\"https:\/\/shop.katnook.de\/wp-content\/uploads\/2025\/06\/20230807_180703_0000_480x480.png?v=1692181945\"><\/p>\n<p><img decoding=\"async\" alt=\"\" src=\"https:\/\/shop.katnook.de\/wp-content\/uploads\/2025\/06\/20230807_180216_0000_480x480.png?v=1692181981\"><\/p>\n<p>Wenn Du dann die R\u00fcckwand anklebst ist der Schrank schon fast fertig.<\/p>\n<p><img decoding=\"async\" src=\"https:\/\/shop.katnook.de\/wp-content\/uploads\/2025\/06\/20230807_180148_0000_480x480.png?v=1692182000\" alt=\"\" data-mce-fragment=\"1\" data-mce-src=\"https:\/\/shop.katnook.de\/wp-content\/uploads\/2025\/06\/20230807_180148_0000_480x480.png?v=1692182000\"><\/p>\n<p>Der \u00fcbersch\u00fcssige Leim sollte immer gut abgewischt werden, da auf den Leimstellen die Farbe sp\u00e4ter nicht gut h\u00e4lt.<\/p>\n<p><img decoding=\"async\" alt=\"\" src=\"https:\/\/shop.katnook.de\/wp-content\/uploads\/2025\/06\/20230807_180400_0000_480x480.png?v=1692182015\"><\/p>\n<p>Zum Schluss nur noch die Zierleiste oben einkleben und dann gehts weiter mit dem Tresen.<\/p>\n<p><img decoding=\"async\" alt=\"\" src=\"https:\/\/shop.katnook.de\/wp-content\/uploads\/2025\/06\/20230807_181058_0000_480x480.png?v=1692182624\"><\/p>\n<p>Du beginnst wieder mit Boden, Deckel und Seitenteilen<\/p>\n<p><img decoding=\"async\" alt=\"\" src=\"https:\/\/shop.katnook.de\/wp-content\/uploads\/2025\/06\/20230807_181008_0000_480x480.png?v=1692182669\"><\/p>\n<p>und klebst die Frontteile zusammen<\/p>\n<p><img decoding=\"async\" alt=\"\" src=\"https:\/\/shop.katnook.de\/wp-content\/uploads\/2025\/06\/20230807_180936_0000_70f1b9c2-8c9e-4aba-9495-40ac8acce89c_480x480.png?v=1692182687\"><\/p>\n<p>Klebe den Zwischenboden ein und stecke mit etwas Leim den Boden an.<\/p>\n<p><img decoding=\"async\" alt=\"\" src=\"https:\/\/shop.katnook.de\/wp-content\/uploads\/2025\/06\/20230807_180817_0000_480x480.png?v=1692182701\"><\/p>\n<p>Jetzt nur noch den Deckel und das Frontteil ankleben.<\/p>\n<p>Wenn Du noch fragen hast, schreib mir gleich, ich versuche schnell zu helfen.<\/p>\n<p>\u00a0<\/p>","protected":false},"excerpt":{"rendered":"<p>Du hast die Teile vor Dir liegen und willst Dich ans Werk machen? Dann brauchst Du noch folgende Dinge: einen [&hellip;]<\/p>\n","protected":false},"author":1,"featured_media":518,"parent":0,"menu_order":0,"comment_status":"open","ping_status":"open","template":"","meta":{"site-sidebar-layout":"default","site-content-layout":"","ast-site-content-layout":"default","site-content-style":"default","site-sidebar-style":"default","ast-global-header-display":"","ast-banner-title-visibility":"","ast-main-header-display":"","ast-hfb-above-header-display":"","ast-hfb-below-header-display":"","ast-hfb-mobile-header-display":"","site-post-title":"","ast-breadcrumbs-content":"","ast-featured-img":"","footer-sml-layout":"","ast-disable-related-posts":"","theme-transparent-header-meta":"","adv-header-id-meta":"","stick-header-meta":"","header-above-stick-meta":"","header-main-stick-meta":"","header-below-stick-meta":"","astra-migrate-meta-layouts":"default","ast-page-background-enabled":"default","ast-page-background-meta":{"desktop":{"background-color":"var(--ast-global-color-5)","background-image":"","background-repeat":"repeat","background-position":"center center","background-size":"auto","background-attachment":"scroll","background-type":"","background-media":"","overlay-type":"","overlay-color":"","overlay-opacity":"","overlay-gradient":""},"tablet":{"background-color":"","background-image":"","background-repeat":"repeat","background-position":"center center","background-size":"auto","background-attachment":"scroll","background-type":"","background-media":"","overlay-type":"","overlay-color":"","overlay-opacity":"","overlay-gradient":""},"mobile":{"background-color":"","background-image":"","background-repeat":"repeat","background-position":"center center","background-size":"auto","background-attachment":"scroll","background-type":"","background-media":"","overlay-type":"","overlay-color":"","overlay-opacity":"","overlay-gradient":""}},"ast-content-background-meta":{"desktop":{"background-color":"var(--ast-global-color-4)","background-image":"","background-repeat":"repeat","background-position":"center center","background-size":"auto","background-attachment":"scroll","background-type":"","background-media":"","overlay-type":"","overlay-color":"","overlay-opacity":"","overlay-gradient":""},"tablet":{"background-color":"var(--ast-global-color-4)","background-image":"","background-repeat":"repeat","background-position":"center center","background-size":"auto","background-attachment":"scroll","background-type":"","background-media":"","overlay-type":"","overlay-color":"","overlay-opacity":"","overlay-gradient":""},"mobile":{"background-color":"var(--ast-global-color-4)","background-image":"","background-repeat":"repeat","background-position":"center center","background-size":"auto","background-attachment":"scroll","background-type":"","background-media":"","overlay-type":"","overlay-color":"","overlay-opacity":"","overlay-gradient":""}},"footnotes":""},"class_list":["post-69","page","type-page","status-publish","has-post-thumbnail","hentry"],"_links":{"self":[{"href":"https:\/\/shop.katnook.de\/en\/wp-json\/wp\/v2\/pages\/69","targetHints":{"allow":["GET"]}}],"collection":[{"href":"https:\/\/shop.katnook.de\/en\/wp-json\/wp\/v2\/pages"}],"about":[{"href":"https:\/\/shop.katnook.de\/en\/wp-json\/wp\/v2\/types\/page"}],"author":[{"embeddable":true,"href":"https:\/\/shop.katnook.de\/en\/wp-json\/wp\/v2\/users\/1"}],"replies":[{"embeddable":true,"href":"https:\/\/shop.katnook.de\/en\/wp-json\/wp\/v2\/comments?post=69"}],"version-history":[{"count":10,"href":"https:\/\/shop.katnook.de\/en\/wp-json\/wp\/v2\/pages\/69\/revisions"}],"predecessor-version":[{"id":583,"href":"https:\/\/shop.katnook.de\/en\/wp-json\/wp\/v2\/pages\/69\/revisions\/583"}],"wp:featuredmedia":[{"embeddable":true,"href":"https:\/\/shop.katnook.de\/en\/wp-json\/wp\/v2\/media\/518"}],"wp:attachment":[{"href":"https:\/\/shop.katnook.de\/en\/wp-json\/wp\/v2\/media?parent=69"}],"curies":[{"name":"wp","href":"https:\/\/api.w.org\/{rel}","templated":true}]}}