{"id":68,"date":"2023-09-12T16:50:01","date_gmt":"2023-09-12T14:50:01","guid":{"rendered":"https:\/\/shop.katnook.de\/2023\/09\/12\/bauanleitung-design-boxen\/"},"modified":"2025-11-29T22:39:08","modified_gmt":"2025-11-29T21:39:08","slug":"bauanleitung-design-boxen","status":"publish","type":"page","link":"https:\/\/shop.katnook.de\/en\/bauanleitung-design-boxen\/","title":{"rendered":"Coffin building instructions"},"content":{"rendered":"<p>Du m\u00f6chtest Deine Design Box Basteln? Du brauchst noch folgende Dinge um loszulegen:<\/p>\n<ul>\n<li>scharfes Cutter-Messer<\/li>\n<li>Holzleim (Ponal Express benutze ich)<\/li>\n<li>Tape (Malerkrepp) zum fixieren<\/li>\n<li>Acryl oder andere Holzfarben und Dekor<\/li>\n<\/ul>\n<p>Und dann kann es schon losgehen:<\/p>\n<p>Beginne mit der Regalbox und klebe ein Seitenteil an und die Regalb\u00f6den.<\/p>\n<p><img decoding=\"async\" src=\"https:\/\/shop.katnook.de\/wp-content\/uploads\/2025\/06\/20230912_013108_0000_480x480.png?v=1694528460\" alt=\"\" \/><\/p>\n<p>Die Anordnung der restlichen Teile findest Du schnell raus, jedes Teil passt nur an einen Platz.<\/p>\n<p><img decoding=\"async\" src=\"https:\/\/shop.katnook.de\/wp-content\/uploads\/2025\/06\/20230912_013142_0000_480x480.png?v=1694528487\" alt=\"\" \/><\/p>\n<p>Fixiere die Kanten mit etwas Tape bis der Leim trocken ist.<\/p>\n<p><img decoding=\"async\" src=\"https:\/\/shop.katnook.de\/wp-content\/uploads\/2025\/06\/20230912_013126_0000_480x480.png?v=1694528471\" alt=\"\" \/><\/p>\n<p>Wenn Du den geschlossenen Sarg bastelst, wiederholst Du die ersten Schritte mit den schmalen Seitenteilen.<\/p>\n<p><img decoding=\"async\" src=\"https:\/\/shop.katnook.de\/wp-content\/uploads\/2025\/06\/20230912_013226_0000_480x480.png?v=1694528753\" alt=\"\" \/><\/p>\n<p>Auf die Front klebst Du den Rahmen.<\/p>\n<p><img decoding=\"async\" src=\"https:\/\/shop.katnook.de\/wp-content\/uploads\/2025\/06\/20230912_013243_0000_480x480.png?v=1694528857\" alt=\"\" \/><\/p>\n<p><img decoding=\"async\" src=\"https:\/\/shop.katnook.de\/wp-content\/uploads\/2025\/06\/20230912_013302_0000_480x480.png?v=1694528942\" alt=\"\" \/><\/p>\n<p>Fehlen nur noch die Scharniere. Schau Dir die Teile genau an! es sind zwei Teile mit eckigen Loch und ein Teil mit rundem. Hier solltest Du ganz sorgf\u00e4ltig kleben damit der winzige Stift der beide Seiten zusammenh\u00e4lt auch passt. Der Leim sollte 100% trocken sein bevor Du Teile verbindest.<\/p>\n<p><img decoding=\"async\" src=\"https:\/\/shop.katnook.de\/wp-content\/uploads\/2025\/06\/20230912_013329_0000_480x480.png?v=1694529325\" alt=\"\" \/><\/p>\n<p>Um Deckel und Box zu verbinden, fixierst Du beide Teile zuerst mit etwas Tape. Klebe die Scharniere mit ein wenig Leim, achte darauf das nichts \u00fcberquillt damit die Kiste sich nach dem trocknen noch \u00f6ffnen l\u00e4sst.<\/p>\n<p><img decoding=\"async\" src=\"https:\/\/shop.katnook.de\/wp-content\/uploads\/2025\/06\/20230912_011149_0000_480x480.jpg?v=1694528966\" alt=\"\" \/><\/p>\n<p>Bei dem Sarg mit der Spinnennetz-T\u00fcr klebst Du zuerst den Rahmen mit den Scharnieren auf.<\/p>\n<p><img decoding=\"async\" src=\"https:\/\/shop.katnook.de\/wp-content\/uploads\/2025\/06\/20230912_011241_0000_480x480.jpg?v=1694528980\" alt=\"\" \/><\/p>\n<p>Auch hier fixierst Du zuerst Deckel und Kiste mit Tape und klebst dann das Scharnier an der Regalbox fest.<\/p>\n<p><img decoding=\"async\" src=\"https:\/\/shop.katnook.de\/wp-content\/uploads\/2025\/06\/20230912_011400_0000_480x480.jpg?v=1694529695\" alt=\"\" \/><\/p>\n<p>Jetzt kannst Du die Kiste ganz nach Deinem Geschmack bemalen! Meine Spinnent\u00fcr hat einen rostigen Metall Look bekommen.<\/p>\n<p>Die Box mit dem geschlossen Deckel ist zum Monatsthema &#8222;Dia de los muertos&#8220; bunt und blumig geschm\u00fcckt.<\/p>\n<p><img decoding=\"async\" src=\"https:\/\/shop.katnook.de\/wp-content\/uploads\/2025\/06\/20230912_013401_0000_480x480.png?v=1694529709\" alt=\"\" \/><\/p>\n<p>Viel Spass beim basteln!<\/p>","protected":false},"excerpt":{"rendered":"<p>Du m\u00f6chtest Deine Design Box Basteln? Du brauchst noch folgende Dinge um loszulegen: scharfes Cutter-Messer Holzleim (Ponal Express benutze ich) [&hellip;]<\/p>\n","protected":false},"author":1,"featured_media":451,"parent":0,"menu_order":0,"comment_status":"open","ping_status":"open","template":"","meta":{"site-sidebar-layout":"default","site-content-layout":"","ast-site-content-layout":"default","site-content-style":"default","site-sidebar-style":"default","ast-global-header-display":"","ast-banner-title-visibility":"","ast-main-header-display":"","ast-hfb-above-header-display":"","ast-hfb-below-header-display":"","ast-hfb-mobile-header-display":"","site-post-title":"","ast-breadcrumbs-content":"","ast-featured-img":"","footer-sml-layout":"","ast-disable-related-posts":"","theme-transparent-header-meta":"","adv-header-id-meta":"","stick-header-meta":"","header-above-stick-meta":"","header-main-stick-meta":"","header-below-stick-meta":"","astra-migrate-meta-layouts":"default","ast-page-background-enabled":"default","ast-page-background-meta":{"desktop":{"background-color":"var(--ast-global-color-5)","background-image":"","background-repeat":"repeat","background-position":"center center","background-size":"auto","background-attachment":"scroll","background-type":"","background-media":"","overlay-type":"","overlay-color":"","overlay-opacity":"","overlay-gradient":""},"tablet":{"background-color":"","background-image":"","background-repeat":"repeat","background-position":"center center","background-size":"auto","background-attachment":"scroll","background-type":"","background-media":"","overlay-type":"","overlay-color":"","overlay-opacity":"","overlay-gradient":""},"mobile":{"background-color":"","background-image":"","background-repeat":"repeat","background-position":"center center","background-size":"auto","background-attachment":"scroll","background-type":"","background-media":"","overlay-type":"","overlay-color":"","overlay-opacity":"","overlay-gradient":""}},"ast-content-background-meta":{"desktop":{"background-color":"var(--ast-global-color-4)","background-image":"","background-repeat":"repeat","background-position":"center center","background-size":"auto","background-attachment":"scroll","background-type":"","background-media":"","overlay-type":"","overlay-color":"","overlay-opacity":"","overlay-gradient":""},"tablet":{"background-color":"var(--ast-global-color-4)","background-image":"","background-repeat":"repeat","background-position":"center center","background-size":"auto","background-attachment":"scroll","background-type":"","background-media":"","overlay-type":"","overlay-color":"","overlay-opacity":"","overlay-gradient":""},"mobile":{"background-color":"var(--ast-global-color-4)","background-image":"","background-repeat":"repeat","background-position":"center center","background-size":"auto","background-attachment":"scroll","background-type":"","background-media":"","overlay-type":"","overlay-color":"","overlay-opacity":"","overlay-gradient":""}},"footnotes":""},"class_list":["post-68","page","type-page","status-publish","has-post-thumbnail","hentry"],"_links":{"self":[{"href":"https:\/\/shop.katnook.de\/en\/wp-json\/wp\/v2\/pages\/68","targetHints":{"allow":["GET"]}}],"collection":[{"href":"https:\/\/shop.katnook.de\/en\/wp-json\/wp\/v2\/pages"}],"about":[{"href":"https:\/\/shop.katnook.de\/en\/wp-json\/wp\/v2\/types\/page"}],"author":[{"embeddable":true,"href":"https:\/\/shop.katnook.de\/en\/wp-json\/wp\/v2\/users\/1"}],"replies":[{"embeddable":true,"href":"https:\/\/shop.katnook.de\/en\/wp-json\/wp\/v2\/comments?post=68"}],"version-history":[{"count":10,"href":"https:\/\/shop.katnook.de\/en\/wp-json\/wp\/v2\/pages\/68\/revisions"}],"predecessor-version":[{"id":2652,"href":"https:\/\/shop.katnook.de\/en\/wp-json\/wp\/v2\/pages\/68\/revisions\/2652"}],"wp:featuredmedia":[{"embeddable":true,"href":"https:\/\/shop.katnook.de\/en\/wp-json\/wp\/v2\/media\/451"}],"wp:attachment":[{"href":"https:\/\/shop.katnook.de\/en\/wp-json\/wp\/v2\/media?parent=68"}],"curies":[{"name":"wp","href":"https:\/\/api.w.org\/{rel}","templated":true}]}}