{"id":67,"date":"2023-09-13T18:43:30","date_gmt":"2023-09-13T16:43:30","guid":{"rendered":"https:\/\/shop.katnook.de\/2023\/09\/13\/bauanleitung-standuhr\/"},"modified":"2025-11-29T22:39:55","modified_gmt":"2025-11-29T21:39:55","slug":"bauanleitung-standuhr","status":"publish","type":"page","link":"https:\/\/shop.katnook.de\/en\/bauanleitung-standuhr\/","title":{"rendered":"Assembly instructions grandfather clock"},"content":{"rendered":"<p data-mce-fragment=\"1\">Du hast die Teile vor Dir liegen und willst Dich ans Werk machen? Dann brauchst Du noch folgende Dinge:<\/p>\n<ul data-mce-fragment=\"1\">\n<li data-mce-fragment=\"1\">Bastelleim (mein Favorit: Ponal Express)<\/li>\n<li data-mce-fragment=\"1\">etwas Malerkrepp (wenn die Geduld zum Festhalten nicht ausreicht)<\/li>\n<li data-mce-fragment=\"1\">ein Tuch oder Klinge um \u00fcbersch\u00fcssigen Leim wegzuwischen<\/li>\n<li data-mce-fragment=\"1\">Acryl oder andere Holzfarben + Pinsel<\/li>\n<li data-mce-fragment=\"1\">zwei Zangen (um die Kette zu montieren)<\/li>\n<\/ul>\n<p data-mce-fragment=\"1\">Und dann k\u00f6nnen wir schon anfangen:<\/p>\n<p data-mce-fragment=\"1\">L\u00f6se zuerst die Teile aus die mit einer anderen Farbe bemalt werden sollen wie der Rest. Bei mir waren das Ziffernblatt und das Pendel.<\/p>\n<p data-mce-fragment=\"1\"><img decoding=\"async\" src=\"https:\/\/shop.katnook.de\/wp-content\/uploads\/2025\/06\/20230913_002634_0000_480x480.png?v=1694617640\" alt=\"\" \/><\/p>\n<p data-mce-fragment=\"1\">Dann kannst Du die Restlichen Teile streichen ohne aufzupassen. Ich habe mit einem nassen Pinsel eine d\u00fcnne braune Farbschicht aufgetragen.<\/p>\n<p data-mce-fragment=\"1\"><img decoding=\"async\" src=\"https:\/\/shop.katnook.de\/wp-content\/uploads\/2025\/06\/20230913_002557_0000_480x480.png?v=1694617657\" alt=\"\" \/><\/p>\n<p data-mce-fragment=\"1\">Und nach dem Trocknen eine Schicht mit stark verd\u00fcnnter schwarzer Farbe (washing)<\/p>\n<p data-mce-fragment=\"1\"><img decoding=\"async\" src=\"https:\/\/shop.katnook.de\/wp-content\/uploads\/2025\/06\/20230913_002229_0000_480x480.png?v=1694617677\" alt=\"\" \/><\/p>\n<p data-mce-fragment=\"1\">Nach dem trocknen kannst Du die Restlichen Teile aus dem Bogen l\u00f6sen. Benutze unbedingt eine Klinge daf\u00fcr damit das d\u00fcnne Holz nicht bricht oder ausrei\u00dft.<\/p>\n<p data-mce-fragment=\"1\"><img decoding=\"async\" src=\"https:\/\/shop.katnook.de\/wp-content\/uploads\/2025\/06\/20230913_002157_0000_480x480.png?v=1694617700\" alt=\"\" \/><\/p>\n<p data-mce-fragment=\"1\">Ich beginne mit dem mittleren Teil der Uhr<\/p>\n<p data-mce-fragment=\"1\"><img decoding=\"async\" src=\"https:\/\/shop.katnook.de\/wp-content\/uploads\/2025\/06\/20230913_002125_0000_480x480.png?v=1694617809\" alt=\"\" \/><\/p>\n<p data-mce-fragment=\"1\">und beklebe zuerst den Pendel mit den zwei runden Teilen, so sieht das Pendel sp\u00e4ter aus als k\u00f6nnte es tats\u00e4chlich schwingen.<\/p>\n<p data-mce-fragment=\"1\"><img decoding=\"async\" src=\"https:\/\/shop.katnook.de\/wp-content\/uploads\/2025\/06\/20230913_002522_0000_480x480.png?v=1694617752\" alt=\"\" \/><img decoding=\"async\" src=\"https:\/\/shop.katnook.de\/wp-content\/uploads\/2025\/06\/BlogBeitrag_20230913_002438_0000_480x480.png?v=1694617765\" alt=\"\" data-mce-fragment=\"1\" \/><\/p>\n<p data-mce-fragment=\"1\">Pendel und die Kettenteile habe ich mit einem Kupfer bemalt.<img decoding=\"async\" src=\"https:\/\/shop.katnook.de\/wp-content\/uploads\/2025\/06\/20230913_002040_0000_480x480.png?v=1694617839\" alt=\"\" \/><\/p>\n<p data-mce-fragment=\"1\">Stecke bzw. klebe dann das Teil mit den L\u00f6chern an. So herum das die L\u00f6cher, so wie auf dem Foto zu sehen, vor dem Pendel sitzen.<\/p>\n<p data-mce-fragment=\"1\"><img decoding=\"async\" src=\"https:\/\/shop.katnook.de\/wp-content\/uploads\/2025\/06\/20230913_001952_0000_480x480.png?v=1694617852\" alt=\"\" \/><\/p>\n<p data-mce-fragment=\"1\">Bei den Seitenteilen achte darauf das die schmale Seite zur Front zeigt!<\/p>\n<p data-mce-fragment=\"1\"><img decoding=\"async\" src=\"https:\/\/shop.katnook.de\/wp-content\/uploads\/2025\/06\/20230913_001852_0000_480x480.png?v=1694617869\" alt=\"\" \/><\/p>\n<p data-mce-fragment=\"1\">Zum Schluss nur noch die Bodenplatte aufkleben&#8230;<\/p>\n<p data-mce-fragment=\"1\"><img decoding=\"async\" src=\"https:\/\/shop.katnook.de\/wp-content\/uploads\/2025\/06\/20230913_001812_0000_480x480.png?v=1694619216\" alt=\"\" data-mce-fragment=\"1\" \/><\/p>\n<p data-mce-fragment=\"1\">und mit Geduld trocknen lassen!<\/p>\n<p data-mce-fragment=\"1\"><img decoding=\"async\" src=\"https:\/\/shop.katnook.de\/wp-content\/uploads\/2025\/06\/20230913_001732_0000_480x480.png?v=1694619267\" alt=\"\" \/><\/p>\n<p data-mce-fragment=\"1\">F\u00fcr die Kette brauchst Du zwei Zangen um die Spaltringe aufzubiegen<\/p>\n<p data-mce-fragment=\"1\"><img decoding=\"async\" src=\"https:\/\/shop.katnook.de\/wp-content\/uploads\/2025\/06\/20230913_001651_0000_480x480.png?v=1694619255\" alt=\"\" \/><\/p>\n<p data-mce-fragment=\"1\">Du f\u00e4delst die Kette durch die beiden L\u00f6cher in Deckel,<\/p>\n<p data-mce-fragment=\"1\"><img decoding=\"async\" src=\"https:\/\/shop.katnook.de\/wp-content\/uploads\/2025\/06\/20230913_001613_0000_480x480.png?v=1694619278\" alt=\"\" \/><\/p>\n<p data-mce-fragment=\"1\">h\u00e4ngst die die kleinen Teile (falls Du weist wie sie heissen, bitte unten in die Kommentare DANKE!) ein und biegst die Ringe wieder zusammen.<\/p>\n<p data-mce-fragment=\"1\"><img decoding=\"async\" src=\"https:\/\/shop.katnook.de\/wp-content\/uploads\/2025\/06\/20230913_001537_0000_480x480.png?v=1694619295\" alt=\"\" \/><\/p>\n<p data-mce-fragment=\"1\">Dann kannst Du mit der unteren Box weiter machen.<\/p>\n<p data-mce-fragment=\"1\"><img decoding=\"async\" src=\"https:\/\/shop.katnook.de\/wp-content\/uploads\/2025\/06\/20230913_001400_0000_480x480.png?v=1694619340\" alt=\"\" \/><\/p>\n<p data-mce-fragment=\"1\">Auch hier achte wieder darauf das die Seitenteile so angebracht sind, da\u00df die schmale Einsteckseite zur Front zeigt.<\/p>\n<p data-mce-fragment=\"1\"><img decoding=\"async\" src=\"https:\/\/shop.katnook.de\/wp-content\/uploads\/2025\/06\/20230913_001326_0000_480x480.png?v=1694620000\" alt=\"\" \/><\/p>\n<p data-mce-fragment=\"1\">zum Schluss klebst Du noch die Bodenplatte auf. Sie steht vorne und an den Seiten \u00fcber, wie eine kleine Stufe.<\/p>\n<p data-mce-fragment=\"1\"><img decoding=\"async\" src=\"https:\/\/shop.katnook.de\/wp-content\/uploads\/2025\/06\/20230913_000852_0000_480x480.png?v=1694620022\" alt=\"\" \/><\/p>\n<p data-mce-fragment=\"1\">Als n\u00e4chstes bemalst Du die Uhr mit einer gew\u00fcnschten Farbe. Ich habe ein Kupfer gew\u00e4hlt, wie f\u00fcr das Pendel.<\/p>\n<p data-mce-fragment=\"1\"><img decoding=\"async\" src=\"https:\/\/shop.katnook.de\/wp-content\/uploads\/2025\/06\/20230913_001505_0000_480x480.png?v=1694619358\" alt=\"\" \/><\/p>\n<p data-mce-fragment=\"1\">Um die Zahlen wieder hervorzuheben habe ich mit stark verd\u00fcnnten Schwarz (washing) \u00fcber gestrichen.<\/p>\n<p data-mce-fragment=\"1\"><img decoding=\"async\" src=\"https:\/\/shop.katnook.de\/wp-content\/uploads\/2025\/06\/20230913_001437_0000_480x480.png?v=1694619371\" alt=\"\" \/><\/p>\n<p data-mce-fragment=\"1\">Nach dem trocknen war mir das Ziffernplatt zu dunkel. Um das zu beheben habe ich mit einem trockenem Pinsel, ganz wenig Farbe aufgenommen und sie aufgetupft.<\/p>\n<p data-mce-fragment=\"1\">Jetzt kannst Du die letzte Box, genauso wie die ersten Beiden zusammenbauen.<\/p>\n<p data-mce-fragment=\"1\"><img decoding=\"async\" src=\"https:\/\/shop.katnook.de\/wp-content\/uploads\/2025\/06\/20230913_001253_0000_480x480.png?v=1694620063\" alt=\"\" \/><\/p>\n<p data-mce-fragment=\"1\">Das Loch im Boden ist daf\u00fcr das die Kette sich noch bewegen l\u00e4sst, es sollte (wie die L\u00f6cher der ander Box) dicht zur Front liegen.<\/p>\n<p data-mce-fragment=\"1\"><img decoding=\"async\" src=\"https:\/\/shop.katnook.de\/wp-content\/uploads\/2025\/06\/20230913_001214_0000_480x480.png?v=1694622321\" alt=\"\" \/><\/p>\n<p data-mce-fragment=\"1\">Bevor Du den Deckel und die R\u00fcckwand anklebst, klebst Du noch das Ziffernblatt ein.<\/p>\n<p data-mce-fragment=\"1\"><img decoding=\"async\" src=\"https:\/\/shop.katnook.de\/wp-content\/uploads\/2025\/06\/20230913_001142_0000_480x480.png?v=1694622332\" alt=\"\" \/><\/p>\n<p data-mce-fragment=\"1\">Nun kannst Du auch schon die drei Boxen zusammen kleben.<\/p>\n<p data-mce-fragment=\"1\"><img decoding=\"async\" src=\"https:\/\/shop.katnook.de\/wp-content\/uploads\/2025\/06\/20230913_001053_0000_480x480.png?v=1694622352\" alt=\"\" \/><\/p>\n<p data-mce-fragment=\"1\">Setze sie so aufeinander das die R\u00fcckseite in einer Linie verl\u00e4uft damit sie sp\u00e4ter gut an eine Wand geklebt werden kann.<\/p>\n<p data-mce-fragment=\"1\"><img decoding=\"async\" src=\"https:\/\/shop.katnook.de\/wp-content\/uploads\/2025\/06\/20230913_001009_0000_480x480.png?v=1694622367\" alt=\"\" \/><\/p>\n<p data-mce-fragment=\"1\">Zum Schluss klebst Du nur noch den Deckel auf und die &#8222;H\u00f6rner&#8220; auf.<\/p>\n<p data-mce-fragment=\"1\"><img decoding=\"async\" src=\"https:\/\/shop.katnook.de\/wp-content\/uploads\/2025\/06\/20230913_000928_0000_480x480.png?v=1694622379\" alt=\"\" \/><\/p>\n<p data-mce-fragment=\"1\">Und die Standuhr ist so gut wie fertig.<\/p>\n<p data-mce-fragment=\"1\">Ich habe zum Schluss noch mehr Details gemalt indem ich mit einem trockenem Pinsel mit sehr wenig Farbe (heller Braunton) Highligts rein gewischt habe und mit einem Gelbton die scharfen Kanten betupft habe.<\/p>\n<p data-mce-fragment=\"1\">Viel Spass beim basteln!<\/p>\n<p data-mce-fragment=\"1\">","protected":false},"excerpt":{"rendered":"<p>Du hast die Teile vor Dir liegen und willst Dich ans Werk machen? Dann brauchst Du noch folgende Dinge: Bastelleim [&hellip;]<\/p>\n","protected":false},"author":1,"featured_media":325,"parent":0,"menu_order":0,"comment_status":"open","ping_status":"open","template":"","meta":{"site-sidebar-layout":"default","site-content-layout":"","ast-site-content-layout":"default","site-content-style":"default","site-sidebar-style":"default","ast-global-header-display":"","ast-banner-title-visibility":"","ast-main-header-display":"","ast-hfb-above-header-display":"","ast-hfb-below-header-display":"","ast-hfb-mobile-header-display":"","site-post-title":"","ast-breadcrumbs-content":"","ast-featured-img":"","footer-sml-layout":"","ast-disable-related-posts":"","theme-transparent-header-meta":"","adv-header-id-meta":"","stick-header-meta":"","header-above-stick-meta":"","header-main-stick-meta":"","header-below-stick-meta":"","astra-migrate-meta-layouts":"default","ast-page-background-enabled":"default","ast-page-background-meta":{"desktop":{"background-color":"var(--ast-global-color-5)","background-image":"","background-repeat":"repeat","background-position":"center center","background-size":"auto","background-attachment":"scroll","background-type":"","background-media":"","overlay-type":"","overlay-color":"","overlay-opacity":"","overlay-gradient":""},"tablet":{"background-color":"","background-image":"","background-repeat":"repeat","background-position":"center center","background-size":"auto","background-attachment":"scroll","background-type":"","background-media":"","overlay-type":"","overlay-color":"","overlay-opacity":"","overlay-gradient":""},"mobile":{"background-color":"","background-image":"","background-repeat":"repeat","background-position":"center center","background-size":"auto","background-attachment":"scroll","background-type":"","background-media":"","overlay-type":"","overlay-color":"","overlay-opacity":"","overlay-gradient":""}},"ast-content-background-meta":{"desktop":{"background-color":"var(--ast-global-color-4)","background-image":"","background-repeat":"repeat","background-position":"center center","background-size":"auto","background-attachment":"scroll","background-type":"","background-media":"","overlay-type":"","overlay-color":"","overlay-opacity":"","overlay-gradient":""},"tablet":{"background-color":"var(--ast-global-color-4)","background-image":"","background-repeat":"repeat","background-position":"center center","background-size":"auto","background-attachment":"scroll","background-type":"","background-media":"","overlay-type":"","overlay-color":"","overlay-opacity":"","overlay-gradient":""},"mobile":{"background-color":"var(--ast-global-color-4)","background-image":"","background-repeat":"repeat","background-position":"center center","background-size":"auto","background-attachment":"scroll","background-type":"","background-media":"","overlay-type":"","overlay-color":"","overlay-opacity":"","overlay-gradient":""}},"footnotes":""},"class_list":["post-67","page","type-page","status-publish","has-post-thumbnail","hentry"],"_links":{"self":[{"href":"https:\/\/shop.katnook.de\/en\/wp-json\/wp\/v2\/pages\/67","targetHints":{"allow":["GET"]}}],"collection":[{"href":"https:\/\/shop.katnook.de\/en\/wp-json\/wp\/v2\/pages"}],"about":[{"href":"https:\/\/shop.katnook.de\/en\/wp-json\/wp\/v2\/types\/page"}],"author":[{"embeddable":true,"href":"https:\/\/shop.katnook.de\/en\/wp-json\/wp\/v2\/users\/1"}],"replies":[{"embeddable":true,"href":"https:\/\/shop.katnook.de\/en\/wp-json\/wp\/v2\/comments?post=67"}],"version-history":[{"count":10,"href":"https:\/\/shop.katnook.de\/en\/wp-json\/wp\/v2\/pages\/67\/revisions"}],"predecessor-version":[{"id":2653,"href":"https:\/\/shop.katnook.de\/en\/wp-json\/wp\/v2\/pages\/67\/revisions\/2653"}],"wp:featuredmedia":[{"embeddable":true,"href":"https:\/\/shop.katnook.de\/en\/wp-json\/wp\/v2\/media\/325"}],"wp:attachment":[{"href":"https:\/\/shop.katnook.de\/en\/wp-json\/wp\/v2\/media?parent=67"}],"curies":[{"name":"wp","href":"https:\/\/api.w.org\/{rel}","templated":true}]}}