{"id":38,"date":"2025-06-21T15:47:54","date_gmt":"2025-06-21T13:47:54","guid":{"rendered":"https:\/\/shop.katnook.de\/inspiration\/"},"modified":"2025-06-21T15:47:54","modified_gmt":"2025-06-21T13:47:54","slug":"inspiration","status":"publish","type":"page","link":"https:\/\/shop.katnook.de\/en\/inspiration\/","title":{"rendered":"Inspiration"},"content":{"rendered":"<p>Zu sehen was Du aus meinen Baus\u00e4tzen zauberst, Deine Kreativit\u00e4t mit meiner verbindest ist der Antrieb f\u00fcr meine Arbeit. Miniaturkunst verbindet uns und Deine Ideen machen meine Ideen erst vollkommen und zu Kunst.<\/p>\n<p>Und wenn das dann noch im Web festgehalten wird, macht mich das sehr gl\u00fccklich und sorgt f\u00fcr noch mehr neue Ideen und somit auch neue Baus\u00e4tze und Miniaturen. INFINITY <in deutsch=\"\" f=\"\" mir=\"\" nix=\"\" ein=\"\" was=\"\" es=\"\" besser=\"\" beschreibt=\"\"> <\/in><\/p>\n<p>Klick Dich durch und lasse Dich inspirieren.<\/p>\n<p>\u00a0<\/p>\n<p><a href=\"\/en\/blogs\/miniaturisten-berichten\/meine-reise-in-die-welt-der-miniaturen-mit-katnook\/\" target=\"_blank\" title=\"meine Reise mit Katnook\" rel=\"noopener noreferrer\" aria-label=\"Besuchen Sie eine Webseite \u00fcber meine Reise mit Katnook\"><img decoding=\"async\" src=\"https:\/\/katnook.eu\/cdn\/shop\/files\/20220714_141613_480x480.webp?v=1707762544\" alt=\"Bericht Gertrude\" style=\"display: block; margin-left: auto; margin-right: auto;\" data-original=\"https:\/\/cdn.shopify.com\/s\/files\/1\/0659\/6185\/3157\/files\/20220714_141613_480x480.jpg?v=1676482048\" loading=\"lazy\"><\/a><\/p>\n<p><a href=\"https:\/\/everythingverysmall.com\/a-book-nook-insert-i-got-me-a-fantastic-one-a-review\/\" title=\"Lizzys Blog\" aria-label=\"Besuchen Sie eine Webseite \u00fcber Lizzys Blog\"><img decoding=\"async\" src=\"https:\/\/katnook.eu\/cdn\/shop\/files\/Screenshot_2022-09-06_at_20-21-05_A_Book_Nook_Insert_-_I_Got_Me_A_Fantastic_One_-_A_Review_-_Welcome_To_My_World_Of_Dollhouses_And_Miniatures_480x480.webp?v=1707762538\" alt=\"Inspiration\" style=\"display: block; margin-left: auto; margin-right: auto;\" data-original=\"https:\/\/cdn.shopify.com\/s\/files\/1\/0659\/6185\/3157\/files\/Screenshot_2022-09-06_at_20-21-05_A_Book_Nook_Insert_-_I_Got_Me_A_Fantastic_One_-_A_Review_-_Welcome_To_My_World_Of_Dollhouses_And_Miniatures_480x480.png?v=1662488574\" loading=\"lazy\"><\/a><\/p>\n<p><a href=\"http:\/\/www.wordsbycharles.com\/2022\/01\/the-tiny-library-its-magical-place.html\" title=\"Charles Blog\" aria-label=\"Besuchen Sie eine Webseite \u00fcber Charles Blog\"><img decoding=\"async\" src=\"https:\/\/katnook.eu\/cdn\/shop\/files\/Screenshot_2022-09-06_at_20-20-09_The_Tiny_Library_--_It_s_a_Magical_Place_480x480.webp?v=1707762533\" alt=\"Inspiration\" style=\"display: block; margin-left: auto; margin-right: auto;\" data-original=\"https:\/\/cdn.shopify.com\/s\/files\/1\/0659\/6185\/3157\/files\/Screenshot_2022-09-06_at_20-20-09_The_Tiny_Library_--_It_s_a_Magical_Place_480x480.png?v=1662488554\" loading=\"lazy\"><\/a><\/p>\n<p><a href=\"https:\/\/labibliothequedaelinel.com\/2021\/09\/18\/mon-booknook\/\" title=\"La Bibliotheque dAelinel\" aria-label=\"Besuchen Sie eine Webseite \u00fcber La Bibliotheque dAelinel\"><img decoding=\"async\" src=\"https:\/\/katnook.eu\/cdn\/shop\/files\/Screenshot_2022-09-06_at_20-18-17_Mon_Booknook_Il_etait_une_fois_480x480.png?v=1662488519\" alt=\"Inspiration\" style=\"display: block; margin-left: auto; margin-right: auto;\" data-original=\"https:\/\/cdn.shopify.com\/s\/files\/1\/0659\/6185\/3157\/files\/Screenshot_2022-09-06_at_20-18-17_Mon_Booknook_Il_etait_une_fois_480x480.png?v=1662488519\" loading=\"lazy\"><\/a>Mit Gertrude habe ich immer einen netten Austausch. <a href=\"https:\/\/www.pinterest.de\/pin\/224476362668975388\/sent\/?invite_code=ed81eac27ce745209e67eef52aa34691&#038;sender=224476500085232868&#038;sfo=1\" target=\"_blank\" title=\"Gertrude Impressionen\" rel=\"noopener noreferrer\" aria-label=\"Besuchen Sie eine Webseite \u00fcber Gertrude Impressionen\">Ein paar kreative Werke kannst Du hier sehen. <\/a><\/p>\n<p>Myriam ist eine sehr treue Kundin mit zauberhaften Ideen wie <a href=\"https:\/\/www.pinterest.de\/pin\/224476362668975477\/sent\/?invite_code=6034c5a2b8cc4132abf11efa9dba0d52&#038;sender=224476500085232868&#038;sfo=1\" target=\"_blank\" title=\"Miniatur Diorama Antiquariat\" rel=\"noopener noreferrer\" aria-label=\"Besuchen Sie eine Webseite \u00fcber Miniatur Diorama Antiquariat\">Du hier sehen kannst.<\/a><\/p>\n<p>Iris hat auf meinen Aufruf reagiert und unterst\u00fctzt mich mit ihrer Kreativit\u00e4t. Und das macht sie einfach toll, <a href=\"https:\/\/www.pinterest.de\/pin\/224476362668975510\/sent\/?invite_code=af5ed85ea19941d2ae2fd56aa36d5f93&#038;sender=224476500085232868&#038;sfo=1\" target=\"_blank\" title=\"Iris Diorama\" rel=\"noopener noreferrer\" aria-label=\"Besuchen Sie eine Webseite \u00fcber Iris Diorama\">schau es Dir hier an.<\/a><\/p>\n<p>Anne hat viel Kreativit\u00e4t und Arbeit in dieses wunderbare Diorama gesteckt. <a href=\"https:\/\/www.pinterest.de\/pin\/224476362668975526\/sent\/?invite_code=b7650dba5ed74bfc8f0de7d2d8ae82f1&#038;sender=224476500085232868&#038;sfo=1\" target=\"_blank\" title=\"Zauberrei Miniatur Diorama\" rel=\"noopener noreferrer\" aria-label=\"Besuchen Sie eine Webseite \u00fcber Zauberrei Miniatur Diorama\">Schau Dir diese wundervollen Details an!<\/a><\/p>\n<!-- \/wp:post-content --><!-- wp:paragraph \/--> <!-- wp:buttons -->\n<div class=\"wp-block-buttons\"><!-- wp:button --><\/div>\n<div class=\"wp-block-buttons\"><!-- \/wp:button --><\/div>\n<!-- \/wp:buttons --> <!-- wp:buttons -->\n<div class=\"wp-block-buttons\"><!-- wp:button --><\/div>\n<p>\u00a0<\/p><!-- \/wp:button -->","protected":false},"excerpt":{"rendered":"<p>Zu sehen was Du aus meinen Baus\u00e4tzen zauberst, Deine Kreativit\u00e4t mit meiner verbindest ist der Antrieb f\u00fcr meine Arbeit. Miniaturkunst [&hellip;]<\/p>\n","protected":false},"author":1,"featured_media":0,"parent":0,"menu_order":0,"comment_status":"closed","ping_status":"closed","template":"","meta":{"site-sidebar-layout":"default","site-content-layout":"","ast-site-content-layout":"default","site-content-style":"default","site-sidebar-style":"default","ast-global-header-display":"","ast-banner-title-visibility":"","ast-main-header-display":"","ast-hfb-above-header-display":"","ast-hfb-below-header-display":"","ast-hfb-mobile-header-display":"","site-post-title":"","ast-breadcrumbs-content":"","ast-featured-img":"","footer-sml-layout":"","ast-disable-related-posts":"","theme-transparent-header-meta":"","adv-header-id-meta":"","stick-header-meta":"","header-above-stick-meta":"","header-main-stick-meta":"","header-below-stick-meta":"","astra-migrate-meta-layouts":"default","ast-page-background-enabled":"default","ast-page-background-meta":{"desktop":{"background-color":"var(--ast-global-color-5)","background-image":"","background-repeat":"repeat","background-position":"center center","background-size":"auto","background-attachment":"scroll","background-type":"","background-media":"","overlay-type":"","overlay-color":"","overlay-opacity":"","overlay-gradient":""},"tablet":{"background-color":"","background-image":"","background-repeat":"repeat","background-position":"center center","background-size":"auto","background-attachment":"scroll","background-type":"","background-media":"","overlay-type":"","overlay-color":"","overlay-opacity":"","overlay-gradient":""},"mobile":{"background-color":"","background-image":"","background-repeat":"repeat","background-position":"center center","background-size":"auto","background-attachment":"scroll","background-type":"","background-media":"","overlay-type":"","overlay-color":"","overlay-opacity":"","overlay-gradient":""}},"ast-content-background-meta":{"desktop":{"background-color":"var(--ast-global-color-4)","background-image":"","background-repeat":"repeat","background-position":"center center","background-size":"auto","background-attachment":"scroll","background-type":"","background-media":"","overlay-type":"","overlay-color":"","overlay-opacity":"","overlay-gradient":""},"tablet":{"background-color":"var(--ast-global-color-4)","background-image":"","background-repeat":"repeat","background-position":"center center","background-size":"auto","background-attachment":"scroll","background-type":"","background-media":"","overlay-type":"","overlay-color":"","overlay-opacity":"","overlay-gradient":""},"mobile":{"background-color":"var(--ast-global-color-4)","background-image":"","background-repeat":"repeat","background-position":"center center","background-size":"auto","background-attachment":"scroll","background-type":"","background-media":"","overlay-type":"","overlay-color":"","overlay-opacity":"","overlay-gradient":""}},"footnotes":""},"class_list":["post-38","page","type-page","status-publish","hentry"],"_links":{"self":[{"href":"https:\/\/shop.katnook.de\/en\/wp-json\/wp\/v2\/pages\/38","targetHints":{"allow":["GET"]}}],"collection":[{"href":"https:\/\/shop.katnook.de\/en\/wp-json\/wp\/v2\/pages"}],"about":[{"href":"https:\/\/shop.katnook.de\/en\/wp-json\/wp\/v2\/types\/page"}],"author":[{"embeddable":true,"href":"https:\/\/shop.katnook.de\/en\/wp-json\/wp\/v2\/users\/1"}],"replies":[{"embeddable":true,"href":"https:\/\/shop.katnook.de\/en\/wp-json\/wp\/v2\/comments?post=38"}],"version-history":[{"count":0,"href":"https:\/\/shop.katnook.de\/en\/wp-json\/wp\/v2\/pages\/38\/revisions"}],"wp:attachment":[{"href":"https:\/\/shop.katnook.de\/en\/wp-json\/wp\/v2\/media?parent=38"}],"curies":[{"name":"wp","href":"https:\/\/api.w.org\/{rel}","templated":true}]}}