{"id":27,"date":"2025-06-21T15:47:52","date_gmt":"2025-06-21T13:47:52","guid":{"rendered":"https:\/\/shop.katnook.de\/bauanleitung-roombox-mit-treppe\/"},"modified":"2025-06-21T15:47:52","modified_gmt":"2025-06-21T13:47:52","slug":"bauanleitung-roombox-mit-treppe","status":"publish","type":"page","link":"https:\/\/shop.katnook.de\/en\/bauanleitung-roombox-mit-treppe\/","title":{"rendered":"Building instructions Roombox with stairs"},"content":{"rendered":"<p>Um diese Roombox zusammen zu bauen ben\u00f6tigst Du<\/p>\n<ul>\n<li>Holzleim<\/li>\n<li>Klebestift<\/li>\n<li>Fixiertape<\/li>\n<li>Acrylfarben<\/li>\n<li>Schere<\/li>\n<li>Pinsel<\/li>\n<li>Cuttermesser<\/li>\n<\/ul>\n<p><img decoding=\"async\" src=\"https:\/\/katnook.eu\/cdn\/shop\/files\/IMG-20220903-WA0010_480x480.webp?v=1707762597\" alt=\"Bauanleitung Roombox mit Treppe\" data-original=\"https:\/\/cdn.shopify.com\/s\/files\/1\/0659\/6185\/3157\/files\/IMG-20220903-WA0010_480x480.jpg?v=1662571739\" loading=\"lazy\"><\/p>\n<p>Zuerst beklebst Du die W\u00e4nde, Boden und Decke oder bemalst sie nach Deinen Vorstellungen. Damit das Papier hier keine Wellen schl\u00e4gt, solltest Du einen Klebestift verwenden und keinen Fl\u00fcssigkleber.<\/p>\n<p><img decoding=\"async\" src=\"https:\/\/katnook.eu\/cdn\/shop\/files\/IMG-20220903-WA0008_480x480.webp?v=1707762594\" alt=\"Bauanleitung Roombox mit Treppe\" data-original=\"https:\/\/cdn.shopify.com\/s\/files\/1\/0659\/6185\/3157\/files\/IMG-20220903-WA0008_480x480.jpg?v=1662571942\" loading=\"lazy\"><\/p>\n<p>Nachdem der Kleber getrocknet ist und Du das \u00fcberstehende Material abgeschnitten hast, kannst Du den Boden mit der R\u00fcckwand und der rechten Seitenwand (die mit dem Schlitz f\u00fcr die Treppenwand) verkleben.<\/p>\n<p><img decoding=\"async\" src=\"https:\/\/katnook.eu\/cdn\/shop\/files\/IMG-20220903-WA0005_480x480.webp?v=1707762593\" alt=\"Bauanleitung Roombox mit Treppe\" data-original=\"https:\/\/cdn.shopify.com\/s\/files\/1\/0659\/6185\/3157\/files\/IMG-20220903-WA0005_480x480.jpg?v=1662572113\" loading=\"lazy\"><\/p>\n<p>Damit die T\u00fcr sp\u00e4ter nicht aus den Angeln f\u00e4llt, klebst entweder einen kleinen Steg \u00fcber die \u00d6ffnung (wie hier im Bild) oder den beigelegten ungravierten T\u00fcrrahmen.<\/p>\n<p><img decoding=\"async\" src=\"https:\/\/katnook.eu\/cdn\/shop\/files\/IMG-20220903-WA0007_480x480.webp?v=1707762589\" alt=\"Bauanleitung Roombox mit Treppe\" data-original=\"https:\/\/cdn.shopify.com\/s\/files\/1\/0659\/6185\/3157\/files\/IMG-20220903-WA0007_480x480.jpg?v=1662572251\" loading=\"lazy\"><\/p>\n<p>Dannach Tapezierst Du die Vorderseite und klebst den T\u00fcrrahmen mit Leim auf. Achte darauf das der T\u00fcrrahmen rechts b\u00fcndig, mit der unteren Kante der Wand, abschlie\u00dft und links 4mm Platz ist um das Treppenst\u00fcck im Boden einzusetzen.<\/p>\n<p><img decoding=\"async\" src=\"https:\/\/katnook.eu\/cdn\/shop\/files\/IMG-20220903-WA0009_480x480.webp?v=1707762586\" alt=\"Bauanleitung Roombox mit Treppe\" data-original=\"https:\/\/cdn.shopify.com\/s\/files\/1\/0659\/6185\/3157\/files\/IMG-20220903-WA0009_480x480.jpg?v=1662572461\" loading=\"lazy\"><\/p>\n<p>Setze die T\u00fcr an ihren Platz und stecke die Zwischenwand jetzt im Boden und Seitenteil ein und an die R\u00fcckwand leimst Du das Gegenst\u00fcck.<\/p>\n<p><img decoding=\"async\" src=\"https:\/\/katnook.eu\/cdn\/shop\/files\/IMG-20220903-WA0015_480x480.jpg?v=1662572690\" alt=\"Bauanleitung Roombox mit Treppe\" data-original=\"https:\/\/cdn.shopify.com\/s\/files\/1\/0659\/6185\/3157\/files\/IMG-20220903-WA0015_480x480.jpg?v=1662572690\" loading=\"lazy\"><\/p>\n<p>Zuerst bemalst Du die Treppenteile und steckst sie dann zwischen die beiden W\u00e4nde. Achte darauf das Du die Teile so herum einsetzt das Du eine gerade\u00a0 Fl\u00e4che f\u00fcr die Stufen hast.<\/p>\n<p><img decoding=\"async\" src=\"https:\/\/katnook.eu\/cdn\/shop\/files\/IMG-20220903-WA0013_480x480.webp?v=1707762582\" alt=\"Bauanleitung Roombox mit Treppe\" data-original=\"https:\/\/cdn.shopify.com\/s\/files\/1\/0659\/6185\/3157\/files\/IMG-20220903-WA0013_480x480.jpg?v=1662572866\" loading=\"lazy\"><\/p>\n<p>Als n\u00e4chstes klebst Du die Stufen auf und setz die Gel\u00e4nder-Tr\u00e4ger ein.<\/p>\n<p><img decoding=\"async\" src=\"https:\/\/katnook.eu\/cdn\/shop\/files\/IMG-20220903-WA0012_480x480.webp?v=1707762579\" alt=\"Bauanleitung Roombox mit Treppe\" data-original=\"https:\/\/cdn.shopify.com\/s\/files\/1\/0659\/6185\/3157\/files\/IMG-20220903-WA0012_480x480.jpg?v=1662573402\" loading=\"lazy\"><\/p>\n<p>Die letzten Schritte wiederholst Du an der kleinen Treppe.<\/p>\n<p><img decoding=\"async\" src=\"https:\/\/katnook.eu\/cdn\/shop\/files\/IMG-20220903-WA0014_480x480.webp?v=1707762577\" alt=\"Bauanleitung Roombox mit Treppe\" data-original=\"https:\/\/cdn.shopify.com\/s\/files\/1\/0659\/6185\/3157\/files\/IMG-20220903-WA0014_480x480.jpg?v=1662573471\" loading=\"lazy\"><\/p>\n<p>Holz ist ein lebendiger Werkstoff und passt manchmal nicht 100Prozentig. Solltest Du bei der unteren Treppe das Gef\u00fchl bekommen das zu viel L\u00fccken enstehen wenn Du die Seitenw\u00e4nde nicht zusammen presst. Fixiere beide Au\u00dfenw\u00e4nde mit Tape solange der Kleber trocknet.<\/p>\n<p>Jetzt nur noch jeweil die beiden gleichen Gl\u00e4nderteile zusammenkleben und nach dem trocknen auf die Gel\u00e4nderhalter kleben und mit Tape fixieren.<\/p>\n<p><img decoding=\"async\" src=\"https:\/\/katnook.eu\/cdn\/shop\/files\/PSX_20220907_201437_480x480.webp?v=1707762574\" alt=\"Bauanleitung Roombox mit Treppe\" data-original=\"https:\/\/cdn.shopify.com\/s\/files\/1\/0659\/6185\/3157\/files\/PSX_20220907_201437_480x480.jpg?v=1662574567\" loading=\"lazy\"><\/p>\n<p>Wo Du und ob Du die zweite T\u00fcr dekorierst kannst Du frei entscheiden.<\/p>\n<p>Jetzt viel Freude beim dekorieren Deines Dioramas.<\/p>\n<p>\u00a0<\/p>","protected":false},"excerpt":{"rendered":"<p>Um diese Roombox zusammen zu bauen ben\u00f6tigst Du Holzleim Klebestift Fixiertape Acrylfarben Schere Pinsel Cuttermesser Zuerst beklebst Du die W\u00e4nde, [&hellip;]<\/p>\n","protected":false},"author":1,"featured_media":0,"parent":0,"menu_order":0,"comment_status":"closed","ping_status":"closed","template":"","meta":{"site-sidebar-layout":"default","site-content-layout":"","ast-site-content-layout":"default","site-content-style":"default","site-sidebar-style":"default","ast-global-header-display":"","ast-banner-title-visibility":"","ast-main-header-display":"","ast-hfb-above-header-display":"","ast-hfb-below-header-display":"","ast-hfb-mobile-header-display":"","site-post-title":"","ast-breadcrumbs-content":"","ast-featured-img":"","footer-sml-layout":"","ast-disable-related-posts":"","theme-transparent-header-meta":"","adv-header-id-meta":"","stick-header-meta":"","header-above-stick-meta":"","header-main-stick-meta":"","header-below-stick-meta":"","astra-migrate-meta-layouts":"default","ast-page-background-enabled":"default","ast-page-background-meta":{"desktop":{"background-color":"var(--ast-global-color-5)","background-image":"","background-repeat":"repeat","background-position":"center center","background-size":"auto","background-attachment":"scroll","background-type":"","background-media":"","overlay-type":"","overlay-color":"","overlay-opacity":"","overlay-gradient":""},"tablet":{"background-color":"","background-image":"","background-repeat":"repeat","background-position":"center center","background-size":"auto","background-attachment":"scroll","background-type":"","background-media":"","overlay-type":"","overlay-color":"","overlay-opacity":"","overlay-gradient":""},"mobile":{"background-color":"","background-image":"","background-repeat":"repeat","background-position":"center center","background-size":"auto","background-attachment":"scroll","background-type":"","background-media":"","overlay-type":"","overlay-color":"","overlay-opacity":"","overlay-gradient":""}},"ast-content-background-meta":{"desktop":{"background-color":"var(--ast-global-color-4)","background-image":"","background-repeat":"repeat","background-position":"center center","background-size":"auto","background-attachment":"scroll","background-type":"","background-media":"","overlay-type":"","overlay-color":"","overlay-opacity":"","overlay-gradient":""},"tablet":{"background-color":"var(--ast-global-color-4)","background-image":"","background-repeat":"repeat","background-position":"center center","background-size":"auto","background-attachment":"scroll","background-type":"","background-media":"","overlay-type":"","overlay-color":"","overlay-opacity":"","overlay-gradient":""},"mobile":{"background-color":"var(--ast-global-color-4)","background-image":"","background-repeat":"repeat","background-position":"center center","background-size":"auto","background-attachment":"scroll","background-type":"","background-media":"","overlay-type":"","overlay-color":"","overlay-opacity":"","overlay-gradient":""}},"footnotes":""},"class_list":["post-27","page","type-page","status-publish","hentry"],"_links":{"self":[{"href":"https:\/\/shop.katnook.de\/en\/wp-json\/wp\/v2\/pages\/27","targetHints":{"allow":["GET"]}}],"collection":[{"href":"https:\/\/shop.katnook.de\/en\/wp-json\/wp\/v2\/pages"}],"about":[{"href":"https:\/\/shop.katnook.de\/en\/wp-json\/wp\/v2\/types\/page"}],"author":[{"embeddable":true,"href":"https:\/\/shop.katnook.de\/en\/wp-json\/wp\/v2\/users\/1"}],"replies":[{"embeddable":true,"href":"https:\/\/shop.katnook.de\/en\/wp-json\/wp\/v2\/comments?post=27"}],"version-history":[{"count":0,"href":"https:\/\/shop.katnook.de\/en\/wp-json\/wp\/v2\/pages\/27\/revisions"}],"wp:attachment":[{"href":"https:\/\/shop.katnook.de\/en\/wp-json\/wp\/v2\/media?parent=27"}],"curies":[{"name":"wp","href":"https:\/\/api.w.org\/{rel}","templated":true}]}}