{"id":2058,"date":"2025-07-05T16:14:09","date_gmt":"2025-07-05T14:14:09","guid":{"rendered":"https:\/\/shop.katnook.de\/?page_id=2058"},"modified":"2025-12-07T17:05:34","modified_gmt":"2025-12-07T16:05:34","slug":"home","status":"publish","type":"page","link":"https:\/\/shop.katnook.de\/en\/","title":{"rendered":"Home"},"content":{"rendered":"\n<h1 class=\"wp-block-heading\"><\/h1>\n\n\n\n<figure class=\"wp-block-image size-large is-resized\"><img loading=\"lazy\" decoding=\"async\" width=\"1024\" height=\"271\" src=\"https:\/\/shop.katnook.de\/wp-content\/uploads\/2025\/11\/HeaderKatnook-1024x271.png\" alt=\"Header KatNook\" class=\"wp-image-2294\" style=\"width:1200px;height:auto\" srcset=\"https:\/\/shop.katnook.de\/wp-content\/uploads\/2025\/11\/HeaderKatnook-1024x271.png 1024w, https:\/\/shop.katnook.de\/wp-content\/uploads\/2025\/11\/HeaderKatnook-300x79.png 300w, https:\/\/shop.katnook.de\/wp-content\/uploads\/2025\/11\/HeaderKatnook-768x203.png 768w, https:\/\/shop.katnook.de\/wp-content\/uploads\/2025\/11\/HeaderKatnook-1536x406.png 1536w, https:\/\/shop.katnook.de\/wp-content\/uploads\/2025\/11\/HeaderKatnook-2048x542.png 2048w, https:\/\/shop.katnook.de\/wp-content\/uploads\/2025\/11\/HeaderKatnook-600x159.png 600w, https:\/\/shop.katnook.de\/wp-content\/uploads\/2025\/11\/HeaderKatnook-150x40.png 150w\" sizes=\"auto, (max-width: 1024px) 100vw, 1024px\" \/><\/figure>\n\n\n\n<p><\/p>\n\n\n\n<div style=\"display: flex; justify-content: center; gap: 36px; flex-wrap: wrap; margin: 40px 0;\">\n  <div style=\"text-align: center;\">\n    <img decoding=\"async\" src=\"https:\/\/shop.katnook.de\/wp-content\/uploads\/2025\/11\/YoutubeButton.png\" alt=\"Story 1\" style=\"width: 110px; height: 110px; border-radius: 50%; border: 3px solid #E4C395; box-shadow: 0 2px 14px rgba(36,48,66,0.10); margin-bottom: 12px;\">\n    <br>\n    <a href=\"https:\/\/www.youtube.com\/@katnookde4784\" style=\"color: #243042; font-family: 'Nunito Sans', Arial, sans-serif; font-weight: bold; text-decoration: none;\">Bastel-Videos<\/a>\n  <\/div>\n  <div style=\"text-align: center;\">\n    <img decoding=\"async\" src=\"https:\/\/shop.katnook.de\/wp-content\/uploads\/2025\/11\/BuecherButton.png\" alt=\"Story 2\" style=\"width: 110px; height: 110px; border-radius: 50%; border: 3px solid #E4C395; box-shadow: 0 2px 14px rgba(36,48,66,0.10); margin-bottom: 12px;\">\n    <br>\n    <a href=\"https:\/\/shop.katnook.de\/bastelbuecher-und-andere-buecher-von-katrin-schilke\/\" style=\"color: #243042; font-family: 'Nunito Sans', Arial, sans-serif; font-weight: bold; text-decoration: none;\">Bastelb\u00fccher<\/a>\n  <\/div>\n  <div style=\"text-align: center;\">\n    <img decoding=\"async\" src=\"https:\/\/shop.katnook.de\/wp-content\/uploads\/2025\/11\/PapercutButton.png\" alt=\"Story 3\" style=\"width: 110px; height: 110px; border-radius: 50%; border: 3px solid #E4C395; box-shadow: 0 2px 14px rgba(36,48,66,0.10); margin-bottom: 12px;\">\n    <br>\n    <a href=\"https:\/\/shop.katnook.de\/produkt-kategorie\/miniaturen-aus-papier\/\" style=\"color: #243042; font-family: 'Nunito Sans', Arial, sans-serif; font-weight: bold; text-decoration: none;\">Papier Download<\/a>\n  <\/div>\n  <div style=\"text-align: center;\">\n    <img decoding=\"async\" src=\"https:\/\/shop.katnook.de\/wp-content\/uploads\/2025\/11\/SVGButton.png\" alt=\"Story 4\" style=\"width: 110px; height: 110px; border-radius: 50%; border: 3px solid #E4C395; box-shadow: 0 2px 14px rgba(36,48,66,0.10); margin-bottom: 12px;\">\n    <br>\n    <a href=\"https:\/\/shop.katnook.de\/produkt-kategorie\/svg-cut-miniarturen\/\" style=\"color: #243042; font-family: 'Nunito Sans', Arial, sans-serif; font-weight: bold; text-decoration: none;\">SVG Download<\/a>\n  <\/div>\n<\/div>\n\n\n\n<h2 class=\"wp-block-heading\">Willkommen, kreative Seele!<\/h2>\n\n\n\n<p>Hier, zwischen Papierfl\u00fcstern und digitalen Zauberfunken, sammle ich seit Jahren alles, was zu klein ist, um normal zu wirken \u2013 und zu magisch, um ignoriert zu werden.<\/p>\n\n\n\n<p>Was dich erwartet?<br>\u2728 <strong>Druckbare Basteldateien<\/strong> \u2013 f\u00fcr alle, die mit Schere, Kleber und etwas Mut kleine Welten erschaffen.<br>\u2728 <strong>SVG-Lasercut-Zauberei<\/strong> \u2013 pr\u00e4zise genug, um selbst winzige Abenteuer auszuschneiden.<br>\u2728 <strong>Kunst direkt aus meinem Kopf<\/strong> \u2013 manchmal wild, manchmal wundersam, immer echt.<\/p>\n\n\n\n<p>Tauch ein, st\u00f6ber herum, lass dich verzaubern \u2026 und bastel dir deine eigene Miniaturmagie.<\/p>\n\n\n\n<p>kreative Gr\u00fc\u00dfe<\/p>\n\n\n\n<p><strong>Katrin<\/strong><\/p>\n\n\n\n<p><code>    <div class=\"kg-gallery rsbg-gallery rsbg-theme-light\">\r\n      <div class=\"kg-main\">\r\n        <a class=\"kg-main-link\" href=\"#\" target=\"_blank\" rel=\"noopener noreferrer\">\r\n          <img decoding=\"async\" class=\"kg-main-img\" src=\"\" alt=\"\">\r\n        <\/a>\r\n        <button class=\"kg-nav kg-prev\" type=\"button\" aria-label=\"Vorheriges Bild\">\r\n          &#10094;\r\n        <\/button>\r\n        <button class=\"kg-nav kg-next\" type=\"button\" aria-label=\"N\u00e4chstes Bild\">\r\n          &#10095;\r\n        <\/button>\r\n      <\/div>\r\n\r\n      <div class=\"kg-thumbs\">\r\n                  <button class=\"kg-thumb\" type=\"button\"\r\n            data-src=\"https:\/\/shop.katnook.de\/wp-content\/uploads\/2025\/12\/71kYECayAVL._SL1293_.jpg\"\r\n            data-alt=\"\"\r\n            data-link=\"https:\/\/amzn.eu\/d\/e3Tli2I\"\r\n            data-index=\"0\">\r\n            <img\r\n              src=\"https:\/\/shop.katnook.de\/wp-content\/uploads\/2025\/12\/71kYECayAVL._SL1293_.jpg\"\r\n              alt=\"\"\r\n              loading=\"lazy\"\r\n              decoding=\"async\"\r\n            >\r\n          <\/button>\r\n                  <button class=\"kg-thumb\" type=\"button\"\r\n            data-src=\"https:\/\/shop.katnook.de\/wp-content\/uploads\/2025\/12\/BuchumschlagDeutsch.jpg\"\r\n            data-alt=\"\"\r\n            data-link=\"https:\/\/amzn.eu\/d\/5kkftS2\"\r\n            data-index=\"1\">\r\n            <img\r\n              src=\"https:\/\/shop.katnook.de\/wp-content\/uploads\/2025\/12\/BuchumschlagDeutsch.jpg\"\r\n              alt=\"\"\r\n              loading=\"lazy\"\r\n              decoding=\"async\"\r\n            >\r\n          <\/button>\r\n                  <button class=\"kg-thumb\" type=\"button\"\r\n            data-src=\"https:\/\/shop.katnook.de\/wp-content\/uploads\/2025\/12\/WinterbottomBuchCover.jpg\"\r\n            data-alt=\"\"\r\n            data-link=\"https:\/\/amzn.eu\/d\/6bSwF4t\"\r\n            data-index=\"2\">\r\n            <img\r\n              src=\"https:\/\/shop.katnook.de\/wp-content\/uploads\/2025\/12\/WinterbottomBuchCover.jpg\"\r\n              alt=\"\"\r\n              loading=\"lazy\"\r\n              decoding=\"async\"\r\n            >\r\n          <\/button>\r\n                  <button class=\"kg-thumb\" type=\"button\"\r\n            data-src=\"https:\/\/shop.katnook.de\/wp-content\/uploads\/2025\/12\/BuchumschlagRomantic2_480x480.webp\"\r\n            data-alt=\"\"\r\n            data-link=\"https:\/\/amzn.eu\/d\/b9Ci8Cf\"\r\n            data-index=\"3\">\r\n            <img\r\n              src=\"https:\/\/shop.katnook.de\/wp-content\/uploads\/2025\/12\/BuchumschlagRomantic2_480x480.webp\"\r\n              alt=\"\"\r\n              loading=\"lazy\"\r\n              decoding=\"async\"\r\n            >\r\n          <\/button>\r\n                  <button class=\"kg-thumb\" type=\"button\"\r\n            data-src=\"https:\/\/shop.katnook.de\/wp-content\/uploads\/2025\/12\/BuchumschlagMagischeBibliothek1_480x480.webp\"\r\n            data-alt=\"\"\r\n            data-link=\"https:\/\/amzn.eu\/d\/7P2sh1W\"\r\n            data-index=\"4\">\r\n            <img\r\n              src=\"https:\/\/shop.katnook.de\/wp-content\/uploads\/2025\/12\/BuchumschlagMagischeBibliothek1_480x480.webp\"\r\n              alt=\"\"\r\n              loading=\"lazy\"\r\n              decoding=\"async\"\r\n            >\r\n          <\/button>\r\n                  <button class=\"kg-thumb\" type=\"button\"\r\n            data-src=\"https:\/\/shop.katnook.de\/wp-content\/uploads\/2025\/12\/BuchumschlagMeer2_480x480.webp\"\r\n            data-alt=\"\"\r\n            data-link=\"https:\/\/amzn.eu\/d\/6zlpZyG\"\r\n            data-index=\"5\">\r\n            <img\r\n              src=\"https:\/\/shop.katnook.de\/wp-content\/uploads\/2025\/12\/BuchumschlagMeer2_480x480.webp\"\r\n              alt=\"\"\r\n              loading=\"lazy\"\r\n              decoding=\"async\"\r\n            >\r\n          <\/button>\r\n                  <button class=\"kg-thumb\" type=\"button\"\r\n            data-src=\"https:\/\/shop.katnook.de\/wp-content\/uploads\/2025\/12\/BuchumschlagRost2_480x480.webp\"\r\n            data-alt=\"\"\r\n            data-link=\"https:\/\/amzn.eu\/d\/aUnD3uT\"\r\n            data-index=\"6\">\r\n            <img\r\n              src=\"https:\/\/shop.katnook.de\/wp-content\/uploads\/2025\/12\/BuchumschlagRost2_480x480.webp\"\r\n              alt=\"\"\r\n              loading=\"lazy\"\r\n              decoding=\"async\"\r\n            >\r\n          <\/button>\r\n                  <button class=\"kg-thumb\" type=\"button\"\r\n            data-src=\"https:\/\/shop.katnook.de\/wp-content\/uploads\/2025\/12\/CoverKatzen2_480x480.webp\"\r\n            data-alt=\"\"\r\n            data-link=\"https:\/\/amzn.eu\/d\/bQbo56T\"\r\n            data-index=\"7\">\r\n            <img\r\n              src=\"https:\/\/shop.katnook.de\/wp-content\/uploads\/2025\/12\/CoverKatzen2_480x480.webp\"\r\n              alt=\"\"\r\n              loading=\"lazy\"\r\n              decoding=\"async\"\r\n            >\r\n          <\/button>\r\n              <\/div>\r\n\r\n      <!-- Lightbox -->\r\n      <div class=\"rsbg-lightbox\" aria-hidden=\"true\">\r\n        <div class=\"rsbg-lightbox-backdrop\"><\/div>\r\n        <div class=\"rsbg-lightbox-content\">\r\n          <button class=\"rsbg-lightbox-close\" type=\"button\" aria-label=\"Schlie\u00dfen\">&times;<\/button>\r\n          <img decoding=\"async\" class=\"rsbg-lightbox-img\" src=\"\" alt=\"\">\r\n        <\/div>\r\n      <\/div>\r\n    <\/div>\r\n\r\n    <style>\r\n      \/* Gallery Block *\/\r\n      .kg-gallery.rsbg-gallery {\r\n        max-width: 1100px;\r\n        margin: 2rem auto;\r\n        box-sizing: border-box;\r\n      }\r\n\r\n      \/* White \/ Dark \/ Minimal Block-Hintergrund *\/\r\n      .rsbg-theme-light.rsbg-gallery {\r\n        background: #ffffff;\r\n        padding: 1.5rem;\r\n        border-radius: 16px;\r\n        box-shadow: 0 8px 30px rgba(0,0,0,0.06);\r\n        color: #222;\r\n      }\r\n      .rsbg-theme-dark.rsbg-gallery {\r\n        background: #111111;\r\n        padding: 1.5rem;\r\n        border-radius: 16px;\r\n        box-shadow: 0 8px 30px rgba(0,0,0,0.4);\r\n        color: #f5f5f5;\r\n      }\r\n      .rsbg-theme-minimal.rsbg-gallery {\r\n        background: transparent;\r\n        padding: 0;\r\n        border-radius: 0;\r\n        box-shadow: none;\r\n        color: inherit;\r\n      }\r\n\r\n      .kg-main {\r\n        position: relative;\r\n        background: #ffffff; \/* immer wei\u00df hinter dem Bild *\/\r\n        border-radius: 12px;\r\n        overflow: hidden;\r\n      }\r\n      .kg-main-link {\r\n        display: block;\r\n        width: 100%;\r\n        height: 100%;\r\n      }\r\n      .kg-main-img {\r\n        display: block;\r\n        width: 100%;\r\n        height: auto;\r\n        max-height: 500px;\r\n        object-fit: contain;\r\n        background: #ffffff;\r\n      }\r\n\r\n      .kg-nav {\r\n        position: absolute;\r\n        top: 50%;\r\n        transform: translateY(-50%);\r\n        border: none;\r\n        width: 42px;\r\n        height: 42px;\r\n        border-radius: 999px;\r\n        background: rgba(0, 0, 0, 0.8);\r\n        color: #fff;\r\n        font-size: 1.6rem;\r\n        display: flex;\r\n        align-items: center;\r\n        justify-content: center;\r\n        cursor: pointer;\r\n        z-index: 2;\r\n        transition: background 0.2s ease, transform 0.1s ease;\r\n      }\r\n      .kg-nav:hover {\r\n        background: rgba(0, 0, 0, 1);\r\n        transform: translateY(-50%) scale(1.05);\r\n      }\r\n      @media (min-width: 769px) {\r\n        .kg-prev { left: 12px; }\r\n        .kg-next { right: 12px; }\r\n      }\r\n      @media (max-width: 768px) {\r\n        .kg-prev { left: 8px; }\r\n        .kg-next { right: 8px; }\r\n      }\r\n\r\n      \/* Thumbnails UNTER dem Hauptbild, nebeneinander *\/\r\n      .kg-thumbs {\r\n        margin-top: 1.2rem;\r\n        display: flex;\r\n        flex-wrap: wrap;\r\n        gap: 0.75rem;\r\n        justify-content: center;\r\n      }\r\n      .kg-thumb {\r\n        border: none;\r\n        padding: 0;\r\n        background: none;\r\n        cursor: pointer;\r\n        border-radius: 10px;\r\n        position: relative;\r\n        flex: 0 0 60px;\r\n      }\r\n      .kg-thumb img {\r\n        display: block;\r\n        width: 100%;\r\n        height: auto;\r\n        border-radius: 10px;\r\n        filter: blur(4px) grayscale(0.3);\r\n        opacity: 0.6;\r\n        transform: scale(0.95);\r\n        transition:\r\n          filter 0.2s ease,\r\n          opacity 0.2s ease,\r\n          transform 0.2s ease,\r\n          box-shadow 0.2s ease;\r\n      }\r\n      .kg-thumb.is-active img {\r\n        filter: none;\r\n        opacity: 1;\r\n        transform: scale(1);\r\n        box-shadow:\r\n          0 0 0 2px rgba(255, 255, 255, 0.85),\r\n          0 10px 24px rgba(0, 0, 0, 0.4);\r\n      }\r\n\r\n      \/* Lightbox *\/\r\n      .rsbg-lightbox {\r\n        position: fixed;\r\n        inset: 0;\r\n        display: none;\r\n        align-items: center;\r\n        justify-content: center;\r\n        z-index: 9999;\r\n      }\r\n      .rsbg-lightbox.is-open {\r\n        display: flex;\r\n      }\r\n      .rsbg-lightbox-backdrop {\r\n        position: absolute;\r\n        inset: 0;\r\n        background: rgba(0, 0, 0, 0.8);\r\n      }\r\n      .rsbg-lightbox-content {\r\n        position: relative;\r\n        max-width: 90vw;\r\n        max-height: 90vh;\r\n        z-index: 1;\r\n      }\r\n      .rsbg-lightbox-img {\r\n        display: block;\r\n        max-width: 100%;\r\n        max-height: 90vh;\r\n        border-radius: 8px;\r\n      }\r\n      .rsbg-lightbox-close {\r\n        position: absolute;\r\n        top: -12px;\r\n        right: -12px;\r\n        border: none;\r\n        width: 32px;\r\n        height: 32px;\r\n        border-radius: 999px;\r\n        background: #fff;\r\n        color: #000;\r\n        font-size: 20px;\r\n        cursor: pointer;\r\n        box-shadow: 0 4px 10px rgba(0,0,0,0.4);\r\n      }\r\n    <\/style>\r\n\r\n    <script>\r\n      (function(){\r\n        var openLightboxGallery = null;\r\n\r\n        function initGallery(gallery) {\r\n          var mainImg   = gallery.querySelector('.kg-main-img');\r\n          var mainLink  = gallery.querySelector('.kg-main-link');\r\n          var thumbs    = Array.prototype.slice.call(gallery.querySelectorAll('.kg-thumb'));\r\n          var prevBtn   = gallery.querySelector('.kg-prev');\r\n          var nextBtn   = gallery.querySelector('.kg-next');\r\n          var touchArea = gallery.querySelector('.kg-main');\r\n\r\n          var lightbox         = gallery.querySelector('.rsbg-lightbox');\r\n          var lightboxImg      = lightbox ? lightbox.querySelector('.rsbg-lightbox-img') : null;\r\n          var lightboxClose    = lightbox ? lightbox.querySelector('.rsbg-lightbox-close') : null;\r\n          var lightboxBackdrop = lightbox ? lightbox.querySelector('.rsbg-lightbox-backdrop') : null;\r\n\r\n          if (!thumbs.length || !mainImg || !mainLink) return;\r\n\r\n          var currentIndex = 0;\r\n\r\n          function showSlide(index) {\r\n            if (index < 0) index = thumbs.length - 1;\r\n            if (index >= thumbs.length) index = 0;\r\n            currentIndex = index;\r\n\r\n            var activeThumb = thumbs[currentIndex];\r\n            var src  = activeThumb.getAttribute('data-src');\r\n            var alt  = activeThumb.getAttribute('data-alt') || '';\r\n            var link = activeThumb.getAttribute('data-link') || '#';\r\n\r\n            if (src) {\r\n              mainImg.src = src;\r\n            }\r\n            mainImg.alt   = alt;\r\n            mainLink.href = link;\r\n\r\n            thumbs.forEach(function(thumb, i) {\r\n              if (i === currentIndex) {\r\n                thumb.classList.add('is-active');\r\n              } else {\r\n                thumb.classList.remove('is-active');\r\n              }\r\n            });\r\n          }\r\n\r\n          thumbs.forEach(function(thumb, index) {\r\n            thumb.addEventListener('click', function() {\r\n              showSlide(index);\r\n            });\r\n          });\r\n\r\n          if (prevBtn) {\r\n            prevBtn.addEventListener('click', function() {\r\n              showSlide(currentIndex - 1);\r\n            });\r\n          }\r\n          if (nextBtn) {\r\n            nextBtn.addEventListener('click', function() {\r\n              showSlide(currentIndex + 1);\r\n            });\r\n          }\r\n\r\n          var touchStartX = 0;\r\n          var touchEndX   = 0;\r\n\r\n          if (touchArea) {\r\n            touchArea.addEventListener('touchstart', function(e) {\r\n              if (!e.changedTouches || !e.changedTouches.length) return;\r\n              touchStartX = e.changedTouches[0].screenX;\r\n            });\r\n\r\n            touchArea.addEventListener('touchend', function(e) {\r\n              if (!e.changedTouches || !e.changedTouches.length) return;\r\n              touchEndX = e.changedTouches[0].screenX;\r\n              var deltaX = touchEndX - touchStartX;\r\n              if (Math.abs(deltaX) < 40) return;\r\n              if (deltaX < 0) showSlide(currentIndex + 1);\r\n              else showSlide(currentIndex - 1);\r\n            });\r\n          }\r\n\r\n          \/\/ Lightbox beim Klick auf gro\u00dfes Bild\r\n          if (lightbox && lightboxImg) {\r\n            mainLink.addEventListener('click', function(e) {\r\n              \/\/ Normale Link-Funktion bei Strg\/Mittelklick etc. beibehalten\r\n              if (e.metaKey || e.ctrlKey || e.shiftKey || e.altKey || e.button === 1) {\r\n                return;\r\n              }\r\n              e.preventDefault();\r\n              lightboxImg.src = mainImg.src;\r\n              lightboxImg.alt = mainImg.alt || '';\r\n              lightbox.classList.add('is-open');\r\n              lightbox.setAttribute('aria-hidden', 'false');\r\n              openLightboxGallery = gallery;\r\n            });\r\n\r\n            function closeLightbox() {\r\n              if (!lightbox) return;\r\n              lightbox.classList.remove('is-open');\r\n              lightbox.setAttribute('aria-hidden', 'true');\r\n              openLightboxGallery = null;\r\n            }\r\n\r\n            if (lightboxClose) {\r\n              lightboxClose.addEventListener('click', function() {\r\n                closeLightbox();\r\n              });\r\n            }\r\n            if (lightboxBackdrop) {\r\n              lightboxBackdrop.addEventListener('click', function() {\r\n                closeLightbox();\r\n              });\r\n            }\r\n\r\n            document.addEventListener('keydown', function(e) {\r\n              if (e.key === 'Escape' || e.key === 'Esc') {\r\n                if (openLightboxGallery === gallery) {\r\n                  closeLightbox();\r\n                }\r\n              }\r\n            });\r\n          }\r\n\r\n          showSlide(0);\r\n        }\r\n\r\n        document.addEventListener('DOMContentLoaded', function() {\r\n          var galleries = document.querySelectorAll('.rsbg-gallery');\r\n          Array.prototype.forEach.call(galleries, initGallery);\r\n        });\r\n      })();\r\n    <\/script>\r\n    <\/code><\/p>\n\n\n\n<p><\/p>\n\n\n\n<p><\/p>\n\n\n\n<p><\/p>\n\n\n\n<p><\/p>\n\n\n\n<p><\/p>\n\n\n\n<p><\/p>\n\n\n\n<p>Magische Miniature Files f\u00fcr deine Bastelprojekte <a href=\"\/shop\/\">Jetzt st\u00f6bern<\/a><\/p>\n\n\n\n<p class=\"has-luminous-vivid-amber-background-color has-background\"><\/p>\n\n\n\n<p><\/p>\n","protected":false},"excerpt":{"rendered":"<p>Moin und herzlich willkommen auf meiner kreativen Reise!<br \/>Als leidenschaftliche Miniaturk\u00fcnstlerin habe ich mich in den letzten Jahren der detailreichen Welt der Miniaturen gewidmet, wobei die digitale Arbeit schon immer ein wesentlicher Bestandteil meiner Arbeit war. Nun freue ich mich, dir eine Vielzahl an einzigartigen, digitalen Produkten anzubieten, die ich \u00fcber die Jahre gesammelt und perfektioniert habe.<br \/>Hier findest du:<br \/><strong>Basteldateien zum Ausdrucken und Basteln:<\/strong> Perfekt f\u00fcr DIY-Enthusiasten, die ihre eigenen Miniaturprojekte realisieren m\u00f6chten.<br \/><strong>SVG Lasercut Dateien f\u00fcr Miniaturen:<\/strong> Hochpr\u00e4zise Dateien f\u00fcr Laserschneider, um deine Miniaturtr\u00e4ume wahr werden zu lassen.<br \/><strong>Kunst:<\/strong> Einblicke in die Kunst, die einen direkten Kanal aus meinem Kopf gefunden hat.<br \/>Tauche ein in meine faszinierende Miniaturwelt und lass deiner Kreativit\u00e4t freien Lauf. Viel Spa\u00df beim Entdecken, Gestalten und Basteln!<br \/>Abonniere meinen Newsletter wenn Du auf dem Laufenden bleiben m\u00f6chtest oder schau meine neu Kategorie ShortNews an.<br \/>Creative greetings<br \/>Katrin<\/p>","protected":false},"author":1,"featured_media":0,"parent":0,"menu_order":0,"comment_status":"closed","ping_status":"closed","template":"","meta":{"site-sidebar-layout":"default","site-content-layout":"","ast-site-content-layout":"default","site-content-style":"default","site-sidebar-style":"default","ast-global-header-display":"","ast-banner-title-visibility":"","ast-main-header-display":"","ast-hfb-above-header-display":"","ast-hfb-below-header-display":"","ast-hfb-mobile-header-display":"","site-post-title":"disabled","ast-breadcrumbs-content":"","ast-featured-img":"","footer-sml-layout":"","ast-disable-related-posts":"","theme-transparent-header-meta":"","adv-header-id-meta":"","stick-header-meta":"","header-above-stick-meta":"","header-main-stick-meta":"","header-below-stick-meta":"","astra-migrate-meta-layouts":"default","ast-page-background-enabled":"default","ast-page-background-meta":{"desktop":{"background-color":"var(--ast-global-color-5)","background-image":"","background-repeat":"repeat","background-position":"center center","background-size":"auto","background-attachment":"scroll","background-type":"","background-media":"","overlay-type":"","overlay-color":"","overlay-opacity":"","overlay-gradient":""},"tablet":{"background-color":"","background-image":"","background-repeat":"repeat","background-position":"center center","background-size":"auto","background-attachment":"scroll","background-type":"","background-media":"","overlay-type":"","overlay-color":"","overlay-opacity":"","overlay-gradient":""},"mobile":{"background-color":"","background-image":"","background-repeat":"repeat","background-position":"center center","background-size":"auto","background-attachment":"scroll","background-type":"","background-media":"","overlay-type":"","overlay-color":"","overlay-opacity":"","overlay-gradient":""}},"ast-content-background-meta":{"desktop":{"background-color":"var(--ast-global-color-4)","background-image":"","background-repeat":"repeat","background-position":"center center","background-size":"auto","background-attachment":"scroll","background-type":"","background-media":"","overlay-type":"","overlay-color":"","overlay-opacity":"","overlay-gradient":""},"tablet":{"background-color":"var(--ast-global-color-4)","background-image":"","background-repeat":"repeat","background-position":"center center","background-size":"auto","background-attachment":"scroll","background-type":"","background-media":"","overlay-type":"","overlay-color":"","overlay-opacity":"","overlay-gradient":""},"mobile":{"background-color":"var(--ast-global-color-4)","background-image":"","background-repeat":"repeat","background-position":"center center","background-size":"auto","background-attachment":"scroll","background-type":"","background-media":"","overlay-type":"","overlay-color":"","overlay-opacity":"","overlay-gradient":""}},"footnotes":""},"class_list":["post-2058","page","type-page","status-publish","hentry"],"_links":{"self":[{"href":"https:\/\/shop.katnook.de\/en\/wp-json\/wp\/v2\/pages\/2058","targetHints":{"allow":["GET"]}}],"collection":[{"href":"https:\/\/shop.katnook.de\/en\/wp-json\/wp\/v2\/pages"}],"about":[{"href":"https:\/\/shop.katnook.de\/en\/wp-json\/wp\/v2\/types\/page"}],"author":[{"embeddable":true,"href":"https:\/\/shop.katnook.de\/en\/wp-json\/wp\/v2\/users\/1"}],"replies":[{"embeddable":true,"href":"https:\/\/shop.katnook.de\/en\/wp-json\/wp\/v2\/comments?post=2058"}],"version-history":[{"count":9,"href":"https:\/\/shop.katnook.de\/en\/wp-json\/wp\/v2\/pages\/2058\/revisions"}],"predecessor-version":[{"id":2689,"href":"https:\/\/shop.katnook.de\/en\/wp-json\/wp\/v2\/pages\/2058\/revisions\/2689"}],"wp:attachment":[{"href":"https:\/\/shop.katnook.de\/en\/wp-json\/wp\/v2\/media?parent=2058"}],"curies":[{"name":"wp","href":"https:\/\/api.w.org\/{rel}","templated":true}]}}